{"id":5102,"date":"2025-08-29T09:06:00","date_gmt":"2025-08-29T09:06:00","guid":{"rendered":"https:\/\/hidral.com\/?page_id=5102"},"modified":"2025-09-10T08:16:34","modified_gmt":"2025-09-10T08:16:34","slug":"buscamos-talento","status":"publish","type":"page","link":"https:\/\/hidral.com\/fr\/buscamos-talento\/","title":{"rendered":"Nous recherchons des talents"},"content":{"rendered":"\t\t<div data-elementor-type=\"wp-page\" data-elementor-id=\"5102\" class=\"elementor elementor-5102\" data-elementor-post-type=\"page\">\n\t\t\t\t<div class=\"elementor-element elementor-element-99e543b e-con-full e-flex e-con e-parent\" data-id=\"99e543b\" data-element_type=\"container\" data-e-type=\"container\" data-settings=\"{&quot;background_background&quot;:&quot;classic&quot;}\">\n\t\t<div class=\"elementor-element elementor-element-5d496e3 e-con-full e-flex e-con e-child\" data-id=\"5d496e3\" data-element_type=\"container\" data-e-type=\"container\">\n\t\t\t\t<div class=\"elementor-element elementor-element-f7dd4da elementor-widget elementor-widget-heading\" data-id=\"f7dd4da\" data-element_type=\"widget\" data-e-type=\"widget\" data-widget_type=\"heading.default\">\n\t\t\t\t<div class=\"elementor-widget-container\">\n\t\t\t\t\t<h2 class=\"elementor-heading-title elementor-size-default\">En Hidral apostamos <br>por el talento<\/h2>\t\t\t\t<\/div>\n\t\t\t\t<\/div>\n\t\t\t\t<div class=\"elementor-element elementor-element-da49015 elementor-widget elementor-widget-heading\" data-id=\"da49015\" data-element_type=\"widget\" data-e-type=\"widget\" data-widget_type=\"heading.default\">\n\t\t\t\t<div class=\"elementor-widget-container\">\n\t\t\t\t\t<h2 class=\"elementor-heading-title elementor-size-default\">\u00danete a nuestro equipo y juntos seguiremos en ascenso<\/h2>\t\t\t\t<\/div>\n\t\t\t\t<\/div>\n\t\t\t\t<div class=\"elementor-element elementor-element-27aeada elementor-widget elementor-widget-text-editor\" data-id=\"27aeada\" data-element_type=\"widget\" data-e-type=\"widget\" data-widget_type=\"text-editor.default\">\n\t\t\t\t<div class=\"elementor-widget-container\">\n\t\t\t\t\t\t\t\t\t<p>En Hidral, llevamos m\u00e1s de 50 a\u00f1os construyendo soluciones de elevaci\u00f3n que mueven el mundo. Lo que empez\u00f3 como una empresa familiar se ha convertido en un referente global, y todo gracias a un equipo de profesionales que se atreve a ir m\u00e1s all\u00e1.<\/p>\t\t\t\t\t\t\t\t<\/div>\n\t\t\t\t<\/div>\n\t\t\t\t<\/div>\n\t\t<div class=\"elementor-element elementor-element-380959f e-con-full e-flex e-con e-child\" data-id=\"380959f\" data-element_type=\"container\" data-e-type=\"container\">\n\t\t\t\t<div class=\"elementor-element elementor-element-af675f2 elementor-button-align-stretch elementor-widget elementor-widget-form\" data-id=\"af675f2\" data-element_type=\"widget\" data-e-type=\"widget\" data-settings=\"{&quot;step_next_label&quot;:&quot;Siguiente&quot;,&quot;step_previous_label&quot;:&quot;Anterior&quot;,&quot;button_width&quot;:&quot;100&quot;,&quot;step_type&quot;:&quot;number_text&quot;,&quot;step_icon_shape&quot;:&quot;circle&quot;}\" data-widget_type=\"form.default\">\n\t\t\t\t<div class=\"elementor-widget-container\">\n\t\t\t\t\t\t\t<form class=\"elementor-form\" method=\"post\" name=\"Nuevo formulario\" aria-label=\"Nuevo formulario\">\n\t\t\t<input type=\"hidden\" name=\"post_id\" value=\"5102\"\/>\n\t\t\t<input type=\"hidden\" name=\"form_id\" value=\"af675f2\"\/>\n\t\t\t<input type=\"hidden\" name=\"referer_title\" value=\"Hidral\" \/>\n\n\t\t\t\n\t\t\t<div class=\"elementor-form-fields-wrapper elementor-labels-above\">\n\t\t\t\t\t\t\t\t<div class=\"elementor-field-type-text elementor-field-group elementor-column elementor-field-group-name elementor-col-100 elementor-field-required\">\n\t\t\t\t\t\t\t\t\t\t\t\t\t<input size=\"1\" type=\"text\" name=\"form_fields[name]\" id=\"form-field-name\" class=\"elementor-field elementor-size-sm  elementor-field-textual\" placeholder=\"Nombre y apellidos\" required=\"required\">\n\t\t\t\t\t\t\t\t\t\t\t<\/div>\n\t\t\t\t\t\t\t\t<div class=\"elementor-field-type-email elementor-field-group elementor-column elementor-field-group-email elementor-col-100 elementor-field-required\">\n\t\t\t\t\t\t\t\t\t\t\t\t\t<input size=\"1\" type=\"email\" name=\"form_fields[email]\" id=\"form-field-email\" class=\"elementor-field elementor-size-sm  elementor-field-textual\" placeholder=\"Correo electr\u00f3nico\" required=\"required\">\n\t\t\t\t\t\t\t\t\t\t\t<\/div>\n\t\t\t\t\t\t\t\t<div class=\"elementor-field-type-text elementor-field-group elementor-column elementor-field-group-message elementor-col-100 elementor-field-required\">\n\t\t\t\t\t\t\t\t\t\t\t\t\t<input size=\"1\" type=\"text\" name=\"form_fields[message]\" id=\"form-field-message\" class=\"elementor-field elementor-size-sm  elementor-field-textual\" placeholder=\"\u00bfPor qu\u00e9 quieres trabajar con nosotros? \" required=\"required\">\n\t\t\t\t\t\t\t\t\t\t\t<\/div>\n\t\t\t\t\t\t\t\t<div class=\"elementor-field-type-text elementor-field-group elementor-column elementor-field-group-field_9b5e89d elementor-col-50 elementor-field-required\">\n\t\t\t\t\t\t\t\t\t\t\t\t\t<input size=\"1\" type=\"text\" name=\"form_fields[field_9b5e89d]\" id=\"form-field-field_9b5e89d\" class=\"elementor-field elementor-size-sm  elementor-field-textual\" placeholder=\"Fecha nacimiento\" required=\"required\">\n\t\t\t\t\t\t\t\t\t\t\t<\/div>\n\t\t\t\t\t\t\t\t<div class=\"elementor-field-type-text elementor-field-group elementor-column elementor-field-group-field_ef9cb71 elementor-col-50 elementor-field-required\">\n\t\t\t\t\t\t\t\t\t\t\t\t\t<input size=\"1\" type=\"text\" name=\"form_fields[field_ef9cb71]\" id=\"form-field-field_ef9cb71\" class=\"elementor-field elementor-size-sm  elementor-field-textual\" placeholder=\"Tel\u00e9fono\" required=\"required\">\n\t\t\t\t\t\t\t\t\t\t\t<\/div>\n\t\t\t\t\t\t\t\t<div class=\"elementor-field-type-select elementor-field-group elementor-column elementor-field-group-field_621c9e2 elementor-col-100 elementor-field-required\">\n\t\t\t\t\t\t\t\t\t\t\t\t<label for=\"form-field-field_621c9e2\" class=\"elementor-field-label\">\n\t\t\t\t\t\t\t\tTITULACI\u00d3N M\u00c1S ALTA OBTENIDA\t\t\t\t\t\t\t<\/label>\n\t\t\t\t\t\t\t\t<div class=\"elementor-field elementor-select-wrapper remove-before \">\n\t\t\t<div class=\"select-caret-down-wrapper\">\n\t\t\t\t<svg aria-hidden=\"true\" class=\"e-font-icon-svg e-eicon-caret-down\" viewBox=\"0 0 571.4 571.4\" xmlns=\"http:\/\/www.w3.org\/2000\/svg\"><path d=\"M571 393Q571 407 561 418L311 668Q300 679 286 679T261 668L11 418Q0 407 0 393T11 368 36 357H536Q550 357 561 368T571 393Z\"><\/path><\/svg>\t\t\t<\/div>\n\t\t\t<select name=\"form_fields[field_621c9e2]\" id=\"form-field-field_621c9e2\" class=\"elementor-field-textual elementor-size-sm\" required=\"required\">\n\t\t\t\t\t\t\t\t\t<option value=\"SIN ESTUDIOS\">SIN ESTUDIOS<\/option>\n\t\t\t\t\t\t\t\t\t<option value=\"SECUNDARIA\">SECUNDARIA<\/option>\n\t\t\t\t\t\t\t\t\t<option value=\"BACHILLERATO O GRADO FP\">BACHILLERATO O GRADO FP<\/option>\n\t\t\t\t\t\t\t\t\t<option value=\"UNIVERSITARIO\">UNIVERSITARIO<\/option>\n\t\t\t\t\t\t\t\t\t<option value=\"POSGRADO\">POSGRADO<\/option>\n\t\t\t\t\t\t\t<\/select>\n\t\t<\/div>\n\t\t\t\t\t\t<\/div>\n\t\t\t\t\t\t\t\t<div class=\"elementor-field-type-text elementor-field-group elementor-column elementor-field-group-field_d20942b elementor-col-100 elementor-field-required\">\n\t\t\t\t\t\t\t\t\t\t\t\t\t<input size=\"1\" type=\"text\" name=\"form_fields[field_d20942b]\" id=\"form-field-field_d20942b\" class=\"elementor-field elementor-size-sm  elementor-field-textual\" placeholder=\"ESPECIALIDAD ESTUDIADA\" required=\"required\">\n\t\t\t\t\t\t\t\t\t\t\t<\/div>\n\t\t\t\t\t\t\t\t<div class=\"elementor-field-type-select elementor-field-group elementor-column elementor-field-group-field_a362702 elementor-col-100 elementor-field-required\">\n\t\t\t\t\t\t\t\t\t\t\t\t<label for=\"form-field-field_a362702\" class=\"elementor-field-label\">\n\t\t\t\t\t\t\t\tA\u00d1OS DE EXPERIENCIA\t\t\t\t\t\t\t<\/label>\n\t\t\t\t\t\t\t\t<div class=\"elementor-field elementor-select-wrapper remove-before \">\n\t\t\t<div class=\"select-caret-down-wrapper\">\n\t\t\t\t<svg aria-hidden=\"true\" class=\"e-font-icon-svg e-eicon-caret-down\" viewBox=\"0 0 571.4 571.4\" xmlns=\"http:\/\/www.w3.org\/2000\/svg\"><path d=\"M571 393Q571 407 561 418L311 668Q300 679 286 679T261 668L11 418Q0 407 0 393T11 368 36 357H536Q550 357 561 368T571 393Z\"><\/path><\/svg>\t\t\t<\/div>\n\t\t\t<select name=\"form_fields[field_a362702]\" id=\"form-field-field_a362702\" class=\"elementor-field-textual elementor-size-sm\" required=\"required\">\n\t\t\t\t\t\t\t\t\t<option value=\"0-2\">0-2<\/option>\n\t\t\t\t\t\t\t\t\t<option value=\"&gt;2-5\">&gt;2-5<\/option>\n\t\t\t\t\t\t\t\t\t<option value=\"&gt;5\">&gt;5<\/option>\n\t\t\t\t\t\t\t<\/select>\n\t\t<\/div>\n\t\t\t\t\t\t<\/div>\n\t\t\t\t\t\t\t\t<div class=\"elementor-field-type-acceptance elementor-field-group elementor-column elementor-field-group-field_548d74c elementor-col-100 elementor-field-required\">\n\t\t\t\t\t\t\t<div class=\"elementor-field-subgroup\">\n\t\t\t<span class=\"elementor-field-option\">\n\t\t\t\t<input type=\"checkbox\" name=\"form_fields[field_548d74c]\" id=\"form-field-field_548d74c\" class=\"elementor-field elementor-size-sm  elementor-acceptance-field\" required=\"required\">\n\t\t\t\t<label for=\"form-field-field_548d74c\">He le\u00eddo y acepto la <a href=\"https:\/\/hidral.com\/aviso-legal\/\">Pol\u00edtica de Privacidad.<\/a>.\n\nInformaci\u00f3n b\u00e1sica sobre protecci\u00f3n de datos:\nResponsable: Hidral S.A.\nFinalidad: Gestionar las peticiones de informaci\u00f3n solicitadas a trav\u00e9s de este formulario y, si lo consiente, el env\u00edo de informaci\u00f3n comercial que pueda ser de su inter\u00e9s.\nLegitimaci\u00f3n: Su consentimiento expreso al marcar la casilla de aceptaci\u00f3n.\nDestinatarios: No se realizar\u00e1n cesiones de datos a terceros, salvo en caso de obligaci\u00f3n legal.\nDerechos: Tiene derecho a acceder, rectificar y suprimir sus datos, as\u00ed como otros derechos, como se explica en la informaci\u00f3n adicional.\nInformaci\u00f3n adicional: Puede consultar la informaci\u00f3n detallada sobre la protecci\u00f3n de datos en el siguiente <a href=\"https:\/\/hidral.com\/aviso-legal\/\">enlace<\/a>.<\/label>\t\t\t<\/span>\n\t\t<\/div>\n\t\t\t\t\t\t<\/div>\n\t\t\t\t\t\t\t\t<div class=\"elementor-field-group elementor-column elementor-field-type-submit elementor-col-100 e-form__buttons\">\n\t\t\t\t\t<button class=\"elementor-button elementor-size-sm\" type=\"submit\">\n\t\t\t\t\t\t<span class=\"elementor-button-content-wrapper\">\n\t\t\t\t\t\t\t\t\t\t\t\t\t\t\t\t\t\t\t\t\t\t<span class=\"elementor-button-text\">Enviar<\/span>\n\t\t\t\t\t\t\t\t\t\t\t\t\t<\/span>\n\t\t\t\t\t<\/button>\n\t\t\t\t<\/div>\n\t\t\t<\/div>\n\t\t<\/form>\n\t\t\t\t\t\t<\/div>\n\t\t\t\t<\/div>\n\t\t\t\t<\/div>\n\t\t\t\t<\/div>\n\t\t<div class=\"elementor-element elementor-element-17cfa8 e-flex e-con-boxed e-con e-parent\" data-id=\"17cfa8\" data-element_type=\"container\" data-e-type=\"container\" data-settings=\"{&quot;background_background&quot;:&quot;classic&quot;}\">\n\t\t\t\t\t<div class=\"e-con-inner\">\n\t\t<div class=\"elementor-element elementor-element-5b2ec4ae e-con-full e-flex e-con e-child\" data-id=\"5b2ec4ae\" data-element_type=\"container\" data-e-type=\"container\">\n\t\t\t\t<div class=\"elementor-element elementor-element-39661d98 elementor-invisible elementor-widget elementor-widget-heading\" data-id=\"39661d98\" data-element_type=\"widget\" data-e-type=\"widget\" data-settings=\"{&quot;_animation&quot;:&quot;fadeIn&quot;}\" data-widget_type=\"heading.default\">\n\t\t\t\t<div class=\"elementor-widget-container\">\n\t\t\t\t\t<h2 class=\"elementor-heading-title elementor-size-default\">Hidral: donde cada persona importa<\/h2>\t\t\t\t<\/div>\n\t\t\t\t<\/div>\n\t\t\t\t<div class=\"elementor-element elementor-element-430391aa elementor-widget elementor-widget-text-editor\" data-id=\"430391aa\" data-element_type=\"widget\" data-e-type=\"widget\" data-widget_type=\"text-editor.default\">\n\t\t\t\t<div class=\"elementor-widget-container\">\n\t\t\t\t\t\t\t\t\t<p>En Hidral, no eres solo un n\u00famero. Eres parte de una maquinaria bien engrasada, donde tu talento tiene un impacto directo en cada proyecto.<\/p><ul><li><p><b>Innovaci\u00f3n en nuestro ADN:<\/b> Fomentamos la curiosidad y la creatividad. Nuestros ingenieros y t\u00e9cnicos trabajan en I+D para desarrollar nuevas soluciones y materiales, superando los est\u00e1ndares del sector. Si te apasiona resolver desaf\u00edos complejos, este es tu lugar.<\/p><\/li><li><p><b>Seguridad y calidad, nuestra prioridad:<\/b> Nuestros clientes conf\u00edan en nosotros por la seguridad que ofrecemos, y eso es gracias a un equipo cualificado que no escatima en tecnolog\u00eda ni en pruebas. Si te tomas en serio la calidad y el detalle, encajar\u00e1s perfectamente.<\/p><\/li><li><p><b>Un equipo con proyecci\u00f3n internacional:<\/b> Con presencia en m\u00faltiples pa\u00edses, tendr\u00e1s la oportunidad de colaborar en proyectos globales y expandir tus horizontes profesionales. Si buscas crecimiento y un ambiente din\u00e1mico, aqu\u00ed lo encontrar\u00e1s.<\/p><\/li><\/ul>\t\t\t\t\t\t\t\t<\/div>\n\t\t\t\t<\/div>\n\t\t\t\t<\/div>\n\t\t<div class=\"elementor-element elementor-element-1ad6abde e-con-full e-flex e-con e-child\" data-id=\"1ad6abde\" data-element_type=\"container\" data-e-type=\"container\">\n\t\t\t\t<div class=\"elementor-element elementor-element-75d0cc39 elementor-widget elementor-widget-image\" data-id=\"75d0cc39\" data-element_type=\"widget\" data-e-type=\"widget\" data-widget_type=\"image.default\">\n\t\t\t\t<div class=\"elementor-widget-container\">\n\t\t\t\t\t\t\t\t\t\t\t\t\t\t\t<img fetchpriority=\"high\" decoding=\"async\" width=\"800\" height=\"524\" src=\"https:\/\/hidral.com\/wp-content\/uploads\/2025\/09\/Landing-Talento-color-1024x671.jpg\" class=\"attachment-large size-large wp-image-5171\" alt=\"\" srcset=\"https:\/\/hidral.com\/wp-content\/uploads\/2025\/09\/Landing-Talento-color-1024x671.jpg 1024w, https:\/\/hidral.com\/wp-content\/uploads\/2025\/09\/Landing-Talento-color-300x197.jpg 300w, https:\/\/hidral.com\/wp-content\/uploads\/2025\/09\/Landing-Talento-color-768x503.jpg 768w, https:\/\/hidral.com\/wp-content\/uploads\/2025\/09\/Landing-Talento-color-1536x1007.jpg 1536w, https:\/\/hidral.com\/wp-content\/uploads\/2025\/09\/Landing-Talento-color-2048x1342.jpg 2048w, https:\/\/hidral.com\/wp-content\/uploads\/2025\/09\/Landing-Talento-color-18x12.jpg 18w\" sizes=\"(max-width: 800px) 100vw, 800px\" \/>\t\t\t\t\t\t\t\t\t\t\t\t\t\t\t<\/div>\n\t\t\t\t<\/div>\n\t\t\t\t<\/div>\n\t\t\t\t\t<\/div>\n\t\t\t\t<\/div>\n\t\t\t\t<\/div>\n\t\t","protected":false},"excerpt":{"rendered":"<p>En Hidral apostamos por el talento \u00danete a nuestro equipo y juntos seguiremos en ascenso En Hidral, llevamos m\u00e1s de 50 a\u00f1os construyendo soluciones de elevaci\u00f3n que mueven el mundo. Lo que empez\u00f3 como una empresa familiar se ha convertido en un referente global, y todo gracias a un equipo de profesionales que se atreve [&hellip;]<\/p>\n","protected":false},"author":1,"featured_media":0,"parent":0,"menu_order":0,"comment_status":"closed","ping_status":"closed","template":"","meta":{"footnotes":""},"class_list":["post-5102","page","type-page","status-publish","hentry"],"yoast_head":"<!-- This site is optimized with the Yoast SEO plugin v27.3 - https:\/\/yoast.com\/product\/yoast-seo-wordpress\/ -->\n<title>Buscamos talento - Hidral<\/title>\n<meta name=\"robots\" content=\"index, follow, max-snippet:-1, max-image-preview:large, max-video-preview:-1\" \/>\n<link rel=\"canonical\" href=\"https:\/\/hidral.com\/fr\/buscamos-talento\/\" \/>\n<meta property=\"og:locale\" content=\"fr_FR\" \/>\n<meta property=\"og:type\" content=\"article\" \/>\n<meta property=\"og:title\" content=\"Buscamos talento - Hidral\" \/>\n<meta property=\"og:description\" content=\"En Hidral apostamos por el talento \u00danete a nuestro equipo y juntos seguiremos en ascenso En Hidral, llevamos m\u00e1s de 50 a\u00f1os construyendo soluciones de elevaci\u00f3n que mueven el mundo. Lo que empez\u00f3 como una empresa familiar se ha convertido en un referente global, y todo gracias a un equipo de profesionales que se atreve [&hellip;]\" \/>\n<meta property=\"og:url\" content=\"https:\/\/hidral.com\/fr\/buscamos-talento\/\" \/>\n<meta property=\"og:site_name\" content=\"Hidral\" \/>\n<meta property=\"article:modified_time\" content=\"2025-09-10T08:16:34+00:00\" \/>\n<meta property=\"og:image\" content=\"https:\/\/hidral.com\/wp-content\/uploads\/2025\/09\/Landing-Talento-color-1024x671.jpg\" \/>\n\t<meta property=\"og:image:width\" content=\"1024\" \/>\n\t<meta property=\"og:image:height\" content=\"671\" \/>\n\t<meta property=\"og:image:type\" content=\"image\/jpeg\" \/>\n<meta name=\"twitter:card\" content=\"summary_large_image\" \/>\n<meta name=\"twitter:label1\" content=\"Dur\u00e9e de lecture estim\u00e9e\" \/>\n\t<meta name=\"twitter:data1\" content=\"1 minute\" \/>\n<script type=\"application\/ld+json\" class=\"yoast-schema-graph\">{\"@context\":\"https:\\\/\\\/schema.org\",\"@graph\":[{\"@type\":\"WebPage\",\"@id\":\"https:\\\/\\\/hidral.com\\\/buscamos-talento\\\/\",\"url\":\"https:\\\/\\\/hidral.com\\\/buscamos-talento\\\/\",\"name\":\"Buscamos talento - Hidral\",\"isPartOf\":{\"@id\":\"https:\\\/\\\/hidral.com\\\/fr\\\/#website\"},\"primaryImageOfPage\":{\"@id\":\"https:\\\/\\\/hidral.com\\\/buscamos-talento\\\/#primaryimage\"},\"image\":{\"@id\":\"https:\\\/\\\/hidral.com\\\/buscamos-talento\\\/#primaryimage\"},\"thumbnailUrl\":\"https:\\\/\\\/hidral.com\\\/wp-content\\\/uploads\\\/2025\\\/09\\\/Landing-Talento-color-1024x671.jpg\",\"datePublished\":\"2025-08-29T09:06:00+00:00\",\"dateModified\":\"2025-09-10T08:16:34+00:00\",\"breadcrumb\":{\"@id\":\"https:\\\/\\\/hidral.com\\\/buscamos-talento\\\/#breadcrumb\"},\"inLanguage\":\"fr-FR\",\"potentialAction\":[{\"@type\":\"ReadAction\",\"target\":[\"https:\\\/\\\/hidral.com\\\/buscamos-talento\\\/\"]}]},{\"@type\":\"ImageObject\",\"inLanguage\":\"fr-FR\",\"@id\":\"https:\\\/\\\/hidral.com\\\/buscamos-talento\\\/#primaryimage\",\"url\":\"https:\\\/\\\/hidral.com\\\/wp-content\\\/uploads\\\/2025\\\/09\\\/Landing-Talento-color-1024x671.jpg\",\"contentUrl\":\"https:\\\/\\\/hidral.com\\\/wp-content\\\/uploads\\\/2025\\\/09\\\/Landing-Talento-color-1024x671.jpg\"},{\"@type\":\"BreadcrumbList\",\"@id\":\"https:\\\/\\\/hidral.com\\\/buscamos-talento\\\/#breadcrumb\",\"itemListElement\":[{\"@type\":\"ListItem\",\"position\":1,\"name\":\"Portada\",\"item\":\"https:\\\/\\\/hidral.com\\\/fr\\\/\"},{\"@type\":\"ListItem\",\"position\":2,\"name\":\"Buscamos talento\"}]},{\"@type\":\"WebSite\",\"@id\":\"https:\\\/\\\/hidral.com\\\/fr\\\/#website\",\"url\":\"https:\\\/\\\/hidral.com\\\/fr\\\/\",\"name\":\"Hidral\",\"description\":\"Soluciones globales para la elevaci\u00f3n\",\"publisher\":{\"@id\":\"https:\\\/\\\/hidral.com\\\/fr\\\/#organization\"},\"potentialAction\":[{\"@type\":\"SearchAction\",\"target\":{\"@type\":\"EntryPoint\",\"urlTemplate\":\"https:\\\/\\\/hidral.com\\\/fr\\\/?s={search_term_string}\"},\"query-input\":{\"@type\":\"PropertyValueSpecification\",\"valueRequired\":true,\"valueName\":\"search_term_string\"}}],\"inLanguage\":\"fr-FR\"},{\"@type\":\"Organization\",\"@id\":\"https:\\\/\\\/hidral.com\\\/fr\\\/#organization\",\"name\":\"Hidral\",\"url\":\"https:\\\/\\\/hidral.com\\\/fr\\\/\",\"logo\":{\"@type\":\"ImageObject\",\"inLanguage\":\"fr-FR\",\"@id\":\"https:\\\/\\\/hidral.com\\\/fr\\\/#\\\/schema\\\/logo\\\/image\\\/\",\"url\":\"https:\\\/\\\/hidral.com\\\/wp-content\\\/uploads\\\/2025\\\/01\\\/icono-hidral-02.svg\",\"contentUrl\":\"https:\\\/\\\/hidral.com\\\/wp-content\\\/uploads\\\/2025\\\/01\\\/icono-hidral-02.svg\",\"caption\":\"Hidral\"},\"image\":{\"@id\":\"https:\\\/\\\/hidral.com\\\/fr\\\/#\\\/schema\\\/logo\\\/image\\\/\"}}]}<\/script>\n<!-- \/ Yoast SEO plugin. -->","yoast_head_json":{"title":"Nous recherchons des talents - Hidral","robots":{"index":"index","follow":"follow","max-snippet":"max-snippet:-1","max-image-preview":"max-image-preview:large","max-video-preview":"max-video-preview:-1"},"canonical":"https:\/\/hidral.com\/fr\/buscamos-talento\/","og_locale":"fr_FR","og_type":"article","og_title":"Buscamos talento - Hidral","og_description":"En Hidral apostamos por el talento \u00danete a nuestro equipo y juntos seguiremos en ascenso En Hidral, llevamos m\u00e1s de 50 a\u00f1os construyendo soluciones de elevaci\u00f3n que mueven el mundo. Lo que empez\u00f3 como una empresa familiar se ha convertido en un referente global, y todo gracias a un equipo de profesionales que se atreve [&hellip;]","og_url":"https:\/\/hidral.com\/fr\/buscamos-talento\/","og_site_name":"Hidral","article_modified_time":"2025-09-10T08:16:34+00:00","og_image":[{"width":1024,"height":671,"url":"https:\/\/hidral.com\/wp-content\/uploads\/2025\/09\/Landing-Talento-color-1024x671.jpg","type":"image\/jpeg"}],"twitter_card":"summary_large_image","twitter_misc":{"Dur\u00e9e de lecture estim\u00e9e":"1 minute"},"schema":{"@context":"https:\/\/schema.org","@graph":[{"@type":"WebPage","@id":"https:\/\/hidral.com\/buscamos-talento\/","url":"https:\/\/hidral.com\/buscamos-talento\/","name":"Nous recherchons des talents - Hidral","isPartOf":{"@id":"https:\/\/hidral.com\/fr\/#website"},"primaryImageOfPage":{"@id":"https:\/\/hidral.com\/buscamos-talento\/#primaryimage"},"image":{"@id":"https:\/\/hidral.com\/buscamos-talento\/#primaryimage"},"thumbnailUrl":"https:\/\/hidral.com\/wp-content\/uploads\/2025\/09\/Landing-Talento-color-1024x671.jpg","datePublished":"2025-08-29T09:06:00+00:00","dateModified":"2025-09-10T08:16:34+00:00","breadcrumb":{"@id":"https:\/\/hidral.com\/buscamos-talento\/#breadcrumb"},"inLanguage":"fr-FR","potentialAction":[{"@type":"ReadAction","target":["https:\/\/hidral.com\/buscamos-talento\/"]}]},{"@type":"ImageObject","inLanguage":"fr-FR","@id":"https:\/\/hidral.com\/buscamos-talento\/#primaryimage","url":"https:\/\/hidral.com\/wp-content\/uploads\/2025\/09\/Landing-Talento-color-1024x671.jpg","contentUrl":"https:\/\/hidral.com\/wp-content\/uploads\/2025\/09\/Landing-Talento-color-1024x671.jpg"},{"@type":"BreadcrumbList","@id":"https:\/\/hidral.com\/buscamos-talento\/#breadcrumb","itemListElement":[{"@type":"ListItem","position":1,"name":"Portada","item":"https:\/\/hidral.com\/fr\/"},{"@type":"ListItem","position":2,"name":"Buscamos talento"}]},{"@type":"WebSite","@id":"https:\/\/hidral.com\/fr\/#website","url":"https:\/\/hidral.com\/fr\/","name":"Hidral","description":"Solutions globales pour le levage","publisher":{"@id":"https:\/\/hidral.com\/fr\/#organization"},"potentialAction":[{"@type":"SearchAction","target":{"@type":"EntryPoint","urlTemplate":"https:\/\/hidral.com\/fr\/?s={search_term_string}"},"query-input":{"@type":"PropertyValueSpecification","valueRequired":true,"valueName":"search_term_string"}}],"inLanguage":"fr-FR"},{"@type":"Organization","@id":"https:\/\/hidral.com\/fr\/#organization","name":"Hidral","url":"https:\/\/hidral.com\/fr\/","logo":{"@type":"ImageObject","inLanguage":"fr-FR","@id":"https:\/\/hidral.com\/fr\/#\/schema\/logo\/image\/","url":"https:\/\/hidral.com\/wp-content\/uploads\/2025\/01\/icono-hidral-02.svg","contentUrl":"https:\/\/hidral.com\/wp-content\/uploads\/2025\/01\/icono-hidral-02.svg","caption":"Hidral"},"image":{"@id":"https:\/\/hidral.com\/fr\/#\/schema\/logo\/image\/"}}]}},"_links":{"self":[{"href":"https:\/\/hidral.com\/fr\/wp-json\/wp\/v2\/pages\/5102","targetHints":{"allow":["GET"]}}],"collection":[{"href":"https:\/\/hidral.com\/fr\/wp-json\/wp\/v2\/pages"}],"about":[{"href":"https:\/\/hidral.com\/fr\/wp-json\/wp\/v2\/types\/page"}],"author":[{"embeddable":true,"href":"https:\/\/hidral.com\/fr\/wp-json\/wp\/v2\/users\/1"}],"replies":[{"embeddable":true,"href":"https:\/\/hidral.com\/fr\/wp-json\/wp\/v2\/comments?post=5102"}],"version-history":[{"count":56,"href":"https:\/\/hidral.com\/fr\/wp-json\/wp\/v2\/pages\/5102\/revisions"}],"predecessor-version":[{"id":5215,"href":"https:\/\/hidral.com\/fr\/wp-json\/wp\/v2\/pages\/5102\/revisions\/5215"}],"wp:attachment":[{"href":"https:\/\/hidral.com\/fr\/wp-json\/wp\/v2\/media?parent=5102"}],"curies":[{"name":"wp","href":"https:\/\/api.w.org\/{rel}","templated":true}]}}