{"id":2404,"date":"2025-02-03T07:29:36","date_gmt":"2025-02-03T07:29:36","guid":{"rendered":"https:\/\/hidral.com\/?page_id=2404"},"modified":"2025-12-10T08:16:44","modified_gmt":"2025-12-10T08:16:44","slug":"autoconfigurador","status":"publish","type":"page","link":"https:\/\/hidral.com\/fr\/autoconfigurador\/","title":{"rendered":"L\u00b4assitant D\u00b4offre"},"content":{"rendered":"\t\t<div data-elementor-type=\"wp-page\" data-elementor-id=\"2404\" class=\"elementor elementor-2404\" data-elementor-post-type=\"page\">\n\t\t\t\t\t\t<section class=\"elementor-section elementor-top-section elementor-element elementor-element-5d95b589 elementor-section-full_width elementor-section-height-default elementor-section-height-default\" data-id=\"5d95b589\" data-element_type=\"section\" data-e-type=\"section\" data-settings=\"{&quot;animation&quot;:&quot;none&quot;}\">\n\t\t\t\t\t\t<div class=\"elementor-container elementor-column-gap-default\">\n\t\t\t\t\t<div class=\"elementor-column elementor-col-100 elementor-top-column elementor-element elementor-element-656ce7c6\" data-id=\"656ce7c6\" data-element_type=\"column\" data-e-type=\"column\" data-settings=\"{&quot;animation&quot;:&quot;none&quot;}\">\n\t\t\t<div class=\"elementor-widget-wrap elementor-element-populated\">\n\t\t\t\t\t\t<section class=\"elementor-section elementor-inner-section elementor-element elementor-element-3a64153f elementor-section-height-min-height elementor-section-full_width elementor-section-height-default\" data-id=\"3a64153f\" data-element_type=\"section\" data-e-type=\"section\" data-settings=\"{&quot;animation&quot;:&quot;none&quot;}\">\n\t\t\t\t\t\t<div class=\"elementor-container elementor-column-gap-default\">\n\t\t\t\t\t<div class=\"elementor-column elementor-col-100 elementor-inner-column elementor-element elementor-element-3842d007\" data-id=\"3842d007\" data-element_type=\"column\" data-e-type=\"column\" data-settings=\"{&quot;background_background&quot;:&quot;classic&quot;}\">\n\t\t\t<div class=\"elementor-widget-wrap elementor-element-populated\">\n\t\t\t\t\t\t<div class=\"elementor-element elementor-element-5b3490d3 elementor-icon-list--layout-inline elementor-list-item-link-full_width elementor-widget elementor-widget-icon-list\" data-id=\"5b3490d3\" data-element_type=\"widget\" data-e-type=\"widget\" data-widget_type=\"icon-list.default\">\n\t\t\t\t<div class=\"elementor-widget-container\">\n\t\t\t\t\t\t\t<ul class=\"elementor-icon-list-items elementor-inline-items\">\n\t\t\t\t\t\t\t<li class=\"elementor-icon-list-item elementor-inline-item\">\n\t\t\t\t\t\t\t\t\t\t<span class=\"elementor-icon-list-text\">AUTOCONFIGURADOR<\/span>\n\t\t\t\t\t\t\t\t\t<\/li>\n\t\t\t\t\t\t<\/ul>\n\t\t\t\t\t\t<\/div>\n\t\t\t\t<\/div>\n\t\t\t\t<div class=\"elementor-element elementor-element-55939e55 elementor-widget elementor-widget-heading\" data-id=\"55939e55\" data-element_type=\"widget\" data-e-type=\"widget\" data-widget_type=\"heading.default\">\n\t\t\t\t<div class=\"elementor-widget-container\">\n\t\t\t\t\t<h1 class=\"elementor-heading-title elementor-size-default\">Acceso al autoconfigurador<\/h1>\t\t\t\t<\/div>\n\t\t\t\t<\/div>\n\t\t\t\t<div class=\"elementor-element elementor-element-40869d54 elementor-widget elementor-widget-image-box\" data-id=\"40869d54\" data-element_type=\"widget\" data-e-type=\"widget\" data-widget_type=\"image-box.default\">\n\t\t\t\t<div class=\"elementor-widget-container\">\n\t\t\t\t\t<div class=\"elementor-image-box-wrapper\"><div class=\"elementor-image-box-content\"><p class=\"elementor-image-box-description\">En Hidral fabricamos exclusivamente para profesionales del ascensor. Si ya eres nuestro cliente, accede con tu n\u00famero de cliente y contrase\u00f1a. Si a\u00fan no lo eres, no dudes en registrarte. <\/p><\/div><\/div>\t\t\t\t<\/div>\n\t\t\t\t<\/div>\n\t\t\t\t\t<\/div>\n\t\t<\/div>\n\t\t\t\t\t<\/div>\n\t\t<\/section>\n\t\t\t\t\t<\/div>\n\t\t<\/div>\n\t\t\t\t\t<\/div>\n\t\t<\/section>\n\t\t<div class=\"elementor-element elementor-element-5e43330 e-flex e-con-boxed e-con e-parent\" data-id=\"5e43330\" data-element_type=\"container\" data-e-type=\"container\">\n\t\t\t\t\t<div class=\"e-con-inner\">\n\t\t<div class=\"elementor-element elementor-element-297f5f0 e-con-full e-flex e-con e-child\" data-id=\"297f5f0\" data-element_type=\"container\" data-e-type=\"container\">\n\t\t\t\t<\/div>\n\t\t<div class=\"elementor-element elementor-element-a8e3fdb e-con-full e-transform e-flex elementor-invisible e-con e-child\" data-id=\"a8e3fdb\" data-element_type=\"container\" data-e-type=\"container\" data-settings=\"{&quot;_transform_skewX_effect_hover&quot;:{&quot;unit&quot;:&quot;px&quot;,&quot;size&quot;:&quot;&quot;,&quot;sizes&quot;:[]},&quot;_transform_skewX_effect_hover_tablet&quot;:{&quot;unit&quot;:&quot;deg&quot;,&quot;size&quot;:&quot;&quot;,&quot;sizes&quot;:[]},&quot;_transform_skewX_effect_hover_mobile&quot;:{&quot;unit&quot;:&quot;deg&quot;,&quot;size&quot;:&quot;&quot;,&quot;sizes&quot;:[]},&quot;_transform_skewY_effect_hover&quot;:{&quot;unit&quot;:&quot;px&quot;,&quot;size&quot;:&quot;&quot;,&quot;sizes&quot;:[]},&quot;_transform_skewY_effect_hover_tablet&quot;:{&quot;unit&quot;:&quot;deg&quot;,&quot;size&quot;:&quot;&quot;,&quot;sizes&quot;:[]},&quot;_transform_skewY_effect_hover_mobile&quot;:{&quot;unit&quot;:&quot;deg&quot;,&quot;size&quot;:&quot;&quot;,&quot;sizes&quot;:[]}}\">\n\t\t\t\t<div class=\"elementor-element elementor-element-e76dd2c elementor-widget elementor-widget-html\" data-id=\"e76dd2c\" data-element_type=\"widget\" data-e-type=\"widget\" data-widget_type=\"html.default\">\n\t\t\t\t<div class=\"elementor-widget-container\">\n\t\t\t\t\t<script src=\"https:\/\/chat.iaclover.com\/embed\/embed.js\"><\/script>\r\n<script>\r\n    document.addEventListener('DOMContentLoaded', () => {\r\n        const cloverChat = window.CloverChat.init({\r\n            clientId: 'Hidral',\r\n            apiKey: 'sk-clv-b3a57d25dc5b3236e8e04a52c24ecdeb8e5224c9649d4a86a31fad10f079f842',\r\n            theme: 'light',\r\n            position: 'bottom-right',\r\n            width: '420px',\r\n            height: '650px',\r\n            baseUrl: 'https:\/\/chat.iaclover.com',\r\n            buttonImage: 'https:\/\/hidral.com\/wp-content\/uploads\/2025\/06\/MIA_B.png',\r\n            customClass: 'clover-chat',\r\n            animationClass: 'clover-animation',\r\n            proactiveBubble: {\r\n                enabled: true,\r\n                phrases: {\r\n                    en: [\r\n                        'Hello! How can I help you? \u2699\ufe0f'\r\n                    ],\r\n                    es: [\r\n                        '\u00a1Hola! \u00bfEn qu\u00e9 puedo ayudarte? \u2699\ufe0f'\r\n                    ],\r\n                    fr: [\r\n                        'Bonjour ! Comment puis-je vous aider ? \u2699\ufe0f'\r\n                    ]\r\n                },\r\n                autoDetectLanguage: true,\r\n                fallbackLanguage: 'en',\r\n                timing: {\r\n                    showDelay: 2000, \/\/ 2 segundos hasta que se muestre\r\n                    hideDelay: 6000, \/\/ 6 segundos hasta que se oculte\r\n                    showInterval: 25000, \/\/ 25 segundos hasta que se muestre de nuevo\r\n                    maxShows: 4 \/\/ se muestran 4 veces en total\r\n                },\r\n                styling: {\r\n                    backgroundColor: '#ffffff', \/\/ Color del fondo\r\n                    textColor: '#446fb4', \/\/ Color del texto\r\n                    borderRadius: '20px' \/\/ Esquinas redondeadas\r\n                },\r\n                position: 'left'\r\n            }\r\n        });\r\n    });\r\n<\/script>\t\t\t\t<\/div>\n\t\t\t\t<\/div>\n\t\t\t\t<\/div>\n\t\t\t\t\t<\/div>\n\t\t\t\t<\/div>\n\t\t<div class=\"elementor-element elementor-element-17e75faa e-con-full e-flex e-con e-parent\" data-id=\"17e75faa\" data-element_type=\"container\" data-e-type=\"container\">\n\t\t<div class=\"elementor-element elementor-element-9beda10 e-con-full e-flex e-con e-child\" data-id=\"9beda10\" data-element_type=\"container\" data-e-type=\"container\">\n\t\t<div class=\"elementor-element elementor-element-65964626 e-con-full e-flex e-con e-child\" data-id=\"65964626\" data-element_type=\"container\" data-e-type=\"container\" data-settings=\"{&quot;background_background&quot;:&quot;classic&quot;,&quot;animation&quot;:&quot;none&quot;}\">\n\t\t\t\t<div class=\"elementor-element elementor-element-7e479e2a elementor-widget__width-initial elementor-widget elementor-widget-image-box\" data-id=\"7e479e2a\" data-element_type=\"widget\" data-e-type=\"widget\" data-widget_type=\"image-box.default\">\n\t\t\t\t<div class=\"elementor-widget-container\">\n\t\t\t\t\t<div class=\"elementor-image-box-wrapper\"><div class=\"elementor-image-box-content\"><h3 class=\"elementor-image-box-title\">Usuario registrado<\/h3><p class=\"elementor-image-box-description\">Acceso exclusivo a informaci\u00f3n t\u00e9cnica avanzada de nuestros productos para usuarios registrados: <br> Si tiene un n\u00famero  de usuario y contrase\u00f1a asignados, pulse aqu\u00ed para acceder. <\/p><\/div><\/div>\t\t\t\t<\/div>\n\t\t\t\t<\/div>\n\t\t<div class=\"elementor-element elementor-element-41ff5831 e-grid e-con-full e-con e-child\" data-id=\"41ff5831\" data-element_type=\"container\" data-e-type=\"container\">\n\t\t\t\t<div class=\"elementor-element elementor-element-1a760bd2 elementor-align-center elementor-button-info elementor-widget elementor-widget-button\" data-id=\"1a760bd2\" data-element_type=\"widget\" data-e-type=\"widget\" data-widget_type=\"button.default\">\n\t\t\t\t<div class=\"elementor-widget-container\">\n\t\t\t\t\t\t\t\t\t<div class=\"elementor-button-wrapper\">\n\t\t\t\t\t<a class=\"elementor-button elementor-button-link elementor-size-sm\" href=\"https:\/\/clientes.hidral.com\/Autocotizacion\/wizard\/start\" target=\"_blank\">\n\t\t\t\t\t\t<span class=\"elementor-button-content-wrapper\">\n\t\t\t\t\t\t\t\t\t<span class=\"elementor-button-text\">acceder<\/span>\n\t\t\t\t\t<\/span>\n\t\t\t\t\t<\/a>\n\t\t\t\t<\/div>\n\t\t\t\t\t\t\t\t<\/div>\n\t\t\t\t<\/div>\n\t\t\t\t<\/div>\n\t\t\t\t<\/div>\n\t\t\t\t<\/div>\n\t\t<div class=\"elementor-element elementor-element-32632d4b e-con-full e-flex e-con e-child\" data-id=\"32632d4b\" data-element_type=\"container\" data-e-type=\"container\">\n\t\t<div class=\"elementor-element elementor-element-3e403b5d e-con-full e-flex e-con e-child\" data-id=\"3e403b5d\" data-element_type=\"container\" data-e-type=\"container\" data-settings=\"{&quot;background_background&quot;:&quot;classic&quot;,&quot;animation&quot;:&quot;none&quot;}\">\n\t\t\t\t<div class=\"elementor-element elementor-element-7daf4326 elementor-widget__width-initial elementor-widget elementor-widget-image-box\" data-id=\"7daf4326\" data-element_type=\"widget\" data-e-type=\"widget\" data-widget_type=\"image-box.default\">\n\t\t\t\t<div class=\"elementor-widget-container\">\n\t\t\t\t\t<div class=\"elementor-image-box-wrapper\"><div class=\"elementor-image-box-content\"><h3 class=\"elementor-image-box-title\">Usuario no registrado<\/h3><p class=\"elementor-image-box-description\">Si usted desea informaci\u00f3n t\u00e9cnica m\u00e1s avanzada, env\u00edenos el siguiente formulario y le responderemos a la mayor brevedad posible con su clave de acceso. Gracias. <\/p><\/div><\/div>\t\t\t\t<\/div>\n\t\t\t\t<\/div>\n\t\t\t\t<div class=\"elementor-element elementor-element-62add113 elementor-widget elementor-widget-n-accordion\" data-id=\"62add113\" data-element_type=\"widget\" data-e-type=\"widget\" data-settings=\"{&quot;default_state&quot;:&quot;all_collapsed&quot;,&quot;max_items_expended&quot;:&quot;one&quot;,&quot;n_accordion_animation_duration&quot;:{&quot;unit&quot;:&quot;ms&quot;,&quot;size&quot;:400,&quot;sizes&quot;:[]}}\" data-widget_type=\"nested-accordion.default\">\n\t\t\t\t<div class=\"elementor-widget-container\">\n\t\t\t\t\t\t\t<div class=\"e-n-accordion\" aria-label=\"Accordion. Open links with Enter or Space, close with Escape, and navigate with Arrow Keys\">\n\t\t\t\t\t\t<details id=\"e-n-accordion-item-1650\" class=\"e-n-accordion-item\" >\n\t\t\t\t<summary class=\"e-n-accordion-item-title\" data-accordion-index=\"1\" tabindex=\"0\" aria-expanded=\"false\" aria-controls=\"e-n-accordion-item-1650\" >\n\t\t\t\t\t<span class='e-n-accordion-item-title-header'><div class=\"e-n-accordion-item-title-text\"> SOLICITAR ACCESO <\/div><\/span>\n\t\t\t\t\t\t\t\t\t<\/summary>\n\t\t\t\t<div role=\"region\" aria-labelledby=\"e-n-accordion-item-1650\" class=\"elementor-element elementor-element-5cf2e061 e-con-full e-flex e-con e-child\" data-id=\"5cf2e061\" data-element_type=\"container\" data-e-type=\"container\">\n\t\t\t\t<div class=\"elementor-element elementor-element-35157864 elementor-button-align-stretch elementor-widget elementor-widget-form\" data-id=\"35157864\" data-element_type=\"widget\" data-e-type=\"widget\" data-settings=\"{&quot;step_next_label&quot;:&quot;Siguiente&quot;,&quot;step_previous_label&quot;:&quot;Anterior&quot;,&quot;button_width&quot;:&quot;100&quot;,&quot;step_type&quot;:&quot;number_text&quot;,&quot;step_icon_shape&quot;:&quot;circle&quot;}\" data-widget_type=\"form.default\">\n\t\t\t\t<div class=\"elementor-widget-container\">\n\t\t\t\t\t\t\t<form class=\"elementor-form\" method=\"post\" name=\"Nuevo formulario\" aria-label=\"Nuevo formulario\">\n\t\t\t<input type=\"hidden\" name=\"post_id\" value=\"2404\"\/>\n\t\t\t<input type=\"hidden\" name=\"form_id\" value=\"35157864\"\/>\n\t\t\t<input type=\"hidden\" name=\"referer_title\" value=\"Hidral\" \/>\n\n\t\t\t\n\t\t\t<div class=\"elementor-form-fields-wrapper elementor-labels-above\">\n\t\t\t\t\t\t\t\t<div class=\"elementor-field-type-text elementor-field-group elementor-column elementor-field-group-name elementor-col-100 elementor-field-required\">\n\t\t\t\t\t\t\t\t\t\t\t\t<label for=\"form-field-name\" class=\"elementor-field-label\">\n\t\t\t\t\t\t\t\tEmpresa\t\t\t\t\t\t\t<\/label>\n\t\t\t\t\t\t\t\t\t\t\t\t\t\t<input size=\"1\" type=\"text\" name=\"form_fields[name]\" id=\"form-field-name\" class=\"elementor-field elementor-size-sm  elementor-field-textual\" placeholder=\"Empresa\" required=\"required\">\n\t\t\t\t\t\t\t\t\t\t\t<\/div>\n\t\t\t\t\t\t\t\t<div class=\"elementor-field-type-text elementor-field-group elementor-column elementor-field-group-field_a27694c elementor-col-100 elementor-field-required\">\n\t\t\t\t\t\t\t\t\t\t\t\t<label for=\"form-field-field_a27694c\" class=\"elementor-field-label\">\n\t\t\t\t\t\t\t\tActividad\t\t\t\t\t\t\t<\/label>\n\t\t\t\t\t\t\t\t\t\t\t\t\t\t<input size=\"1\" type=\"text\" name=\"form_fields[field_a27694c]\" id=\"form-field-field_a27694c\" class=\"elementor-field elementor-size-sm  elementor-field-textual\" placeholder=\"Actividad\" required=\"required\">\n\t\t\t\t\t\t\t\t\t\t\t<\/div>\n\t\t\t\t\t\t\t\t<div class=\"elementor-field-type-text elementor-field-group elementor-column elementor-field-group-field_b7a1ea6 elementor-col-100 elementor-field-required\">\n\t\t\t\t\t\t\t\t\t\t\t\t<label for=\"form-field-field_b7a1ea6\" class=\"elementor-field-label\">\n\t\t\t\t\t\t\t\tPa\u00eds\t\t\t\t\t\t\t<\/label>\n\t\t\t\t\t\t\t\t\t\t\t\t\t\t<input size=\"1\" type=\"text\" name=\"form_fields[field_b7a1ea6]\" id=\"form-field-field_b7a1ea6\" class=\"elementor-field elementor-size-sm  elementor-field-textual\" placeholder=\"Pa\u00eds \" required=\"required\">\n\t\t\t\t\t\t\t\t\t\t\t<\/div>\n\t\t\t\t\t\t\t\t<div class=\"elementor-field-type-number elementor-field-group elementor-column elementor-field-group-field_c27db5a elementor-col-100 elementor-field-required\">\n\t\t\t\t\t\t\t\t\t\t\t\t<label for=\"form-field-field_c27db5a\" class=\"elementor-field-label\">\n\t\t\t\t\t\t\t\tTel\u00e9fono\t\t\t\t\t\t\t<\/label>\n\t\t\t\t\t\t\t\t\t<input type=\"number\" name=\"form_fields[field_c27db5a]\" id=\"form-field-field_c27db5a\" class=\"elementor-field elementor-size-sm  elementor-field-textual\" placeholder=\"Tel\u00e9fono\" required=\"required\" min=\"\" max=\"\" >\n\t\t\t\t\t\t<\/div>\n\t\t\t\t\t\t\t\t<div class=\"elementor-field-type-number elementor-field-group elementor-column elementor-field-group-field_726c9e0 elementor-col-100 elementor-field-required\">\n\t\t\t\t\t\t\t\t\t\t\t\t<label for=\"form-field-field_726c9e0\" class=\"elementor-field-label\">\n\t\t\t\t\t\t\t\tFAX\t\t\t\t\t\t\t<\/label>\n\t\t\t\t\t\t\t\t\t<input type=\"number\" name=\"form_fields[field_726c9e0]\" id=\"form-field-field_726c9e0\" class=\"elementor-field elementor-size-sm  elementor-field-textual\" placeholder=\"FAX\" required=\"required\" min=\"\" max=\"\" >\n\t\t\t\t\t\t<\/div>\n\t\t\t\t\t\t\t\t<div class=\"elementor-field-type-email elementor-field-group elementor-column elementor-field-group-email elementor-col-100 elementor-field-required\">\n\t\t\t\t\t\t\t\t\t\t\t\t<label for=\"form-field-email\" class=\"elementor-field-label\">\n\t\t\t\t\t\t\t\tCorreo electr\u00f3nico\t\t\t\t\t\t\t<\/label>\n\t\t\t\t\t\t\t\t\t\t\t\t\t\t<input size=\"1\" type=\"email\" name=\"form_fields[email]\" id=\"form-field-email\" class=\"elementor-field elementor-size-sm  elementor-field-textual\" placeholder=\"Correo electr\u00f3nico\" required=\"required\">\n\t\t\t\t\t\t\t\t\t\t\t<\/div>\n\t\t\t\t\t\t\t\t<div class=\"elementor-field-type-textarea elementor-field-group elementor-column elementor-field-group-field_635977a elementor-col-100 elementor-field-required\">\n\t\t\t\t\t\t\t\t\t\t\t\t<label for=\"form-field-field_635977a\" class=\"elementor-field-label\">\n\t\t\t\t\t\t\t\tPersona de contacto\t\t\t\t\t\t\t<\/label>\n\t\t\t\t\t\t<textarea class=\"elementor-field-textual elementor-field  elementor-size-sm\" name=\"form_fields[field_635977a]\" id=\"form-field-field_635977a\" rows=\"4\" placeholder=\"Persona de contacto\" required=\"required\"><\/textarea>\t\t\t\t<\/div>\n\t\t\t\t\t\t\t\t<div class=\"elementor-field-type-textarea elementor-field-group elementor-column elementor-field-group-field_07e1ba2 elementor-col-100 elementor-field-required\">\n\t\t\t\t\t\t\t\t\t\t\t\t<label for=\"form-field-field_07e1ba2\" class=\"elementor-field-label\">\n\t\t\t\t\t\t\t\tDepartamento\t\t\t\t\t\t\t<\/label>\n\t\t\t\t\t\t<textarea class=\"elementor-field-textual elementor-field  elementor-size-sm\" name=\"form_fields[field_07e1ba2]\" id=\"form-field-field_07e1ba2\" rows=\"4\" placeholder=\"Departamento\" required=\"required\"><\/textarea>\t\t\t\t<\/div>\n\t\t\t\t\t\t\t\t<div class=\"elementor-field-type-textarea elementor-field-group elementor-column elementor-field-group-message elementor-col-100 elementor-field-required\">\n\t\t\t\t\t\t\t\t\t\t\t\t<label for=\"form-field-message\" class=\"elementor-field-label\">\n\t\t\t\t\t\t\t\tObservaciones\t\t\t\t\t\t\t<\/label>\n\t\t\t\t\t\t<textarea class=\"elementor-field-textual elementor-field  elementor-size-sm\" name=\"form_fields[message]\" id=\"form-field-message\" rows=\"4\" placeholder=\"Observaciones\" required=\"required\"><\/textarea>\t\t\t\t<\/div>\n\t\t\t\t\t\t\t\t<div class=\"elementor-field-group elementor-column elementor-field-type-submit elementor-col-100 e-form__buttons\">\n\t\t\t\t\t<button class=\"elementor-button elementor-size-sm\" type=\"submit\">\n\t\t\t\t\t\t<span class=\"elementor-button-content-wrapper\">\n\t\t\t\t\t\t\t\t\t\t\t\t\t\t\t\t\t\t\t\t\t\t<span class=\"elementor-button-text\">Enviar<\/span>\n\t\t\t\t\t\t\t\t\t\t\t\t\t<\/span>\n\t\t\t\t\t<\/button>\n\t\t\t\t<\/div>\n\t\t\t<\/div>\n\t\t<\/form>\n\t\t\t\t\t\t<\/div>\n\t\t\t\t<\/div>\n\t\t\t\t<\/div>\n\t\t\t\t\t<\/details>\n\t\t\t\t\t<\/div>\n\t\t\t\t\t\t<\/div>\n\t\t\t\t<\/div>\n\t\t\t\t<\/div>\n\t\t\t\t<\/div>\n\t\t\t\t<\/div>\n\t\t\t\t<\/div>\n\t\t","protected":false},"excerpt":{"rendered":"<p>AUTOCONFIGURADOR Acceso al autoconfigurador En Hidral fabricamos exclusivamente para profesionales del ascensor. Si ya eres nuestro cliente, accede con tu n\u00famero de cliente y contrase\u00f1a. Si a\u00fan no lo eres, no dudes en registrarte. Usuario registrado Acceso exclusivo a informaci\u00f3n t\u00e9cnica avanzada de nuestros productos para usuarios registrados: Si tiene un n\u00famero de usuario y [&hellip;]<\/p>\n","protected":false},"author":1,"featured_media":0,"parent":0,"menu_order":0,"comment_status":"closed","ping_status":"closed","template":"elementor_header_footer","meta":{"footnotes":""},"class_list":["post-2404","page","type-page","status-publish","hentry"],"yoast_head":"<!-- This site is optimized with the Yoast SEO plugin v27.3 - https:\/\/yoast.com\/product\/yoast-seo-wordpress\/ -->\n<title>Autoconfigurador - Hidral<\/title>\n<meta name=\"robots\" content=\"index, follow, max-snippet:-1, max-image-preview:large, max-video-preview:-1\" \/>\n<link rel=\"canonical\" href=\"https:\/\/hidral.com\/fr\/autoconfigurador\/\" \/>\n<meta property=\"og:locale\" content=\"fr_FR\" \/>\n<meta property=\"og:type\" content=\"article\" \/>\n<meta property=\"og:title\" content=\"Autoconfigurador - Hidral\" \/>\n<meta property=\"og:description\" content=\"AUTOCONFIGURADOR Acceso al autoconfigurador En Hidral fabricamos exclusivamente para profesionales del ascensor. Si ya eres nuestro cliente, accede con tu n\u00famero de cliente y contrase\u00f1a. Si a\u00fan no lo eres, no dudes en registrarte. Usuario registrado Acceso exclusivo a informaci\u00f3n t\u00e9cnica avanzada de nuestros productos para usuarios registrados: Si tiene un n\u00famero de usuario y [&hellip;]\" \/>\n<meta property=\"og:url\" content=\"https:\/\/hidral.com\/fr\/autoconfigurador\/\" \/>\n<meta property=\"og:site_name\" content=\"Hidral\" \/>\n<meta property=\"article:modified_time\" content=\"2025-12-10T08:16:44+00:00\" \/>\n<meta name=\"twitter:card\" content=\"summary_large_image\" \/>\n<meta name=\"twitter:label1\" content=\"Dur\u00e9e de lecture estim\u00e9e\" \/>\n\t<meta name=\"twitter:data1\" content=\"1 minute\" \/>\n<script type=\"application\/ld+json\" class=\"yoast-schema-graph\">{\"@context\":\"https:\\\/\\\/schema.org\",\"@graph\":[{\"@type\":\"WebPage\",\"@id\":\"https:\\\/\\\/hidral.com\\\/autoconfigurador\\\/\",\"url\":\"https:\\\/\\\/hidral.com\\\/autoconfigurador\\\/\",\"name\":\"Autoconfigurador - Hidral\",\"isPartOf\":{\"@id\":\"https:\\\/\\\/hidral.com\\\/fr\\\/#website\"},\"datePublished\":\"2025-02-03T07:29:36+00:00\",\"dateModified\":\"2025-12-10T08:16:44+00:00\",\"breadcrumb\":{\"@id\":\"https:\\\/\\\/hidral.com\\\/autoconfigurador\\\/#breadcrumb\"},\"inLanguage\":\"fr-FR\",\"potentialAction\":[{\"@type\":\"ReadAction\",\"target\":[\"https:\\\/\\\/hidral.com\\\/autoconfigurador\\\/\"]}]},{\"@type\":\"BreadcrumbList\",\"@id\":\"https:\\\/\\\/hidral.com\\\/autoconfigurador\\\/#breadcrumb\",\"itemListElement\":[{\"@type\":\"ListItem\",\"position\":1,\"name\":\"Portada\",\"item\":\"https:\\\/\\\/hidral.com\\\/fr\\\/\"},{\"@type\":\"ListItem\",\"position\":2,\"name\":\"Autoconfigurador\"}]},{\"@type\":\"WebSite\",\"@id\":\"https:\\\/\\\/hidral.com\\\/fr\\\/#website\",\"url\":\"https:\\\/\\\/hidral.com\\\/fr\\\/\",\"name\":\"Hidral\",\"description\":\"Soluciones globales para la elevaci\u00f3n\",\"publisher\":{\"@id\":\"https:\\\/\\\/hidral.com\\\/fr\\\/#organization\"},\"potentialAction\":[{\"@type\":\"SearchAction\",\"target\":{\"@type\":\"EntryPoint\",\"urlTemplate\":\"https:\\\/\\\/hidral.com\\\/fr\\\/?s={search_term_string}\"},\"query-input\":{\"@type\":\"PropertyValueSpecification\",\"valueRequired\":true,\"valueName\":\"search_term_string\"}}],\"inLanguage\":\"fr-FR\"},{\"@type\":\"Organization\",\"@id\":\"https:\\\/\\\/hidral.com\\\/fr\\\/#organization\",\"name\":\"Hidral\",\"url\":\"https:\\\/\\\/hidral.com\\\/fr\\\/\",\"logo\":{\"@type\":\"ImageObject\",\"inLanguage\":\"fr-FR\",\"@id\":\"https:\\\/\\\/hidral.com\\\/fr\\\/#\\\/schema\\\/logo\\\/image\\\/\",\"url\":\"https:\\\/\\\/hidral.com\\\/wp-content\\\/uploads\\\/2025\\\/01\\\/icono-hidral-02.svg\",\"contentUrl\":\"https:\\\/\\\/hidral.com\\\/wp-content\\\/uploads\\\/2025\\\/01\\\/icono-hidral-02.svg\",\"caption\":\"Hidral\"},\"image\":{\"@id\":\"https:\\\/\\\/hidral.com\\\/fr\\\/#\\\/schema\\\/logo\\\/image\\\/\"}}]}<\/script>\n<!-- \/ Yoast SEO plugin. -->","yoast_head_json":{"title":"Autoconfigurateur - Hidral","robots":{"index":"index","follow":"follow","max-snippet":"max-snippet:-1","max-image-preview":"max-image-preview:large","max-video-preview":"max-video-preview:-1"},"canonical":"https:\/\/hidral.com\/fr\/autoconfigurador\/","og_locale":"fr_FR","og_type":"article","og_title":"Autoconfigurador - Hidral","og_description":"AUTOCONFIGURADOR Acceso al autoconfigurador En Hidral fabricamos exclusivamente para profesionales del ascensor. Si ya eres nuestro cliente, accede con tu n\u00famero de cliente y contrase\u00f1a. Si a\u00fan no lo eres, no dudes en registrarte. Usuario registrado Acceso exclusivo a informaci\u00f3n t\u00e9cnica avanzada de nuestros productos para usuarios registrados: Si tiene un n\u00famero de usuario y [&hellip;]","og_url":"https:\/\/hidral.com\/fr\/autoconfigurador\/","og_site_name":"Hidral","article_modified_time":"2025-12-10T08:16:44+00:00","twitter_card":"summary_large_image","twitter_misc":{"Dur\u00e9e de lecture estim\u00e9e":"1 minute"},"schema":{"@context":"https:\/\/schema.org","@graph":[{"@type":"WebPage","@id":"https:\/\/hidral.com\/autoconfigurador\/","url":"https:\/\/hidral.com\/autoconfigurador\/","name":"Autoconfigurateur - Hidral","isPartOf":{"@id":"https:\/\/hidral.com\/fr\/#website"},"datePublished":"2025-02-03T07:29:36+00:00","dateModified":"2025-12-10T08:16:44+00:00","breadcrumb":{"@id":"https:\/\/hidral.com\/autoconfigurador\/#breadcrumb"},"inLanguage":"fr-FR","potentialAction":[{"@type":"ReadAction","target":["https:\/\/hidral.com\/autoconfigurador\/"]}]},{"@type":"BreadcrumbList","@id":"https:\/\/hidral.com\/autoconfigurador\/#breadcrumb","itemListElement":[{"@type":"ListItem","position":1,"name":"Portada","item":"https:\/\/hidral.com\/fr\/"},{"@type":"ListItem","position":2,"name":"Autoconfigurador"}]},{"@type":"WebSite","@id":"https:\/\/hidral.com\/fr\/#website","url":"https:\/\/hidral.com\/fr\/","name":"Hidral","description":"Solutions globales pour le levage","publisher":{"@id":"https:\/\/hidral.com\/fr\/#organization"},"potentialAction":[{"@type":"SearchAction","target":{"@type":"EntryPoint","urlTemplate":"https:\/\/hidral.com\/fr\/?s={search_term_string}"},"query-input":{"@type":"PropertyValueSpecification","valueRequired":true,"valueName":"search_term_string"}}],"inLanguage":"fr-FR"},{"@type":"Organization","@id":"https:\/\/hidral.com\/fr\/#organization","name":"Hidral","url":"https:\/\/hidral.com\/fr\/","logo":{"@type":"ImageObject","inLanguage":"fr-FR","@id":"https:\/\/hidral.com\/fr\/#\/schema\/logo\/image\/","url":"https:\/\/hidral.com\/wp-content\/uploads\/2025\/01\/icono-hidral-02.svg","contentUrl":"https:\/\/hidral.com\/wp-content\/uploads\/2025\/01\/icono-hidral-02.svg","caption":"Hidral"},"image":{"@id":"https:\/\/hidral.com\/fr\/#\/schema\/logo\/image\/"}}]}},"_links":{"self":[{"href":"https:\/\/hidral.com\/fr\/wp-json\/wp\/v2\/pages\/2404","targetHints":{"allow":["GET"]}}],"collection":[{"href":"https:\/\/hidral.com\/fr\/wp-json\/wp\/v2\/pages"}],"about":[{"href":"https:\/\/hidral.com\/fr\/wp-json\/wp\/v2\/types\/page"}],"author":[{"embeddable":true,"href":"https:\/\/hidral.com\/fr\/wp-json\/wp\/v2\/users\/1"}],"replies":[{"embeddable":true,"href":"https:\/\/hidral.com\/fr\/wp-json\/wp\/v2\/comments?post=2404"}],"version-history":[{"count":40,"href":"https:\/\/hidral.com\/fr\/wp-json\/wp\/v2\/pages\/2404\/revisions"}],"predecessor-version":[{"id":5480,"href":"https:\/\/hidral.com\/fr\/wp-json\/wp\/v2\/pages\/2404\/revisions\/5480"}],"wp:attachment":[{"href":"https:\/\/hidral.com\/fr\/wp-json\/wp\/v2\/media?parent=2404"}],"curies":[{"name":"wp","href":"https:\/\/api.w.org\/{rel}","templated":true}]}}