{"id":1571,"date":"2025-01-13T09:14:42","date_gmt":"2025-01-13T09:14:42","guid":{"rendered":"https:\/\/hidral.com\/?page_id=1571"},"modified":"2025-12-10T08:24:08","modified_gmt":"2025-12-10T08:24:08","slug":"politica-de-empresa","status":"publish","type":"page","link":"https:\/\/hidral.com\/fr\/politica-de-empresa\/","title":{"rendered":"Politique de l'entreprise"},"content":{"rendered":"<div data-elementor-type=\"wp-page\" data-elementor-id=\"1571\" class=\"elementor elementor-1571\" data-elementor-post-type=\"page\">\n\t\t\t\t\t\t<section class=\"elementor-section elementor-top-section elementor-element elementor-element-6df07ab elementor-section-boxed elementor-section-height-default elementor-section-height-default\" data-id=\"6df07ab\" data-element_type=\"section\" data-e-type=\"section\">\n\t\t\t\t\t\t<div class=\"elementor-container elementor-column-gap-default\">\n\t\t\t\t\t<div class=\"elementor-column elementor-col-100 elementor-top-column elementor-element elementor-element-a7e8320\" data-id=\"a7e8320\" data-element_type=\"column\" data-e-type=\"column\">\n\t\t\t<div class=\"elementor-widget-wrap elementor-element-populated\">\n\t\t\t\t\t\t<div class=\"elementor-element elementor-element-8e8a848 e-transform elementor-widget elementor-widget-heading\" data-id=\"8e8a848\" data-element_type=\"widget\" data-e-type=\"widget\" data-settings=\"{&quot;_transform_scale_effect_mobile&quot;:{&quot;unit&quot;:&quot;px&quot;,&quot;size&quot;:0.8,&quot;sizes&quot;:[]},&quot;_transform_scale_effect&quot;:{&quot;unit&quot;:&quot;px&quot;,&quot;size&quot;:&quot;&quot;,&quot;sizes&quot;:[]},&quot;_transform_scale_effect_tablet&quot;:{&quot;unit&quot;:&quot;px&quot;,&quot;size&quot;:&quot;&quot;,&quot;sizes&quot;:[]}}\" data-widget_type=\"heading.default\">\n\t\t\t\t<div class=\"elementor-widget-container\">\n\t\t\t\t\t<h1 class=\"elementor-heading-title elementor-size-default\">Politique de l'entreprise<\/h1>\t\t\t\t<\/div>\n\t\t\t\t<\/div>\n\t\t\t\t\t<\/div>\n\t\t<\/div>\n\t\t\t\t\t<\/div>\n\t\t<\/section>\n\t\t<div class=\"elementor-element elementor-element-48d933b e-flex e-con-boxed e-con e-parent\" data-id=\"48d933b\" data-element_type=\"container\" data-e-type=\"container\">\n\t\t\t\t\t<div class=\"e-con-inner\">\n\t\t\t\t<div class=\"elementor-element elementor-element-bfe5262 elementor-widget elementor-widget-text-editor\" data-id=\"bfe5262\" data-element_type=\"widget\" data-e-type=\"widget\" data-widget_type=\"text-editor.default\">\n\t\t\t\t<div class=\"elementor-widget-container\">\n\t\t\t\t\t\t\t\t\t<p data-start=\"128\" data-end=\"400\">La direction de Hidral S.A. comprend que la qualit\u00e9 est un facteur strat\u00e9gique cl\u00e9 pour pouvoir s'adapter \u00e0 un march\u00e9 de plus en plus comp\u00e9titif et changeant et, par cons\u00e9quent, elle fonde sa politique de qualit\u00e9 sur l'expression et la transmission de son engagement \u00e0 l'\u00e9gard des principes suivants :<\/p><p data-start=\"402\" data-end=\"553\">La chose la plus importante est <strong data-start=\"423\" data-end=\"489\">r\u00e9pondre aux besoins et aux attentes de nos clients<\/strong>en tenant compte des dispositions l\u00e9gales et r\u00e9glementaires.<\/p><p data-start=\"555\" data-end=\"642\">Nous devons offrir une <strong data-start=\"574\" data-end=\"628\">un niveau \u00e9lev\u00e9 de service et d'engagement envers le client<\/strong>en y contribuant :<\/p><ul><li data-start=\"555\" data-end=\"642\">Des produits d'une grande fiabilit\u00e9, visant le z\u00e9ro d\u00e9faut<\/li><li>Excellent service, r\u00e9ponse rapide<\/li><li>Conseils et formation sur l'utilisation de nos produits<\/li><li>Offrir des solutions cl\u00e9s en main, y compris en mati\u00e8re de transport et de logistique<\/li><li data-start=\"902\" data-end=\"1024\"><strong data-start=\"902\" data-end=\"946\">Mettre en place un processus d'am\u00e9lioration continue<\/strong> sur la base d'indicateurs de processus et de l'analyse des donn\u00e9es d'entr\u00e9e.<\/li><li data-start=\"1026\" data-end=\"1147\"><strong data-start=\"1026\" data-end=\"1052\">Encourager l'innovation<\/strong> en tant que processus syst\u00e9matique, continu et de grande envergure ; la promotion de l'esprit d'entreprise.<\/li><li data-start=\"1149\" data-end=\"1291\"><strong data-start=\"1149\" data-end=\"1180\">Fixer des objectifs annuels<\/strong> qui sont align\u00e9s sur cette politique, en identifiant les exigences et les ressources n\u00e9cessaires pour les atteindre.<\/li><li data-start=\"1293\" data-end=\"1403\"><strong data-start=\"1293\" data-end=\"1322\">Encourager la communication<\/strong>et le travail d'\u00e9quipe entre tous les employ\u00e9s et les diff\u00e9rents d\u00e9partements.<\/li><li data-start=\"1405\" data-end=\"1892\"><strong data-start=\"1405\" data-end=\"1443\">Promouvoir le d\u00e9veloppement professionnel<\/strong> de tous les employ\u00e9s par la formation et l'am\u00e9lioration de leurs comp\u00e9tences ; nous essayons \u00e9galement de r\u00e9pondre \u00e0 leurs besoins dans la mesure du possible et de leur offrir un environnement de travail satisfaisant. En outre, nous visons \u00e0 offrir une r\u00e9mun\u00e9ration sup\u00e9rieure \u00e0 la moyenne du march\u00e9 du travail dans notre environnement et notre secteur ; nous nous effor\u00e7ons d'\u00eatre justes et non discriminatoires, en promouvant l'\u00e9galit\u00e9 de traitement et des chances sur le lieu de travail.<\/li><li data-start=\"1894\" data-end=\"2125\"><strong data-start=\"1894\" data-end=\"1931\">Promouvoir la culture de la qualit\u00e9<\/strong>ainsi que la <strong data-start=\"1945\" data-end=\"1980\">la sant\u00e9 et la s\u00e9curit\u00e9 au travail<\/strong>signifie une utilisation plus efficace des ressources de l'entreprise et donc une r\u00e9duction des co\u00fbts et une augmentation de la productivit\u00e9.<\/li><li data-start=\"2127\" data-end=\"2191\"><strong data-start=\"2127\" data-end=\"2152\">S'efforcer de faire de l'aust\u00e9rit\u00e9<\/strong> et d'exercer un contr\u00f4le ad\u00e9quat sur les d\u00e9penses.<\/li><li data-start=\"2193\" data-end=\"2374\"><strong data-start=\"2193\" data-end=\"2239\">Promouvoir la transparence et l'honn\u00eatet\u00e9.<\/strong> Toutes les initiatives et tous les projets \u00e0 lancer doivent \u00eatre align\u00e9s sur le positionnement, la strat\u00e9gie et les politiques de l'entreprise.<\/li><\/ul><hr data-start=\"2376\" data-end=\"2379\" \/><p data-start=\"2381\" data-end=\"2773\">Cette politique s'applique \u00e0 toutes les activit\u00e9s et \u00e0 tous les centres de HIDRAL S.A. et fera l'objet d'une r\u00e9vision p\u00e9riodique par la direction afin de s'adapter \u00e0 la situation actuelle. Cette d\u00e9claration sera diffus\u00e9e \u00e0 tous les membres de l'organisation, afin qu'elle soit comprise et prise en compte dans les activit\u00e9s quotidiennes, et sera \u00e9galement mise \u00e0 la disposition des entreprises et des parties int\u00e9ress\u00e9es.<\/p><h6 data-start=\"2775\" data-end=\"2833\"><strong>M. Florencio A. Chacartegui G\u00f3mez<\/strong><br data-start=\"2812\" data-end=\"2815\" \/><strong>Directeur g\u00e9n\u00e9ral<\/strong><\/h6>\t\t\t\t\t\t\t\t<\/div>\n\t\t\t\t<\/div>\n\t\t\t\t\t<\/div>\n\t\t\t\t<\/div>\n\t\t\t\t<\/div>","protected":false},"excerpt":{"rendered":"<p>Pol\u00edtica de empresa La Direcci\u00f3n de Hidral S.A. entiende que la Calidad es un factor estrat\u00e9gico clave para poder adaptarnos a un mercado cada vez m\u00e1s competitivo y cambiante y por tanto fundamenta su pol\u00edtica de calidad en manifestar y transmitir su compromiso con los siguientes principios: Lo m\u00e1s importante es satisfacer las necesidades y [&hellip;]<\/p>\n","protected":false},"author":1,"featured_media":0,"parent":0,"menu_order":0,"comment_status":"closed","ping_status":"closed","template":"elementor_header_footer","meta":{"footnotes":""},"class_list":["post-1571","page","type-page","status-publish","hentry"],"yoast_head":"<!-- This site is optimized with the Yoast SEO plugin v27.4 - https:\/\/yoast.com\/product\/yoast-seo-wordpress\/ -->\n<title>Pol\u00edtica de empresa - Hidral<\/title>\n<meta name=\"robots\" content=\"index, follow, max-snippet:-1, max-image-preview:large, max-video-preview:-1\" \/>\n<link rel=\"canonical\" href=\"https:\/\/hidral.com\/fr\/politica-de-empresa\/\" \/>\n<meta property=\"og:locale\" content=\"fr_FR\" \/>\n<meta property=\"og:type\" content=\"article\" \/>\n<meta property=\"og:title\" content=\"Pol\u00edtica de empresa - Hidral\" \/>\n<meta property=\"og:description\" content=\"Pol\u00edtica de empresa La Direcci\u00f3n de Hidral S.A. entiende que la Calidad es un factor estrat\u00e9gico clave para poder adaptarnos a un mercado cada vez m\u00e1s competitivo y cambiante y por tanto fundamenta su pol\u00edtica de calidad en manifestar y transmitir su compromiso con los siguientes principios: Lo m\u00e1s importante es satisfacer las necesidades y [&hellip;]\" \/>\n<meta property=\"og:url\" content=\"https:\/\/hidral.com\/fr\/politica-de-empresa\/\" \/>\n<meta property=\"og:site_name\" content=\"Hidral\" \/>\n<meta property=\"article:modified_time\" content=\"2025-12-10T08:24:08+00:00\" \/>\n<meta name=\"twitter:card\" content=\"summary_large_image\" \/>\n<meta name=\"twitter:label1\" content=\"Dur\u00e9e de lecture estim\u00e9e\" \/>\n\t<meta name=\"twitter:data1\" content=\"2 minutes\" \/>\n<script type=\"application\/ld+json\" class=\"yoast-schema-graph\">{\"@context\":\"https:\\\/\\\/schema.org\",\"@graph\":[{\"@type\":\"WebPage\",\"@id\":\"https:\\\/\\\/hidral.com\\\/politica-de-empresa\\\/\",\"url\":\"https:\\\/\\\/hidral.com\\\/politica-de-empresa\\\/\",\"name\":\"Pol\u00edtica de empresa - Hidral\",\"isPartOf\":{\"@id\":\"https:\\\/\\\/hidral.com\\\/fr\\\/#website\"},\"datePublished\":\"2025-01-13T09:14:42+00:00\",\"dateModified\":\"2025-12-10T08:24:08+00:00\",\"breadcrumb\":{\"@id\":\"https:\\\/\\\/hidral.com\\\/politica-de-empresa\\\/#breadcrumb\"},\"inLanguage\":\"fr-FR\",\"potentialAction\":[{\"@type\":\"ReadAction\",\"target\":[\"https:\\\/\\\/hidral.com\\\/politica-de-empresa\\\/\"]}]},{\"@type\":\"BreadcrumbList\",\"@id\":\"https:\\\/\\\/hidral.com\\\/politica-de-empresa\\\/#breadcrumb\",\"itemListElement\":[{\"@type\":\"ListItem\",\"position\":1,\"name\":\"Portada\",\"item\":\"https:\\\/\\\/hidral.com\\\/fr\\\/\"},{\"@type\":\"ListItem\",\"position\":2,\"name\":\"Pol\u00edtica de empresa\"}]},{\"@type\":\"WebSite\",\"@id\":\"https:\\\/\\\/hidral.com\\\/fr\\\/#website\",\"url\":\"https:\\\/\\\/hidral.com\\\/fr\\\/\",\"name\":\"Hidral\",\"description\":\"Soluciones globales para la elevaci\u00f3n\",\"publisher\":{\"@id\":\"https:\\\/\\\/hidral.com\\\/fr\\\/#organization\"},\"potentialAction\":[{\"@type\":\"SearchAction\",\"target\":{\"@type\":\"EntryPoint\",\"urlTemplate\":\"https:\\\/\\\/hidral.com\\\/fr\\\/?s={search_term_string}\"},\"query-input\":{\"@type\":\"PropertyValueSpecification\",\"valueRequired\":true,\"valueName\":\"search_term_string\"}}],\"inLanguage\":\"fr-FR\"},{\"@type\":\"Organization\",\"@id\":\"https:\\\/\\\/hidral.com\\\/fr\\\/#organization\",\"name\":\"Hidral\",\"url\":\"https:\\\/\\\/hidral.com\\\/fr\\\/\",\"logo\":{\"@type\":\"ImageObject\",\"inLanguage\":\"fr-FR\",\"@id\":\"https:\\\/\\\/hidral.com\\\/fr\\\/#\\\/schema\\\/logo\\\/image\\\/\",\"url\":\"https:\\\/\\\/hidral.com\\\/wp-content\\\/uploads\\\/2025\\\/01\\\/icono-hidral-02.svg\",\"contentUrl\":\"https:\\\/\\\/hidral.com\\\/wp-content\\\/uploads\\\/2025\\\/01\\\/icono-hidral-02.svg\",\"caption\":\"Hidral\"},\"image\":{\"@id\":\"https:\\\/\\\/hidral.com\\\/fr\\\/#\\\/schema\\\/logo\\\/image\\\/\"}}]}<\/script>\n<!-- \/ Yoast SEO plugin. -->","yoast_head_json":{"title":"Politique de l'entreprise - Hidral","robots":{"index":"index","follow":"follow","max-snippet":"max-snippet:-1","max-image-preview":"max-image-preview:large","max-video-preview":"max-video-preview:-1"},"canonical":"https:\/\/hidral.com\/fr\/politica-de-empresa\/","og_locale":"fr_FR","og_type":"article","og_title":"Pol\u00edtica de empresa - Hidral","og_description":"Pol\u00edtica de empresa La Direcci\u00f3n de Hidral S.A. entiende que la Calidad es un factor estrat\u00e9gico clave para poder adaptarnos a un mercado cada vez m\u00e1s competitivo y cambiante y por tanto fundamenta su pol\u00edtica de calidad en manifestar y transmitir su compromiso con los siguientes principios: Lo m\u00e1s importante es satisfacer las necesidades y [&hellip;]","og_url":"https:\/\/hidral.com\/fr\/politica-de-empresa\/","og_site_name":"Hidral","article_modified_time":"2025-12-10T08:24:08+00:00","twitter_card":"summary_large_image","twitter_misc":{"Dur\u00e9e de lecture estim\u00e9e":"2 minutes"},"schema":{"@context":"https:\/\/schema.org","@graph":[{"@type":"WebPage","@id":"https:\/\/hidral.com\/politica-de-empresa\/","url":"https:\/\/hidral.com\/politica-de-empresa\/","name":"Politique de l'entreprise - Hidral","isPartOf":{"@id":"https:\/\/hidral.com\/fr\/#website"},"datePublished":"2025-01-13T09:14:42+00:00","dateModified":"2025-12-10T08:24:08+00:00","breadcrumb":{"@id":"https:\/\/hidral.com\/politica-de-empresa\/#breadcrumb"},"inLanguage":"fr-FR","potentialAction":[{"@type":"ReadAction","target":["https:\/\/hidral.com\/politica-de-empresa\/"]}]},{"@type":"BreadcrumbList","@id":"https:\/\/hidral.com\/politica-de-empresa\/#breadcrumb","itemListElement":[{"@type":"ListItem","position":1,"name":"Portada","item":"https:\/\/hidral.com\/fr\/"},{"@type":"ListItem","position":2,"name":"Pol\u00edtica de empresa"}]},{"@type":"WebSite","@id":"https:\/\/hidral.com\/fr\/#website","url":"https:\/\/hidral.com\/fr\/","name":"Hidral","description":"Solutions globales pour le levage","publisher":{"@id":"https:\/\/hidral.com\/fr\/#organization"},"potentialAction":[{"@type":"SearchAction","target":{"@type":"EntryPoint","urlTemplate":"https:\/\/hidral.com\/fr\/?s={search_term_string}"},"query-input":{"@type":"PropertyValueSpecification","valueRequired":true,"valueName":"search_term_string"}}],"inLanguage":"fr-FR"},{"@type":"Organization","@id":"https:\/\/hidral.com\/fr\/#organization","name":"Hidral","url":"https:\/\/hidral.com\/fr\/","logo":{"@type":"ImageObject","inLanguage":"fr-FR","@id":"https:\/\/hidral.com\/fr\/#\/schema\/logo\/image\/","url":"https:\/\/hidral.com\/wp-content\/uploads\/2025\/01\/icono-hidral-02.svg","contentUrl":"https:\/\/hidral.com\/wp-content\/uploads\/2025\/01\/icono-hidral-02.svg","caption":"Hidral"},"image":{"@id":"https:\/\/hidral.com\/fr\/#\/schema\/logo\/image\/"}}]}},"_links":{"self":[{"href":"https:\/\/hidral.com\/fr\/wp-json\/wp\/v2\/pages\/1571","targetHints":{"allow":["GET"]}}],"collection":[{"href":"https:\/\/hidral.com\/fr\/wp-json\/wp\/v2\/pages"}],"about":[{"href":"https:\/\/hidral.com\/fr\/wp-json\/wp\/v2\/types\/page"}],"author":[{"embeddable":true,"href":"https:\/\/hidral.com\/fr\/wp-json\/wp\/v2\/users\/1"}],"replies":[{"embeddable":true,"href":"https:\/\/hidral.com\/fr\/wp-json\/wp\/v2\/comments?post=1571"}],"version-history":[{"count":13,"href":"https:\/\/hidral.com\/fr\/wp-json\/wp\/v2\/pages\/1571\/revisions"}],"predecessor-version":[{"id":5507,"href":"https:\/\/hidral.com\/fr\/wp-json\/wp\/v2\/pages\/1571\/revisions\/5507"}],"wp:attachment":[{"href":"https:\/\/hidral.com\/fr\/wp-json\/wp\/v2\/media?parent=1571"}],"curies":[{"name":"wp","href":"https:\/\/api.w.org\/{rel}","templated":true}]}}