{"id":1566,"date":"2025-01-13T09:09:59","date_gmt":"2025-01-13T09:09:59","guid":{"rendered":"https:\/\/hidral.com\/?page_id=1566"},"modified":"2025-12-10T08:23:23","modified_gmt":"2025-12-10T08:23:23","slug":"politica-de-compras","status":"publish","type":"page","link":"https:\/\/hidral.com\/fr\/politica-de-compras\/","title":{"rendered":"Politique d'achat"},"content":{"rendered":"<div data-elementor-type=\"wp-page\" data-elementor-id=\"1566\" class=\"elementor elementor-1566\" data-elementor-post-type=\"page\">\n\t\t\t\t\t\t<section class=\"elementor-section elementor-top-section elementor-element elementor-element-d6c874d elementor-section-boxed elementor-section-height-default elementor-section-height-default\" data-id=\"d6c874d\" data-element_type=\"section\" data-e-type=\"section\">\n\t\t\t\t\t\t<div class=\"elementor-container elementor-column-gap-default\">\n\t\t\t\t\t<div class=\"elementor-column elementor-col-100 elementor-top-column elementor-element elementor-element-3431c12\" data-id=\"3431c12\" data-element_type=\"column\" data-e-type=\"column\">\n\t\t\t<div class=\"elementor-widget-wrap elementor-element-populated\">\n\t\t\t\t\t\t<div class=\"elementor-element elementor-element-d1b1e46 e-transform elementor-widget elementor-widget-heading\" data-id=\"d1b1e46\" data-element_type=\"widget\" data-e-type=\"widget\" data-settings=\"{&quot;_transform_scale_effect_mobile&quot;:{&quot;unit&quot;:&quot;px&quot;,&quot;size&quot;:0.8,&quot;sizes&quot;:[]},&quot;_transform_scale_effect&quot;:{&quot;unit&quot;:&quot;px&quot;,&quot;size&quot;:&quot;&quot;,&quot;sizes&quot;:[]},&quot;_transform_scale_effect_tablet&quot;:{&quot;unit&quot;:&quot;px&quot;,&quot;size&quot;:&quot;&quot;,&quot;sizes&quot;:[]}}\" data-widget_type=\"heading.default\">\n\t\t\t\t<div class=\"elementor-widget-container\">\n\t\t\t\t\t<h1 class=\"elementor-heading-title elementor-size-default\">Politique d'achat<\/h1>\t\t\t\t<\/div>\n\t\t\t\t<\/div>\n\t\t\t\t<div class=\"elementor-element elementor-element-5a275b7 elementor-widget elementor-widget-text-editor\" data-id=\"5a275b7\" data-element_type=\"widget\" data-e-type=\"widget\" data-widget_type=\"text-editor.default\">\n\t\t\t\t<div class=\"elementor-widget-container\">\n\t\t\t\t\t\t\t\t\t<p data-start=\"50\" data-end=\"358\"><strong data-start=\"50\" data-end=\"358\">La politique d'achat de Hidral s.a. vise \u00e0 construire une base solide de fournisseurs et de collaborateurs qui facilite l'acquisition de biens et de services dans les meilleures conditions possibles. Dans tous les domaines et \u00e0 tous les niveaux d'action, la l\u00e9gislation en vigueur doit \u00eatre strictement respect\u00e9e.<\/strong><\/p><p data-start=\"360\" data-end=\"521\">Dans ses relations avec les fournisseurs, Hidral accordera une priorit\u00e9 objective et pond\u00e9r\u00e9e aux caract\u00e9ristiques suivantes, en fonction du service\/produit en question :<\/p><ol data-start=\"523\" data-end=\"860\"><li data-start=\"523\" data-end=\"534\"><p data-start=\"526\" data-end=\"534\">Prix<\/p><\/li><li data-start=\"535\" data-end=\"585\"><p data-start=\"538\" data-end=\"585\">Fiabilit\u00e9 du produit - service contract\u00e9<\/p><\/li><li data-start=\"586\" data-end=\"607\"><p data-start=\"589\" data-end=\"607\">D\u00e9lai de livraison<\/p><\/li><li data-start=\"608\" data-end=\"640\"><p data-start=\"611\" data-end=\"640\">Communication et collaboration<\/p><\/li><li data-start=\"641\" data-end=\"705\"><p data-start=\"644\" data-end=\"705\">Niveau de service (flexibilit\u00e9 et r\u00e9ponse aux urgences)<\/p><\/li><li data-start=\"706\" data-end=\"741\"><p data-start=\"709\" data-end=\"741\">Capacit\u00e9 technique et productive<\/p><\/li><li data-start=\"742\" data-end=\"792\"><p data-start=\"745\" data-end=\"792\">Couverture g\u00e9ographique nationale et internationale<\/p><\/li><li data-start=\"793\" data-end=\"811\"><p data-start=\"796\" data-end=\"811\">Mode de paiement<\/p><\/li><li data-start=\"812\" data-end=\"827\"><p data-start=\"815\" data-end=\"827\">Int\u00e9grit\u00e9<\/p><\/li><li data-start=\"828\" data-end=\"860\"><p data-start=\"832\" data-end=\"860\">Responsabilit\u00e9 financi\u00e8re<\/p><\/li><\/ol><p data-start=\"862\" data-end=\"1080\"><strong data-start=\"862\" data-end=\"1080\">Le service des achats est la porte d'entr\u00e9e pour tous les fournisseurs et canalise les relations avec tous les services de l'entreprise, en garantissant une proc\u00e9dure bas\u00e9e sur les points suivants :<\/strong><\/p><p data-start=\"1082\" data-end=\"2355\">a. Les relations de Hidral avec ses fournisseurs seront r\u00e9gies par les principes d'objectivit\u00e9, de transparence, de non-exclusivit\u00e9 et d'\u00e9galit\u00e9 des chances.<br data-start=\"1235\" data-end=\"1238\" \/>b. Tous les fournisseurs participant \u00e0 une proc\u00e9dure de passation de march\u00e9 re\u00e7oivent des informations compl\u00e8tes sur le produit ou le service \u00e0 fournir.<br data-start=\"1378\" data-end=\"1381\" \/>c. Les informations fournies seront identiques pour tous les fournisseurs, de sorte qu'aucun fournisseur ne b\u00e9n\u00e9ficiera d'un avantage initial et que la concurrence l\u00e9gitime sera encourag\u00e9e.<br data-start=\"1546\" data-end=\"1549\" \/>d. Aucun fournisseur n'est invit\u00e9 \u00e0 participer \u00e0 une proc\u00e9dure d'adjudication visant \u00e0 couvrir des aspects formels.<br data-start=\"1656\" data-end=\"1659\" \/>e. Un fournisseur peut avoir droit \u00e0 une \u00e9valuation en vue de l'agr\u00e9ment.<br data-start=\"1735\" data-end=\"1738\" \/>f. Toutes les demandes recevront une r\u00e9ponse accompagn\u00e9e d'un commentaire sur leur acceptation ou leur rejet. Une r\u00e9ponse n\u00e9gative n'emp\u00eache pas le candidat de soumettre d'autres demandes d\u00e8s lors qu'il a rem\u00e9di\u00e9 \u00e0 la raison du rejet.<br data-start=\"1953\" data-end=\"1956\" data-is-only-node=\"\" \/>g. Le r\u00e9sultat du processus d'approbation est communiqu\u00e9 par \u00e9crit au fournisseur, avec les crit\u00e8res de d\u00e9cision utilis\u00e9s.<br data-start=\"2088\" data-end=\"2091\" \/>h. Des plans d'am\u00e9lioration continue seront \u00e9tablis avec les fournisseurs qui se traduisent par une augmentation de la qualit\u00e9 et profitent donc aux deux parties. Le fournisseur est tenu de faire toutes les suggestions qu'il juge appropri\u00e9es pour am\u00e9liorer les relations entre les deux parties.<\/p><p style=\"font-weight: 400;\">Hidral \u00e9value ses fournisseurs sur la base des crit\u00e8res suivants :<\/p><ol style=\"font-weight: 400;\"><li>Stabilit\u00e9 des prix.<\/li><li>Fiabilit\u00e9 des livraisons (les ruptures de stock ont un impact sur nos clients).<\/li><li>Nombre d'incidents.<\/li><\/ol>\t\t\t\t\t\t\t\t<\/div>\n\t\t\t\t<\/div>\n\t\t\t\t\t<\/div>\n\t\t<\/div>\n\t\t\t\t\t<\/div>\n\t\t<\/section>\n\t\t\t\t<\/div>","protected":false},"excerpt":{"rendered":"<p>Pol\u00edtica de compras La pol\u00edtica de Compras del Hidral s.a. tiene como objetivo construir una base s\u00f3lida de proveedores y colaboradores que facilite la adquisici\u00f3n de bienes y servicios en las mejores condiciones posibles. En todos los \u00e1mbitos y niveles de actuaci\u00f3n se deber\u00e1 cumplir estrictamente con la legalidad vigente. En su relaci\u00f3n con los [&hellip;]<\/p>\n","protected":false},"author":1,"featured_media":0,"parent":0,"menu_order":0,"comment_status":"closed","ping_status":"closed","template":"elementor_header_footer","meta":{"footnotes":""},"class_list":["post-1566","page","type-page","status-publish","hentry"],"yoast_head":"<!-- This site is optimized with the Yoast SEO plugin v27.3 - https:\/\/yoast.com\/product\/yoast-seo-wordpress\/ -->\n<title>Pol\u00edtica de compras - Hidral<\/title>\n<meta name=\"robots\" content=\"index, follow, max-snippet:-1, max-image-preview:large, max-video-preview:-1\" \/>\n<link rel=\"canonical\" href=\"https:\/\/hidral.com\/fr\/politica-de-compras\/\" \/>\n<meta property=\"og:locale\" content=\"fr_FR\" \/>\n<meta property=\"og:type\" content=\"article\" \/>\n<meta property=\"og:title\" content=\"Pol\u00edtica de compras - Hidral\" \/>\n<meta property=\"og:description\" content=\"Pol\u00edtica de compras La pol\u00edtica de Compras del Hidral s.a. tiene como objetivo construir una base s\u00f3lida de proveedores y colaboradores que facilite la adquisici\u00f3n de bienes y servicios en las mejores condiciones posibles. En todos los \u00e1mbitos y niveles de actuaci\u00f3n se deber\u00e1 cumplir estrictamente con la legalidad vigente. En su relaci\u00f3n con los [&hellip;]\" \/>\n<meta property=\"og:url\" content=\"https:\/\/hidral.com\/fr\/politica-de-compras\/\" \/>\n<meta property=\"og:site_name\" content=\"Hidral\" \/>\n<meta property=\"article:modified_time\" content=\"2025-12-10T08:23:23+00:00\" \/>\n<meta name=\"twitter:card\" content=\"summary_large_image\" \/>\n<meta name=\"twitter:label1\" content=\"Dur\u00e9e de lecture estim\u00e9e\" \/>\n\t<meta name=\"twitter:data1\" content=\"2 minutes\" \/>\n<script type=\"application\/ld+json\" class=\"yoast-schema-graph\">{\"@context\":\"https:\\\/\\\/schema.org\",\"@graph\":[{\"@type\":\"WebPage\",\"@id\":\"https:\\\/\\\/hidral.com\\\/politica-de-compras\\\/\",\"url\":\"https:\\\/\\\/hidral.com\\\/politica-de-compras\\\/\",\"name\":\"Pol\u00edtica de compras - Hidral\",\"isPartOf\":{\"@id\":\"https:\\\/\\\/hidral.com\\\/fr\\\/#website\"},\"datePublished\":\"2025-01-13T09:09:59+00:00\",\"dateModified\":\"2025-12-10T08:23:23+00:00\",\"breadcrumb\":{\"@id\":\"https:\\\/\\\/hidral.com\\\/politica-de-compras\\\/#breadcrumb\"},\"inLanguage\":\"fr-FR\",\"potentialAction\":[{\"@type\":\"ReadAction\",\"target\":[\"https:\\\/\\\/hidral.com\\\/politica-de-compras\\\/\"]}]},{\"@type\":\"BreadcrumbList\",\"@id\":\"https:\\\/\\\/hidral.com\\\/politica-de-compras\\\/#breadcrumb\",\"itemListElement\":[{\"@type\":\"ListItem\",\"position\":1,\"name\":\"Portada\",\"item\":\"https:\\\/\\\/hidral.com\\\/fr\\\/\"},{\"@type\":\"ListItem\",\"position\":2,\"name\":\"Pol\u00edtica de compras\"}]},{\"@type\":\"WebSite\",\"@id\":\"https:\\\/\\\/hidral.com\\\/fr\\\/#website\",\"url\":\"https:\\\/\\\/hidral.com\\\/fr\\\/\",\"name\":\"Hidral\",\"description\":\"Soluciones globales para la elevaci\u00f3n\",\"publisher\":{\"@id\":\"https:\\\/\\\/hidral.com\\\/fr\\\/#organization\"},\"potentialAction\":[{\"@type\":\"SearchAction\",\"target\":{\"@type\":\"EntryPoint\",\"urlTemplate\":\"https:\\\/\\\/hidral.com\\\/fr\\\/?s={search_term_string}\"},\"query-input\":{\"@type\":\"PropertyValueSpecification\",\"valueRequired\":true,\"valueName\":\"search_term_string\"}}],\"inLanguage\":\"fr-FR\"},{\"@type\":\"Organization\",\"@id\":\"https:\\\/\\\/hidral.com\\\/fr\\\/#organization\",\"name\":\"Hidral\",\"url\":\"https:\\\/\\\/hidral.com\\\/fr\\\/\",\"logo\":{\"@type\":\"ImageObject\",\"inLanguage\":\"fr-FR\",\"@id\":\"https:\\\/\\\/hidral.com\\\/fr\\\/#\\\/schema\\\/logo\\\/image\\\/\",\"url\":\"https:\\\/\\\/hidral.com\\\/wp-content\\\/uploads\\\/2025\\\/01\\\/icono-hidral-02.svg\",\"contentUrl\":\"https:\\\/\\\/hidral.com\\\/wp-content\\\/uploads\\\/2025\\\/01\\\/icono-hidral-02.svg\",\"caption\":\"Hidral\"},\"image\":{\"@id\":\"https:\\\/\\\/hidral.com\\\/fr\\\/#\\\/schema\\\/logo\\\/image\\\/\"}}]}<\/script>\n<!-- \/ Yoast SEO plugin. -->","yoast_head_json":{"title":"Politique d'achat - Hidral","robots":{"index":"index","follow":"follow","max-snippet":"max-snippet:-1","max-image-preview":"max-image-preview:large","max-video-preview":"max-video-preview:-1"},"canonical":"https:\/\/hidral.com\/fr\/politica-de-compras\/","og_locale":"fr_FR","og_type":"article","og_title":"Pol\u00edtica de compras - Hidral","og_description":"Pol\u00edtica de compras La pol\u00edtica de Compras del Hidral s.a. tiene como objetivo construir una base s\u00f3lida de proveedores y colaboradores que facilite la adquisici\u00f3n de bienes y servicios en las mejores condiciones posibles. En todos los \u00e1mbitos y niveles de actuaci\u00f3n se deber\u00e1 cumplir estrictamente con la legalidad vigente. En su relaci\u00f3n con los [&hellip;]","og_url":"https:\/\/hidral.com\/fr\/politica-de-compras\/","og_site_name":"Hidral","article_modified_time":"2025-12-10T08:23:23+00:00","twitter_card":"summary_large_image","twitter_misc":{"Dur\u00e9e de lecture estim\u00e9e":"2 minutes"},"schema":{"@context":"https:\/\/schema.org","@graph":[{"@type":"WebPage","@id":"https:\/\/hidral.com\/politica-de-compras\/","url":"https:\/\/hidral.com\/politica-de-compras\/","name":"Politique d'achat - Hidral","isPartOf":{"@id":"https:\/\/hidral.com\/fr\/#website"},"datePublished":"2025-01-13T09:09:59+00:00","dateModified":"2025-12-10T08:23:23+00:00","breadcrumb":{"@id":"https:\/\/hidral.com\/politica-de-compras\/#breadcrumb"},"inLanguage":"fr-FR","potentialAction":[{"@type":"ReadAction","target":["https:\/\/hidral.com\/politica-de-compras\/"]}]},{"@type":"BreadcrumbList","@id":"https:\/\/hidral.com\/politica-de-compras\/#breadcrumb","itemListElement":[{"@type":"ListItem","position":1,"name":"Portada","item":"https:\/\/hidral.com\/fr\/"},{"@type":"ListItem","position":2,"name":"Pol\u00edtica de compras"}]},{"@type":"WebSite","@id":"https:\/\/hidral.com\/fr\/#website","url":"https:\/\/hidral.com\/fr\/","name":"Hidral","description":"Solutions globales pour le levage","publisher":{"@id":"https:\/\/hidral.com\/fr\/#organization"},"potentialAction":[{"@type":"SearchAction","target":{"@type":"EntryPoint","urlTemplate":"https:\/\/hidral.com\/fr\/?s={search_term_string}"},"query-input":{"@type":"PropertyValueSpecification","valueRequired":true,"valueName":"search_term_string"}}],"inLanguage":"fr-FR"},{"@type":"Organization","@id":"https:\/\/hidral.com\/fr\/#organization","name":"Hidral","url":"https:\/\/hidral.com\/fr\/","logo":{"@type":"ImageObject","inLanguage":"fr-FR","@id":"https:\/\/hidral.com\/fr\/#\/schema\/logo\/image\/","url":"https:\/\/hidral.com\/wp-content\/uploads\/2025\/01\/icono-hidral-02.svg","contentUrl":"https:\/\/hidral.com\/wp-content\/uploads\/2025\/01\/icono-hidral-02.svg","caption":"Hidral"},"image":{"@id":"https:\/\/hidral.com\/fr\/#\/schema\/logo\/image\/"}}]}},"_links":{"self":[{"href":"https:\/\/hidral.com\/fr\/wp-json\/wp\/v2\/pages\/1566","targetHints":{"allow":["GET"]}}],"collection":[{"href":"https:\/\/hidral.com\/fr\/wp-json\/wp\/v2\/pages"}],"about":[{"href":"https:\/\/hidral.com\/fr\/wp-json\/wp\/v2\/types\/page"}],"author":[{"embeddable":true,"href":"https:\/\/hidral.com\/fr\/wp-json\/wp\/v2\/users\/1"}],"replies":[{"embeddable":true,"href":"https:\/\/hidral.com\/fr\/wp-json\/wp\/v2\/comments?post=1566"}],"version-history":[{"count":13,"href":"https:\/\/hidral.com\/fr\/wp-json\/wp\/v2\/pages\/1566\/revisions"}],"predecessor-version":[{"id":5504,"href":"https:\/\/hidral.com\/fr\/wp-json\/wp\/v2\/pages\/1566\/revisions\/5504"}],"wp:attachment":[{"href":"https:\/\/hidral.com\/fr\/wp-json\/wp\/v2\/media?parent=1566"}],"curies":[{"name":"wp","href":"https:\/\/api.w.org\/{rel}","templated":true}]}}