{"id":1551,"date":"2025-01-13T09:04:39","date_gmt":"2025-01-13T09:04:39","guid":{"rendered":"https:\/\/hidral.com\/?page_id=1551"},"modified":"2025-12-10T08:22:10","modified_gmt":"2025-12-10T08:22:10","slug":"politica-de-cookies","status":"publish","type":"page","link":"https:\/\/hidral.com\/fr\/politica-de-cookies\/","title":{"rendered":"Politique en mati\u00e8re de cookies"},"content":{"rendered":"<div data-elementor-type=\"wp-page\" data-elementor-id=\"1551\" class=\"elementor elementor-1551\" data-elementor-post-type=\"page\">\n\t\t\t\t\t\t<section class=\"elementor-section elementor-top-section elementor-element elementor-element-4423ffea elementor-section-boxed elementor-section-height-default elementor-section-height-default\" data-id=\"4423ffea\" data-element_type=\"section\" data-e-type=\"section\">\n\t\t\t\t\t\t<div class=\"elementor-container elementor-column-gap-default\">\n\t\t\t\t\t<div class=\"elementor-column elementor-col-100 elementor-top-column elementor-element elementor-element-5fdbd1b5\" data-id=\"5fdbd1b5\" data-element_type=\"column\" data-e-type=\"column\">\n\t\t\t<div class=\"elementor-widget-wrap elementor-element-populated\">\n\t\t\t\t\t\t<div class=\"elementor-element elementor-element-28fd792c e-transform elementor-widget elementor-widget-heading\" data-id=\"28fd792c\" data-element_type=\"widget\" data-e-type=\"widget\" data-settings=\"{&quot;_transform_scale_effect_mobile&quot;:{&quot;unit&quot;:&quot;px&quot;,&quot;size&quot;:0.8,&quot;sizes&quot;:[]},&quot;_transform_scale_effect&quot;:{&quot;unit&quot;:&quot;px&quot;,&quot;size&quot;:&quot;&quot;,&quot;sizes&quot;:[]},&quot;_transform_scale_effect_tablet&quot;:{&quot;unit&quot;:&quot;px&quot;,&quot;size&quot;:&quot;&quot;,&quot;sizes&quot;:[]}}\" data-widget_type=\"heading.default\">\n\t\t\t\t<div class=\"elementor-widget-container\">\n\t\t\t\t\t<h1 class=\"elementor-heading-title elementor-size-default\">Politique en mati\u00e8re de cookies<\/h1>\t\t\t\t<\/div>\n\t\t\t\t<\/div>\n\t\t\t\t<div class=\"elementor-element elementor-element-4af061a3 elementor-widget elementor-widget-text-editor\" data-id=\"4af061a3\" data-element_type=\"widget\" data-e-type=\"widget\" data-widget_type=\"text-editor.default\">\n\t\t\t\t<div class=\"elementor-widget-container\">\n\t\t\t\t\t\t\t\t\t<p>Nous vous offrons les informations suivantes conform\u00e9ment aux obligations \u00e9tablies dans la deuxi\u00e8me section de l'article 22 de la loi 34\/2002, du 11 juillet, sur les services de la soci\u00e9t\u00e9 de l'information et le commerce \u00e9lectronique, apr\u00e8s sa modification par le d\u00e9cret-loi royal 13\/2012, du 30 mars.<\/p><h2>Qu'est-ce qu'un biscuit ?<\/h2><p>Un cookie est un fichier qui est t\u00e9l\u00e9charg\u00e9 sur l'ordinateur\/smartphone\/tablette de l'utilisateur lors de l'acc\u00e8s \u00e0 certaines pages web afin de stocker et de r\u00e9cup\u00e9rer des informations sur la navigation effectu\u00e9e \u00e0 partir de cet \u00e9quipement.<\/p><p>Il s'agit d'outils qui jouent un r\u00f4le essentiel dans la fourniture de nombreux services de la soci\u00e9t\u00e9 de l'information. Ils permettent notamment \u00e0 un site web de stocker et de r\u00e9cup\u00e9rer des informations anonymes sur les habitudes de navigation d'un utilisateur ou de son \u00e9quipement et, en fonction des informations obtenues, ils peuvent \u00eatre utilis\u00e9s pour reconna\u00eetre l'utilisateur et am\u00e9liorer le service offert.<\/p><h2>Quels types de cookies ce site web utilise-t-il ?<\/h2><ul><li><h4>Cookies techniques :<\/h4><\/li><\/ul><p>Ils sont strictement n\u00e9cessaires \u00e0 la navigation et \u00e0 la fourniture de certains services qui peuvent \u00eatre express\u00e9ment demand\u00e9s par l'utilisateur. Si ces cookies sont d\u00e9sactiv\u00e9s, il se peut que vous ne puissiez pas recevoir correctement nos contenus et services.<\/p><p>L'utilisation de ces cookies a pour but, par exemple, d'utiliser des \u00e9l\u00e9ments de s\u00e9curit\u00e9 pendant la navigation, de contr\u00f4ler le trafic et la communication de donn\u00e9es, d'identifier la session, d'accepter l'acc\u00e8s \u00e0 des zones restreintes, d'effectuer la demande d'inscription ou de participation \u00e0 un \u00e9v\u00e9nement, de stocker des contenus pour la diffusion de vid\u00e9os ou de sons, de partager des contenus via les r\u00e9seaux sociaux, de m\u00e9moriser les \u00e9l\u00e9ments qui composent une commande, d'effectuer le processus d'achat d'une commande.<\/p><ul><li><h4>Cookies de personnalisation :<\/h4><\/li><\/ul><p>Ils permettent \u00e0 l'utilisateur d'acc\u00e9der au service avec certaines caract\u00e9ristiques g\u00e9n\u00e9rales pr\u00e9d\u00e9finies en fonction d'une s\u00e9rie de crit\u00e8res dans le terminal de l'utilisateur, comme par exemple la langue, le type de navigateur par lequel on acc\u00e8de au service, la configuration r\u00e9gionale \u00e0 partir de laquelle on acc\u00e8de au service, etc.<\/p><ul><li><h4>Cookies analytiques :<\/h4><\/li><\/ul><p>Ces cookies ne sont g\u00e9n\u00e9r\u00e9s que lors de la visite et permettent d'identifier le visiteur de mani\u00e8re anonyme. Ils ont pour but d'identifier les navigateurs et les appareils, et non les personnes, et donc de comptabiliser approximativement le nombre de visiteurs et leur \u00e9volution dans le temps. Ils permettent \u00e9galement d'identifier de mani\u00e8re anonyme les contenus les plus visit\u00e9s et les plus attrayants pour les utilisateurs, le temps de navigation, ainsi que le fait que l'utilisateur qui acc\u00e8de au site est un nouveau visiteur ou un visiteur r\u00e9current.<\/p><p>Nous vous informons que Google a d\u00e9velopp\u00e9 un module compl\u00e9mentaire de d\u00e9sactivation des cookies Google Analytics pour les navigateurs les plus courants, qui permet d'exclure plus facilement l'installation de ces cookies. Vous pouvez obtenir plus d'informations en visitant ce lien externe :\u00a0<a href=\"https:\/\/www.hidral.com\/es\/https:\/\/tools.google.com\/dlpage\/gaoptout?hl=es\" target=\"_blank\" rel=\"noopener\" data-saferedirecturl=\"https:\/\/www.google.com\/url?q=https:\/\/www.hidral.com\/es\/https:\/\/tools.google.com\/dlpage\/gaoptout?hl%3Des&amp;source=gmail&amp;ust=1736845226858000&amp;usg=AOvVaw13T4PJ00DE-ZVxk-ktqFyT\">https:\/\/tools.google.<wbr \/>com\/dlpage\/gaoptout?hl=fr<\/a><\/p><ul><li><h4>Les propres biscuits :<\/h4><ul><li>Techniques<\/li><li>Personnalisation<\/li><\/ul><\/li><li><h4>Cookies de tiers :<\/h4><\/li><\/ul><p>Google Analytics\u00a0\u00a0<a href=\"http:\/\/www.google.es\/intl\/es\/analytics\/privacyoverview.html\" target=\"_blank\" rel=\"noopener\" data-saferedirecturl=\"https:\/\/www.google.com\/url?q=http:\/\/www.google.es\/intl\/es\/analytics\/privacyoverview.html&amp;source=gmail&amp;ust=1736845226858000&amp;usg=AOvVaw2AWFxGjtvVz6G5kbS2hqxb\">voir les d\u00e9tails<\/a><\/p><h2>D\u00e9sactiver les cookies<\/h2><p>Si vous acceptez l'utilisation de cookies dans la banni\u00e8re pop-up, continuez \u00e0 naviguer ou cliquez sur un lien, il sera entendu que vous avez consenti \u00e0 notre politique en mati\u00e8re de cookies et donc \u00e0 l'installation de cookies sur votre ordinateur ou votre appareil.<\/p><p>L'utilisateur peut \u00e0 tout moment modifier la configuration et les autorisations, en choisissant les cookies qu'il souhaite utiliser sur ce site web en configurant les param\u00e8tres de son navigateur :<\/p><ul><li><span style=\"text-decoration: underline;\"><a href=\"https:\/\/support.google.com\/chrome\/answer\/95647?hl=es\" target=\"_blank\" rel=\"noopener\" data-saferedirecturl=\"https:\/\/www.google.com\/url?q=https:\/\/support.google.com\/chrome\/answer\/95647?hl%3Des&amp;source=gmail&amp;ust=1736845226858000&amp;usg=AOvVaw3u1K999VUVoiJYBB-lFdW_\">Chrome<\/a><\/span><\/li><li><span style=\"text-decoration: underline;\"><a href=\"http:\/\/windows.microsoft.com\/es-xl\/internet-explorer\/delete-manage-cookies#ie=ie-10\" target=\"_blank\" rel=\"noopener\" data-saferedirecturl=\"https:\/\/www.google.com\/url?q=http:\/\/windows.microsoft.com\/es-xl\/internet-explorer\/delete-manage-cookies%23ie%3Die-10&amp;source=gmail&amp;ust=1736845226858000&amp;usg=AOvVaw2Xs9FKUE_Xg5hE2kznqUkd\">Explorateur<\/a><\/span><\/li><li><span style=\"text-decoration: underline;\"><a href=\"http:\/\/support.mozilla.org\/es\/kb\/Borrar%20cookies\" target=\"_blank\" rel=\"noopener\" data-saferedirecturl=\"https:\/\/www.google.com\/url?q=http:\/\/support.mozilla.org\/es\/kb\/Borrar%2520cookies&amp;source=gmail&amp;ust=1736845226858000&amp;usg=AOvVaw3D4-kvnEchquBY9U8L-cWW\">Firefox<\/a><\/span><\/li><li><span style=\"text-decoration: underline;\"><a href=\"http:\/\/www.apple.com\/es\/privacy\/use-of-cookies\/\" target=\"_blank\" rel=\"noopener\" data-saferedirecturl=\"https:\/\/www.google.com\/url?q=http:\/\/www.apple.com\/es\/privacy\/use-of-cookies\/&amp;source=gmail&amp;ust=1736845226858000&amp;usg=AOvVaw2vivYVC882djl3-g5L4oAe\">Safari<\/a><\/span><\/li><\/ul><h2>Mise \u00e0 jour de la politique en mati\u00e8re de cookies<\/h2><p>Il est possible que des mises \u00e0 jour soient apport\u00e9es \u00e0 la politique en mati\u00e8re de cookies de notre site web, c'est pourquoi nous vous recommandons de revoir p\u00e9riodiquement cette politique afin d'\u00eatre correctement inform\u00e9 de la mani\u00e8re dont nous utilisons les cookies et de la finalit\u00e9 de cette utilisation.<\/p>\t\t\t\t\t\t\t\t<\/div>\n\t\t\t\t<\/div>\n\t\t\t\t\t<\/div>\n\t\t<\/div>\n\t\t\t\t\t<\/div>\n\t\t<\/section>\n\t\t\t\t<\/div>","protected":false},"excerpt":{"rendered":"<p>Pol\u00edtica de cookies Le ofrecemos la siguiente informaci\u00f3n en cumplimiento de las obligaciones previstas en el apartado segundo del articulo 22 de la Ley 34\/2002, de 11 de julio, de servicios de la sociedad de la informaci\u00f3n y de comercio electr\u00f3nico, tras su modificaci\u00f3n por el Real Decreto- ley 13\/2012, de 30 de marzo. \u00bfQu\u00e9 [&hellip;]<\/p>\n","protected":false},"author":1,"featured_media":0,"parent":0,"menu_order":0,"comment_status":"closed","ping_status":"closed","template":"elementor_header_footer","meta":{"footnotes":""},"class_list":["post-1551","page","type-page","status-publish","hentry"],"yoast_head":"<!-- This site is optimized with the Yoast SEO plugin v27.4 - https:\/\/yoast.com\/product\/yoast-seo-wordpress\/ -->\n<title>Pol\u00edtica de cookies - Hidral<\/title>\n<meta name=\"robots\" content=\"index, follow, max-snippet:-1, max-image-preview:large, max-video-preview:-1\" \/>\n<link rel=\"canonical\" href=\"https:\/\/hidral.com\/fr\/politica-de-cookies\/\" \/>\n<meta property=\"og:locale\" content=\"fr_FR\" \/>\n<meta property=\"og:type\" content=\"article\" \/>\n<meta property=\"og:title\" content=\"Pol\u00edtica de cookies - Hidral\" \/>\n<meta property=\"og:description\" content=\"Pol\u00edtica de cookies Le ofrecemos la siguiente informaci\u00f3n en cumplimiento de las obligaciones previstas en el apartado segundo del articulo 22 de la Ley 34\/2002, de 11 de julio, de servicios de la sociedad de la informaci\u00f3n y de comercio electr\u00f3nico, tras su modificaci\u00f3n por el Real Decreto- ley 13\/2012, de 30 de marzo. \u00bfQu\u00e9 [&hellip;]\" \/>\n<meta property=\"og:url\" content=\"https:\/\/hidral.com\/fr\/politica-de-cookies\/\" \/>\n<meta property=\"og:site_name\" content=\"Hidral\" \/>\n<meta property=\"article:modified_time\" content=\"2025-12-10T08:22:10+00:00\" \/>\n<meta name=\"twitter:card\" content=\"summary_large_image\" \/>\n<meta name=\"twitter:label1\" content=\"Dur\u00e9e de lecture estim\u00e9e\" \/>\n\t<meta name=\"twitter:data1\" content=\"3 minutes\" \/>\n<script type=\"application\/ld+json\" class=\"yoast-schema-graph\">{\"@context\":\"https:\\\/\\\/schema.org\",\"@graph\":[{\"@type\":\"WebPage\",\"@id\":\"https:\\\/\\\/hidral.com\\\/politica-de-cookies\\\/\",\"url\":\"https:\\\/\\\/hidral.com\\\/politica-de-cookies\\\/\",\"name\":\"Pol\u00edtica de cookies - Hidral\",\"isPartOf\":{\"@id\":\"https:\\\/\\\/hidral.com\\\/fr\\\/#website\"},\"datePublished\":\"2025-01-13T09:04:39+00:00\",\"dateModified\":\"2025-12-10T08:22:10+00:00\",\"breadcrumb\":{\"@id\":\"https:\\\/\\\/hidral.com\\\/politica-de-cookies\\\/#breadcrumb\"},\"inLanguage\":\"fr-FR\",\"potentialAction\":[{\"@type\":\"ReadAction\",\"target\":[\"https:\\\/\\\/hidral.com\\\/politica-de-cookies\\\/\"]}]},{\"@type\":\"BreadcrumbList\",\"@id\":\"https:\\\/\\\/hidral.com\\\/politica-de-cookies\\\/#breadcrumb\",\"itemListElement\":[{\"@type\":\"ListItem\",\"position\":1,\"name\":\"Portada\",\"item\":\"https:\\\/\\\/hidral.com\\\/fr\\\/\"},{\"@type\":\"ListItem\",\"position\":2,\"name\":\"Pol\u00edtica de cookies\"}]},{\"@type\":\"WebSite\",\"@id\":\"https:\\\/\\\/hidral.com\\\/fr\\\/#website\",\"url\":\"https:\\\/\\\/hidral.com\\\/fr\\\/\",\"name\":\"Hidral\",\"description\":\"Soluciones globales para la elevaci\u00f3n\",\"publisher\":{\"@id\":\"https:\\\/\\\/hidral.com\\\/fr\\\/#organization\"},\"potentialAction\":[{\"@type\":\"SearchAction\",\"target\":{\"@type\":\"EntryPoint\",\"urlTemplate\":\"https:\\\/\\\/hidral.com\\\/fr\\\/?s={search_term_string}\"},\"query-input\":{\"@type\":\"PropertyValueSpecification\",\"valueRequired\":true,\"valueName\":\"search_term_string\"}}],\"inLanguage\":\"fr-FR\"},{\"@type\":\"Organization\",\"@id\":\"https:\\\/\\\/hidral.com\\\/fr\\\/#organization\",\"name\":\"Hidral\",\"url\":\"https:\\\/\\\/hidral.com\\\/fr\\\/\",\"logo\":{\"@type\":\"ImageObject\",\"inLanguage\":\"fr-FR\",\"@id\":\"https:\\\/\\\/hidral.com\\\/fr\\\/#\\\/schema\\\/logo\\\/image\\\/\",\"url\":\"https:\\\/\\\/hidral.com\\\/wp-content\\\/uploads\\\/2025\\\/01\\\/icono-hidral-02.svg\",\"contentUrl\":\"https:\\\/\\\/hidral.com\\\/wp-content\\\/uploads\\\/2025\\\/01\\\/icono-hidral-02.svg\",\"caption\":\"Hidral\"},\"image\":{\"@id\":\"https:\\\/\\\/hidral.com\\\/fr\\\/#\\\/schema\\\/logo\\\/image\\\/\"}}]}<\/script>\n<!-- \/ Yoast SEO plugin. -->","yoast_head_json":{"title":"Politique en mati\u00e8re de cookies - Hidral","robots":{"index":"index","follow":"follow","max-snippet":"max-snippet:-1","max-image-preview":"max-image-preview:large","max-video-preview":"max-video-preview:-1"},"canonical":"https:\/\/hidral.com\/fr\/politica-de-cookies\/","og_locale":"fr_FR","og_type":"article","og_title":"Pol\u00edtica de cookies - Hidral","og_description":"Pol\u00edtica de cookies Le ofrecemos la siguiente informaci\u00f3n en cumplimiento de las obligaciones previstas en el apartado segundo del articulo 22 de la Ley 34\/2002, de 11 de julio, de servicios de la sociedad de la informaci\u00f3n y de comercio electr\u00f3nico, tras su modificaci\u00f3n por el Real Decreto- ley 13\/2012, de 30 de marzo. \u00bfQu\u00e9 [&hellip;]","og_url":"https:\/\/hidral.com\/fr\/politica-de-cookies\/","og_site_name":"Hidral","article_modified_time":"2025-12-10T08:22:10+00:00","twitter_card":"summary_large_image","twitter_misc":{"Dur\u00e9e de lecture estim\u00e9e":"3 minutes"},"schema":{"@context":"https:\/\/schema.org","@graph":[{"@type":"WebPage","@id":"https:\/\/hidral.com\/politica-de-cookies\/","url":"https:\/\/hidral.com\/politica-de-cookies\/","name":"Politique en mati\u00e8re de cookies - Hidral","isPartOf":{"@id":"https:\/\/hidral.com\/fr\/#website"},"datePublished":"2025-01-13T09:04:39+00:00","dateModified":"2025-12-10T08:22:10+00:00","breadcrumb":{"@id":"https:\/\/hidral.com\/politica-de-cookies\/#breadcrumb"},"inLanguage":"fr-FR","potentialAction":[{"@type":"ReadAction","target":["https:\/\/hidral.com\/politica-de-cookies\/"]}]},{"@type":"BreadcrumbList","@id":"https:\/\/hidral.com\/politica-de-cookies\/#breadcrumb","itemListElement":[{"@type":"ListItem","position":1,"name":"Portada","item":"https:\/\/hidral.com\/fr\/"},{"@type":"ListItem","position":2,"name":"Pol\u00edtica de cookies"}]},{"@type":"WebSite","@id":"https:\/\/hidral.com\/fr\/#website","url":"https:\/\/hidral.com\/fr\/","name":"Hidral","description":"Solutions globales pour le levage","publisher":{"@id":"https:\/\/hidral.com\/fr\/#organization"},"potentialAction":[{"@type":"SearchAction","target":{"@type":"EntryPoint","urlTemplate":"https:\/\/hidral.com\/fr\/?s={search_term_string}"},"query-input":{"@type":"PropertyValueSpecification","valueRequired":true,"valueName":"search_term_string"}}],"inLanguage":"fr-FR"},{"@type":"Organization","@id":"https:\/\/hidral.com\/fr\/#organization","name":"Hidral","url":"https:\/\/hidral.com\/fr\/","logo":{"@type":"ImageObject","inLanguage":"fr-FR","@id":"https:\/\/hidral.com\/fr\/#\/schema\/logo\/image\/","url":"https:\/\/hidral.com\/wp-content\/uploads\/2025\/01\/icono-hidral-02.svg","contentUrl":"https:\/\/hidral.com\/wp-content\/uploads\/2025\/01\/icono-hidral-02.svg","caption":"Hidral"},"image":{"@id":"https:\/\/hidral.com\/fr\/#\/schema\/logo\/image\/"}}]}},"_links":{"self":[{"href":"https:\/\/hidral.com\/fr\/wp-json\/wp\/v2\/pages\/1551","targetHints":{"allow":["GET"]}}],"collection":[{"href":"https:\/\/hidral.com\/fr\/wp-json\/wp\/v2\/pages"}],"about":[{"href":"https:\/\/hidral.com\/fr\/wp-json\/wp\/v2\/types\/page"}],"author":[{"embeddable":true,"href":"https:\/\/hidral.com\/fr\/wp-json\/wp\/v2\/users\/1"}],"replies":[{"embeddable":true,"href":"https:\/\/hidral.com\/fr\/wp-json\/wp\/v2\/comments?post=1551"}],"version-history":[{"count":13,"href":"https:\/\/hidral.com\/fr\/wp-json\/wp\/v2\/pages\/1551\/revisions"}],"predecessor-version":[{"id":5498,"href":"https:\/\/hidral.com\/fr\/wp-json\/wp\/v2\/pages\/1551\/revisions\/5498"}],"wp:attachment":[{"href":"https:\/\/hidral.com\/fr\/wp-json\/wp\/v2\/media?parent=1551"}],"curies":[{"name":"wp","href":"https:\/\/api.w.org\/{rel}","templated":true}]}}