{"id":1009,"date":"2024-11-15T09:03:08","date_gmt":"2024-11-15T09:03:08","guid":{"rendered":"https:\/\/hidral.com\/?page_id=1009"},"modified":"2025-12-10T07:30:01","modified_gmt":"2025-12-10T07:30:01","slug":"translift","status":"publish","type":"page","link":"https:\/\/hidral.com\/fr\/translift\/","title":{"rendered":"Translift"},"content":{"rendered":"\t\t<div data-elementor-type=\"wp-page\" data-elementor-id=\"1009\" class=\"elementor elementor-1009\" data-elementor-post-type=\"page\">\n\t\t\t\t<div class=\"elementor-element elementor-element-3b739aa e-flex e-con-boxed e-con e-parent\" data-id=\"3b739aa\" data-element_type=\"container\" data-e-type=\"container\">\n\t\t\t\t\t<div class=\"e-con-inner\">\n\t\t<div class=\"elementor-element elementor-element-a4c8312 e-con-full e-flex e-con e-child\" data-id=\"a4c8312\" data-element_type=\"container\" data-e-type=\"container\">\n\t\t\t\t<div class=\"elementor-element elementor-element-9fb86d7 elementor-icon-list--layout-inline elementor-list-item-link-full_width elementor-widget elementor-widget-icon-list\" data-id=\"9fb86d7\" data-element_type=\"widget\" data-e-type=\"widget\" data-widget_type=\"icon-list.default\">\n\t\t\t\t<div class=\"elementor-widget-container\">\n\t\t\t\t\t\t\t<ul class=\"elementor-icon-list-items elementor-inline-items\">\n\t\t\t\t\t\t\t<li class=\"elementor-icon-list-item elementor-inline-item\">\n\t\t\t\t\t\t\t\t\t\t<span class=\"elementor-icon-list-text\">Te ayudamos, \u00bfqu\u00e9 necesitas? <\/span>\n\t\t\t\t\t\t\t\t\t<\/li>\n\t\t\t\t\t\t<\/ul>\n\t\t\t\t\t\t<\/div>\n\t\t\t\t<\/div>\n\t\t\t\t<div class=\"elementor-element elementor-element-ef2d087 elementor-widget elementor-widget-heading\" data-id=\"ef2d087\" data-element_type=\"widget\" data-e-type=\"widget\" data-widget_type=\"heading.default\">\n\t\t\t\t<div class=\"elementor-widget-container\">\n\t\t\t\t\t<h1 class=\"elementor-heading-title elementor-size-default\">Soluciones de elevaci\u00f3n<\/h1>\t\t\t\t<\/div>\n\t\t\t\t<\/div>\n\t\t\t\t<div class=\"elementor-element elementor-element-4a630cc elementor-widget elementor-widget-text-editor\" data-id=\"4a630cc\" data-element_type=\"widget\" data-e-type=\"widget\" data-widget_type=\"text-editor.default\">\n\t\t\t\t<div class=\"elementor-widget-container\">\n\t\t\t\t\t\t\t\t\t<p><span style=\"font-weight: 400;\">Hidral es empresa distribuidora oficial de <\/span><span style=\"font-weight: 400;\">las mesas elevadoras de tijera, plataformas de trabajo y elevadores de mercanc\u00edas Translyft, productos dise\u00f1ados para mejorar la ergonom\u00eda y la eficiencia en el manejo de cargas. Con m\u00e1s de 50 a\u00f1os de experiencia, sus soluciones abarcan aplicaciones en fabricaci\u00f3n, log\u00edstica y procesamiento, contribuyendo a un entorno laboral seguro y productivo.\u00a0<\/span><\/p>\t\t\t\t\t\t\t\t<\/div>\n\t\t\t\t<\/div>\n\t\t\t\t<div class=\"elementor-element elementor-element-e3f2814 elementor-align-left elementor-button-info elementor-widget elementor-widget-button\" data-id=\"e3f2814\" data-element_type=\"widget\" data-e-type=\"widget\" data-widget_type=\"button.default\">\n\t\t\t\t<div class=\"elementor-widget-container\">\n\t\t\t\t\t\t\t\t\t<div class=\"elementor-button-wrapper\">\n\t\t\t\t\t<a class=\"elementor-button elementor-button-link elementor-size-sm elementor-animation-shrink\" href=\"https:\/\/translyft.com\/es\/\" target=\"_blank\">\n\t\t\t\t\t\t<span class=\"elementor-button-content-wrapper\">\n\t\t\t\t\t\t\t\t\t<span class=\"elementor-button-text\">conoce nuestra gama de tijeras<\/span>\n\t\t\t\t\t<\/span>\n\t\t\t\t\t<\/a>\n\t\t\t\t<\/div>\n\t\t\t\t\t\t\t\t<\/div>\n\t\t\t\t<\/div>\n\t\t\t\t<\/div>\n\t\t<div class=\"elementor-element elementor-element-0a12432 e-con-full e-flex e-con e-child\" data-id=\"0a12432\" data-element_type=\"container\" data-e-type=\"container\" data-settings=\"{&quot;background_background&quot;:&quot;classic&quot;}\">\n\t\t\t\t<\/div>\n\t\t\t\t\t<\/div>\n\t\t\t\t<\/div>\n\t\t<div class=\"elementor-element elementor-element-082feff e-flex e-con-boxed e-con e-parent\" data-id=\"082feff\" data-element_type=\"container\" data-e-type=\"container\">\n\t\t\t\t\t<div class=\"e-con-inner\">\n\t\t<div class=\"elementor-element elementor-element-5702a70 e-con-full e-flex e-con e-child\" data-id=\"5702a70\" data-element_type=\"container\" data-e-type=\"container\">\n\t\t\t\t<\/div>\n\t\t<div class=\"elementor-element elementor-element-f678955 e-con-full e-transform e-flex elementor-invisible e-con e-child\" data-id=\"f678955\" data-element_type=\"container\" data-e-type=\"container\" data-settings=\"{&quot;_transform_skewX_effect_hover&quot;:{&quot;unit&quot;:&quot;px&quot;,&quot;size&quot;:&quot;&quot;,&quot;sizes&quot;:[]},&quot;_transform_skewX_effect_hover_tablet&quot;:{&quot;unit&quot;:&quot;deg&quot;,&quot;size&quot;:&quot;&quot;,&quot;sizes&quot;:[]},&quot;_transform_skewX_effect_hover_mobile&quot;:{&quot;unit&quot;:&quot;deg&quot;,&quot;size&quot;:&quot;&quot;,&quot;sizes&quot;:[]},&quot;_transform_skewY_effect_hover&quot;:{&quot;unit&quot;:&quot;px&quot;,&quot;size&quot;:&quot;&quot;,&quot;sizes&quot;:[]},&quot;_transform_skewY_effect_hover_tablet&quot;:{&quot;unit&quot;:&quot;deg&quot;,&quot;size&quot;:&quot;&quot;,&quot;sizes&quot;:[]},&quot;_transform_skewY_effect_hover_mobile&quot;:{&quot;unit&quot;:&quot;deg&quot;,&quot;size&quot;:&quot;&quot;,&quot;sizes&quot;:[]}}\">\n\t\t\t\t<div class=\"elementor-element elementor-element-7f3b73b elementor-widget elementor-widget-html\" data-id=\"7f3b73b\" data-element_type=\"widget\" data-e-type=\"widget\" data-widget_type=\"html.default\">\n\t\t\t\t<div class=\"elementor-widget-container\">\n\t\t\t\t\t<script src=\"https:\/\/chat.iaclover.com\/embed\/embed.js\"><\/script>\r\n<script>\r\n    document.addEventListener('DOMContentLoaded', () => {\r\n        const cloverChat = window.CloverChat.init({\r\n            clientId: 'Hidral',\r\n            apiKey: 'sk-clv-b3a57d25dc5b3236e8e04a52c24ecdeb8e5224c9649d4a86a31fad10f079f842',\r\n            theme: 'light',\r\n            position: 'bottom-right',\r\n            width: '420px',\r\n            height: '650px',\r\n            baseUrl: 'https:\/\/chat.iaclover.com',\r\n            buttonImage: 'https:\/\/hidral.com\/wp-content\/uploads\/2025\/06\/MIA_B.png',\r\n            customClass: 'clover-chat',\r\n            animationClass: 'clover-animation',\r\n            proactiveBubble: {\r\n                enabled: true,\r\n                phrases: {\r\n                    en: [\r\n                        'Hello! How can I help you? \u2699\ufe0f'\r\n                    ],\r\n                    es: [\r\n                        '\u00a1Hola! \u00bfEn qu\u00e9 puedo ayudarte? \u2699\ufe0f'\r\n                    ],\r\n                    fr: [\r\n                        'Bonjour ! Comment puis-je vous aider ? \u2699\ufe0f'\r\n                    ]\r\n                },\r\n                autoDetectLanguage: true,\r\n                fallbackLanguage: 'en',\r\n                timing: {\r\n                    showDelay: 2000, \/\/ 2 segundos hasta que se muestre\r\n                    hideDelay: 6000, \/\/ 6 segundos hasta que se oculte\r\n                    showInterval: 25000, \/\/ 25 segundos hasta que se muestre de nuevo\r\n                    maxShows: 4 \/\/ se muestran 4 veces en total\r\n                },\r\n                styling: {\r\n                    backgroundColor: '#ffffff', \/\/ Color del fondo\r\n                    textColor: '#446fb4', \/\/ Color del texto\r\n                    borderRadius: '20px' \/\/ Esquinas redondeadas\r\n                },\r\n                position: 'left'\r\n            }\r\n        });\r\n    });\r\n<\/script>\t\t\t\t<\/div>\n\t\t\t\t<\/div>\n\t\t\t\t<\/div>\n\t\t\t\t\t<\/div>\n\t\t\t\t<\/div>\n\t\t\t\t<section class=\"elementor-section elementor-top-section elementor-element elementor-element-fbc433c elementor-section-boxed elementor-section-height-default elementor-section-height-default\" data-id=\"fbc433c\" data-element_type=\"section\" data-e-type=\"section\" data-settings=\"{&quot;background_background&quot;:&quot;classic&quot;,&quot;shape_divider_top&quot;:&quot;tilt&quot;,&quot;shape_divider_bottom&quot;:&quot;tilt&quot;}\">\n\t\t\t\t\t\t\t<div class=\"elementor-background-overlay\"><\/div>\n\t\t\t\t\t\t<div class=\"elementor-shape elementor-shape-top\" aria-hidden=\"true\" data-negative=\"false\">\n\t\t\t<svg xmlns=\"http:\/\/www.w3.org\/2000\/svg\" viewBox=\"0 0 1000 100\" preserveAspectRatio=\"none\">\n\t<path class=\"elementor-shape-fill\" d=\"M0,6V0h1000v100L0,6z\"\/>\n<\/svg>\t\t<\/div>\n\t\t\t\t<div class=\"elementor-shape elementor-shape-bottom\" aria-hidden=\"true\" data-negative=\"false\">\n\t\t\t<svg xmlns=\"http:\/\/www.w3.org\/2000\/svg\" viewBox=\"0 0 1000 100\" preserveAspectRatio=\"none\">\n\t<path class=\"elementor-shape-fill\" d=\"M0,6V0h1000v100L0,6z\"\/>\n<\/svg>\t\t<\/div>\n\t\t\t\t\t<div class=\"elementor-container elementor-column-gap-default\">\n\t\t\t\t\t<div class=\"elementor-column elementor-col-100 elementor-top-column elementor-element elementor-element-25fcaf1\" data-id=\"25fcaf1\" data-element_type=\"column\" data-e-type=\"column\">\n\t\t\t<div class=\"elementor-widget-wrap elementor-element-populated\">\n\t\t\t\t\t\t<section class=\"elementor-section elementor-inner-section elementor-element elementor-element-0860dfa elementor-section-content-middle elementor-section-boxed elementor-section-height-default elementor-section-height-default\" data-id=\"0860dfa\" data-element_type=\"section\" data-e-type=\"section\">\n\t\t\t\t\t\t<div class=\"elementor-container elementor-column-gap-default\">\n\t\t\t\t\t<div class=\"elementor-column elementor-col-50 elementor-inner-column elementor-element elementor-element-86daa35\" data-id=\"86daa35\" data-element_type=\"column\" data-e-type=\"column\">\n\t\t\t<div class=\"elementor-widget-wrap elementor-element-populated\">\n\t\t\t\t\t\t<div class=\"elementor-element elementor-element-082f270 elementor-vertical-align-top elementor-widget elementor-widget-image-box\" data-id=\"082f270\" data-element_type=\"widget\" data-e-type=\"widget\" data-widget_type=\"image-box.default\">\n\t\t\t\t<div class=\"elementor-widget-container\">\n\t\t\t\t\t<div class=\"elementor-image-box-wrapper\"><div class=\"elementor-image-box-content\"><h3 class=\"elementor-image-box-title\">Referencias de Clientes de Translyft<\/h3><\/div><\/div>\t\t\t\t<\/div>\n\t\t\t\t<\/div>\n\t\t\t\t<div class=\"elementor-element elementor-element-d7bc76b elementor-widget elementor-widget-text-editor\" data-id=\"d7bc76b\" data-element_type=\"widget\" data-e-type=\"widget\" data-widget_type=\"text-editor.default\">\n\t\t\t\t<div class=\"elementor-widget-container\">\n\t\t\t\t\t\t\t\t\t<div class=\"flex max-w-full flex-col flex-grow\"><div class=\"min-h-8 text-message flex w-full flex-col items-end gap-2 whitespace-normal break-words [.text-message+&amp;]:mt-5\" dir=\"auto\" data-message-author-role=\"assistant\" data-message-id=\"edd5bfcd-54c6-4707-90e6-ea81d4b197bb\" data-message-model-slug=\"gpt-4o\"><div class=\"flex w-full flex-col gap-1 empty:hidden first:pt-[3px]\"><div class=\"markdown prose w-full break-words dark:prose-invert light\"><p>A lo largo de nuestra trayectoria, hemos tenido el privilegio de colaborar con numerosas empresas que han confiado en nosotros para implementar soluciones eficientes y personalizadas. Cada proyecto representa un compromiso con la calidad, la innovaci\u00f3n y la satisfacci\u00f3n de nuestros clientes. A continuaci\u00f3n, te presentamos algunas de las compa\u00f1\u00edas que han depositado su confianza en nuestros servicios y productos, consolid\u00e1ndonos como un referente en nuestro sector.<\/p><\/div><\/div><\/div><\/div>\t\t\t\t\t\t\t\t<\/div>\n\t\t\t\t<\/div>\n\t\t\t\t\t<\/div>\n\t\t<\/div>\n\t\t\t\t<div class=\"elementor-column elementor-col-50 elementor-inner-column elementor-element elementor-element-6142497\" data-id=\"6142497\" data-element_type=\"column\" data-e-type=\"column\">\n\t\t\t<div class=\"elementor-widget-wrap elementor-element-populated\">\n\t\t\t\t\t\t<div class=\"elementor-element elementor-element-28bf053 elementor-widget elementor-widget-image\" data-id=\"28bf053\" data-element_type=\"widget\" data-e-type=\"widget\" data-widget_type=\"image.default\">\n\t\t\t\t<div class=\"elementor-widget-container\">\n\t\t\t\t\t\t\t\t\t\t\t\t\t\t\t<img fetchpriority=\"high\" decoding=\"async\" width=\"800\" height=\"273\" src=\"https:\/\/hidral.com\/wp-content\/uploads\/2024\/11\/image-44-1024x350.png\" class=\"attachment-large size-large wp-image-1020\" alt=\"\" srcset=\"https:\/\/hidral.com\/wp-content\/uploads\/2024\/11\/image-44-1024x350.png 1024w, https:\/\/hidral.com\/wp-content\/uploads\/2024\/11\/image-44-300x103.png 300w, https:\/\/hidral.com\/wp-content\/uploads\/2024\/11\/image-44-768x263.png 768w, https:\/\/hidral.com\/wp-content\/uploads\/2024\/11\/image-44-1536x525.png 1536w, https:\/\/hidral.com\/wp-content\/uploads\/2024\/11\/image-44.png 1859w\" sizes=\"(max-width: 800px) 100vw, 800px\" \/>\t\t\t\t\t\t\t\t\t\t\t\t\t\t\t<\/div>\n\t\t\t\t<\/div>\n\t\t\t\t\t<\/div>\n\t\t<\/div>\n\t\t\t\t\t<\/div>\n\t\t<\/section>\n\t\t\t\t\t<\/div>\n\t\t<\/div>\n\t\t\t\t\t<\/div>\n\t\t<\/section>\n\t\t\t\t<\/div>\n\t\t","protected":false},"excerpt":{"rendered":"<p>Te ayudamos, \u00bfqu\u00e9 necesitas? Soluciones de elevaci\u00f3n Hidral es empresa distribuidora oficial de las mesas elevadoras de tijera, plataformas de trabajo y elevadores de mercanc\u00edas Translyft, productos dise\u00f1ados para mejorar la ergonom\u00eda y la eficiencia en el manejo de cargas. Con m\u00e1s de 50 a\u00f1os de experiencia, sus soluciones abarcan aplicaciones en fabricaci\u00f3n, log\u00edstica y [&hellip;]<\/p>\n","protected":false},"author":1,"featured_media":0,"parent":0,"menu_order":0,"comment_status":"closed","ping_status":"closed","template":"elementor_header_footer","meta":{"footnotes":""},"class_list":["post-1009","page","type-page","status-publish","hentry"],"yoast_head":"<!-- This site is optimized with the Yoast SEO plugin v27.3 - https:\/\/yoast.com\/product\/yoast-seo-wordpress\/ -->\n<title>Translift - Hidral<\/title>\n<meta name=\"robots\" content=\"index, follow, max-snippet:-1, max-image-preview:large, max-video-preview:-1\" \/>\n<link rel=\"canonical\" href=\"https:\/\/hidral.com\/fr\/translift\/\" \/>\n<meta property=\"og:locale\" content=\"fr_FR\" \/>\n<meta property=\"og:type\" content=\"article\" \/>\n<meta property=\"og:title\" content=\"Translift - Hidral\" \/>\n<meta property=\"og:description\" content=\"Te ayudamos, \u00bfqu\u00e9 necesitas? Soluciones de elevaci\u00f3n Hidral es empresa distribuidora oficial de las mesas elevadoras de tijera, plataformas de trabajo y elevadores de mercanc\u00edas Translyft, productos dise\u00f1ados para mejorar la ergonom\u00eda y la eficiencia en el manejo de cargas. Con m\u00e1s de 50 a\u00f1os de experiencia, sus soluciones abarcan aplicaciones en fabricaci\u00f3n, log\u00edstica y [&hellip;]\" \/>\n<meta property=\"og:url\" content=\"https:\/\/hidral.com\/fr\/translift\/\" \/>\n<meta property=\"og:site_name\" content=\"Hidral\" \/>\n<meta property=\"article:modified_time\" content=\"2025-12-10T07:30:01+00:00\" \/>\n<meta property=\"og:image\" content=\"https:\/\/hidral.com\/wp-content\/uploads\/2024\/11\/image-44.png\" \/>\n\t<meta property=\"og:image:width\" content=\"1859\" \/>\n\t<meta property=\"og:image:height\" content=\"636\" \/>\n\t<meta property=\"og:image:type\" content=\"image\/png\" \/>\n<meta name=\"twitter:card\" content=\"summary_large_image\" \/>\n<meta name=\"twitter:label1\" content=\"Dur\u00e9e de lecture estim\u00e9e\" \/>\n\t<meta name=\"twitter:data1\" content=\"1 minute\" \/>\n<script type=\"application\/ld+json\" class=\"yoast-schema-graph\">{\"@context\":\"https:\\\/\\\/schema.org\",\"@graph\":[{\"@type\":\"WebPage\",\"@id\":\"https:\\\/\\\/hidral.com\\\/translift\\\/\",\"url\":\"https:\\\/\\\/hidral.com\\\/translift\\\/\",\"name\":\"Translift - Hidral\",\"isPartOf\":{\"@id\":\"https:\\\/\\\/hidral.com\\\/fr\\\/#website\"},\"primaryImageOfPage\":{\"@id\":\"https:\\\/\\\/hidral.com\\\/translift\\\/#primaryimage\"},\"image\":{\"@id\":\"https:\\\/\\\/hidral.com\\\/translift\\\/#primaryimage\"},\"thumbnailUrl\":\"https:\\\/\\\/hidral.com\\\/wp-content\\\/uploads\\\/2024\\\/11\\\/image-44-1024x350.png\",\"datePublished\":\"2024-11-15T09:03:08+00:00\",\"dateModified\":\"2025-12-10T07:30:01+00:00\",\"breadcrumb\":{\"@id\":\"https:\\\/\\\/hidral.com\\\/translift\\\/#breadcrumb\"},\"inLanguage\":\"fr-FR\",\"potentialAction\":[{\"@type\":\"ReadAction\",\"target\":[\"https:\\\/\\\/hidral.com\\\/translift\\\/\"]}]},{\"@type\":\"ImageObject\",\"inLanguage\":\"fr-FR\",\"@id\":\"https:\\\/\\\/hidral.com\\\/translift\\\/#primaryimage\",\"url\":\"https:\\\/\\\/hidral.com\\\/wp-content\\\/uploads\\\/2024\\\/11\\\/image-44-1024x350.png\",\"contentUrl\":\"https:\\\/\\\/hidral.com\\\/wp-content\\\/uploads\\\/2024\\\/11\\\/image-44-1024x350.png\"},{\"@type\":\"BreadcrumbList\",\"@id\":\"https:\\\/\\\/hidral.com\\\/translift\\\/#breadcrumb\",\"itemListElement\":[{\"@type\":\"ListItem\",\"position\":1,\"name\":\"Portada\",\"item\":\"https:\\\/\\\/hidral.com\\\/fr\\\/\"},{\"@type\":\"ListItem\",\"position\":2,\"name\":\"Translift\"}]},{\"@type\":\"WebSite\",\"@id\":\"https:\\\/\\\/hidral.com\\\/fr\\\/#website\",\"url\":\"https:\\\/\\\/hidral.com\\\/fr\\\/\",\"name\":\"Hidral\",\"description\":\"Soluciones globales para la elevaci\u00f3n\",\"publisher\":{\"@id\":\"https:\\\/\\\/hidral.com\\\/fr\\\/#organization\"},\"potentialAction\":[{\"@type\":\"SearchAction\",\"target\":{\"@type\":\"EntryPoint\",\"urlTemplate\":\"https:\\\/\\\/hidral.com\\\/fr\\\/?s={search_term_string}\"},\"query-input\":{\"@type\":\"PropertyValueSpecification\",\"valueRequired\":true,\"valueName\":\"search_term_string\"}}],\"inLanguage\":\"fr-FR\"},{\"@type\":\"Organization\",\"@id\":\"https:\\\/\\\/hidral.com\\\/fr\\\/#organization\",\"name\":\"Hidral\",\"url\":\"https:\\\/\\\/hidral.com\\\/fr\\\/\",\"logo\":{\"@type\":\"ImageObject\",\"inLanguage\":\"fr-FR\",\"@id\":\"https:\\\/\\\/hidral.com\\\/fr\\\/#\\\/schema\\\/logo\\\/image\\\/\",\"url\":\"https:\\\/\\\/hidral.com\\\/wp-content\\\/uploads\\\/2025\\\/01\\\/icono-hidral-02.svg\",\"contentUrl\":\"https:\\\/\\\/hidral.com\\\/wp-content\\\/uploads\\\/2025\\\/01\\\/icono-hidral-02.svg\",\"caption\":\"Hidral\"},\"image\":{\"@id\":\"https:\\\/\\\/hidral.com\\\/fr\\\/#\\\/schema\\\/logo\\\/image\\\/\"}}]}<\/script>\n<!-- \/ Yoast SEO plugin. -->","yoast_head_json":{"title":"Translift - Hidral","robots":{"index":"index","follow":"follow","max-snippet":"max-snippet:-1","max-image-preview":"max-image-preview:large","max-video-preview":"max-video-preview:-1"},"canonical":"https:\/\/hidral.com\/fr\/translift\/","og_locale":"fr_FR","og_type":"article","og_title":"Translift - Hidral","og_description":"Te ayudamos, \u00bfqu\u00e9 necesitas? Soluciones de elevaci\u00f3n Hidral es empresa distribuidora oficial de las mesas elevadoras de tijera, plataformas de trabajo y elevadores de mercanc\u00edas Translyft, productos dise\u00f1ados para mejorar la ergonom\u00eda y la eficiencia en el manejo de cargas. Con m\u00e1s de 50 a\u00f1os de experiencia, sus soluciones abarcan aplicaciones en fabricaci\u00f3n, log\u00edstica y [&hellip;]","og_url":"https:\/\/hidral.com\/fr\/translift\/","og_site_name":"Hidral","article_modified_time":"2025-12-10T07:30:01+00:00","og_image":[{"width":1859,"height":636,"url":"https:\/\/hidral.com\/wp-content\/uploads\/2024\/11\/image-44.png","type":"image\/png"}],"twitter_card":"summary_large_image","twitter_misc":{"Dur\u00e9e de lecture estim\u00e9e":"1 minute"},"schema":{"@context":"https:\/\/schema.org","@graph":[{"@type":"WebPage","@id":"https:\/\/hidral.com\/translift\/","url":"https:\/\/hidral.com\/translift\/","name":"Translift - Hidral","isPartOf":{"@id":"https:\/\/hidral.com\/fr\/#website"},"primaryImageOfPage":{"@id":"https:\/\/hidral.com\/translift\/#primaryimage"},"image":{"@id":"https:\/\/hidral.com\/translift\/#primaryimage"},"thumbnailUrl":"https:\/\/hidral.com\/wp-content\/uploads\/2024\/11\/image-44-1024x350.png","datePublished":"2024-11-15T09:03:08+00:00","dateModified":"2025-12-10T07:30:01+00:00","breadcrumb":{"@id":"https:\/\/hidral.com\/translift\/#breadcrumb"},"inLanguage":"fr-FR","potentialAction":[{"@type":"ReadAction","target":["https:\/\/hidral.com\/translift\/"]}]},{"@type":"ImageObject","inLanguage":"fr-FR","@id":"https:\/\/hidral.com\/translift\/#primaryimage","url":"https:\/\/hidral.com\/wp-content\/uploads\/2024\/11\/image-44-1024x350.png","contentUrl":"https:\/\/hidral.com\/wp-content\/uploads\/2024\/11\/image-44-1024x350.png"},{"@type":"BreadcrumbList","@id":"https:\/\/hidral.com\/translift\/#breadcrumb","itemListElement":[{"@type":"ListItem","position":1,"name":"Portada","item":"https:\/\/hidral.com\/fr\/"},{"@type":"ListItem","position":2,"name":"Translift"}]},{"@type":"WebSite","@id":"https:\/\/hidral.com\/fr\/#website","url":"https:\/\/hidral.com\/fr\/","name":"Hidral","description":"Solutions globales pour le levage","publisher":{"@id":"https:\/\/hidral.com\/fr\/#organization"},"potentialAction":[{"@type":"SearchAction","target":{"@type":"EntryPoint","urlTemplate":"https:\/\/hidral.com\/fr\/?s={search_term_string}"},"query-input":{"@type":"PropertyValueSpecification","valueRequired":true,"valueName":"search_term_string"}}],"inLanguage":"fr-FR"},{"@type":"Organization","@id":"https:\/\/hidral.com\/fr\/#organization","name":"Hidral","url":"https:\/\/hidral.com\/fr\/","logo":{"@type":"ImageObject","inLanguage":"fr-FR","@id":"https:\/\/hidral.com\/fr\/#\/schema\/logo\/image\/","url":"https:\/\/hidral.com\/wp-content\/uploads\/2025\/01\/icono-hidral-02.svg","contentUrl":"https:\/\/hidral.com\/wp-content\/uploads\/2025\/01\/icono-hidral-02.svg","caption":"Hidral"},"image":{"@id":"https:\/\/hidral.com\/fr\/#\/schema\/logo\/image\/"}}]}},"_links":{"self":[{"href":"https:\/\/hidral.com\/fr\/wp-json\/wp\/v2\/pages\/1009","targetHints":{"allow":["GET"]}}],"collection":[{"href":"https:\/\/hidral.com\/fr\/wp-json\/wp\/v2\/pages"}],"about":[{"href":"https:\/\/hidral.com\/fr\/wp-json\/wp\/v2\/types\/page"}],"author":[{"embeddable":true,"href":"https:\/\/hidral.com\/fr\/wp-json\/wp\/v2\/users\/1"}],"replies":[{"embeddable":true,"href":"https:\/\/hidral.com\/fr\/wp-json\/wp\/v2\/comments?post=1009"}],"version-history":[{"count":52,"href":"https:\/\/hidral.com\/fr\/wp-json\/wp\/v2\/pages\/1009\/revisions"}],"predecessor-version":[{"id":5436,"href":"https:\/\/hidral.com\/fr\/wp-json\/wp\/v2\/pages\/1009\/revisions\/5436"}],"wp:attachment":[{"href":"https:\/\/hidral.com\/fr\/wp-json\/wp\/v2\/media?parent=1009"}],"curies":[{"name":"wp","href":"https:\/\/api.w.org\/{rel}","templated":true}]}}