{"id":1645,"date":"2025-01-20T15:07:24","date_gmt":"2025-01-20T15:07:24","guid":{"rendered":"https:\/\/hidral.com\/?page_id=1645"},"modified":"2025-12-10T08:12:20","modified_gmt":"2025-12-10T08:12:20","slug":"educacion","status":"publish","type":"page","link":"https:\/\/hidral.com\/en\/educacion\/","title":{"rendered":"Education"},"content":{"rendered":"\t\t<div data-elementor-type=\"wp-page\" data-elementor-id=\"1645\" class=\"elementor elementor-1645\" data-elementor-post-type=\"page\">\n\t\t\t\t\t\t<section class=\"elementor-section elementor-top-section elementor-element elementor-element-eca450a elementor-section-full_width elementor-section-height-default elementor-section-height-default\" data-id=\"eca450a\" data-element_type=\"section\" data-e-type=\"section\" data-settings=\"{&quot;background_background&quot;:&quot;gradient&quot;,&quot;animation&quot;:&quot;none&quot;}\">\n\t\t\t\t\t\t<div class=\"elementor-container elementor-column-gap-default\">\n\t\t\t\t\t<div class=\"elementor-column elementor-col-100 elementor-top-column elementor-element elementor-element-e1cdafa\" data-id=\"e1cdafa\" data-element_type=\"column\" data-e-type=\"column\" data-settings=\"{&quot;background_background&quot;:&quot;classic&quot;}\">\n\t\t\t<div class=\"elementor-widget-wrap elementor-element-populated\">\n\t\t\t\t\t<div class=\"elementor-background-overlay\"><\/div>\n\t\t\t\t\t\t<div class=\"elementor-element elementor-element-c457ef9 elementor-hidden-tablet elementor-hidden-mobile elementor-widget elementor-widget-spacer\" data-id=\"c457ef9\" data-element_type=\"widget\" data-e-type=\"widget\" data-widget_type=\"spacer.default\">\n\t\t\t\t<div class=\"elementor-widget-container\">\n\t\t\t\t\t\t\t<div class=\"elementor-spacer\">\n\t\t\t<div class=\"elementor-spacer-inner\"><\/div>\n\t\t<\/div>\n\t\t\t\t\t\t<\/div>\n\t\t\t\t<\/div>\n\t\t\t\t<div class=\"elementor-element elementor-element-c810add elementor-icon-list--layout-inline elementor-list-item-link-full_width elementor-widget elementor-widget-icon-list\" data-id=\"c810add\" data-element_type=\"widget\" data-e-type=\"widget\" data-widget_type=\"icon-list.default\">\n\t\t\t\t<div class=\"elementor-widget-container\">\n\t\t\t\t\t\t\t<ul class=\"elementor-icon-list-items elementor-inline-items\">\n\t\t\t\t\t\t\t<li class=\"elementor-icon-list-item elementor-inline-item\">\n\t\t\t\t\t\t\t\t\t\t<span class=\"elementor-icon-list-text\">SECTORES<\/span>\n\t\t\t\t\t\t\t\t\t<\/li>\n\t\t\t\t\t\t<\/ul>\n\t\t\t\t\t\t<\/div>\n\t\t\t\t<\/div>\n\t\t\t\t<div class=\"elementor-element elementor-element-62d4eed elementor-widget elementor-widget-heading\" data-id=\"62d4eed\" data-element_type=\"widget\" data-e-type=\"widget\" data-widget_type=\"heading.default\">\n\t\t\t\t<div class=\"elementor-widget-container\">\n\t\t\t\t\t<h1 class=\"elementor-heading-title elementor-size-default\">Educaci\u00f3n<\/h1>\t\t\t\t<\/div>\n\t\t\t\t<\/div>\n\t\t\t\t<div class=\"elementor-element elementor-element-2599011 elementor-align-left elementor-button-info elementor-widget elementor-widget-button\" data-id=\"2599011\" data-element_type=\"widget\" data-e-type=\"widget\" data-widget_type=\"button.default\">\n\t\t\t\t<div class=\"elementor-widget-container\">\n\t\t\t\t\t\t\t\t\t<div class=\"elementor-button-wrapper\">\n\t\t\t\t\t<a class=\"elementor-button elementor-button-link elementor-size-sm elementor-animation-shrink\" href=\"https:\/\/hidral.com\/contacto\/\">\n\t\t\t\t\t\t<span class=\"elementor-button-content-wrapper\">\n\t\t\t\t\t\t\t\t\t<span class=\"elementor-button-text\">solicitar asesoramiento<\/span>\n\t\t\t\t\t<\/span>\n\t\t\t\t\t<\/a>\n\t\t\t\t<\/div>\n\t\t\t\t\t\t\t\t<\/div>\n\t\t\t\t<\/div>\n\t\t\t\t<div class=\"elementor-element elementor-element-10e64aa elementor-hidden-mobile elementor-widget elementor-widget-spacer\" data-id=\"10e64aa\" data-element_type=\"widget\" data-e-type=\"widget\" data-widget_type=\"spacer.default\">\n\t\t\t\t<div class=\"elementor-widget-container\">\n\t\t\t\t\t\t\t<div class=\"elementor-spacer\">\n\t\t\t<div class=\"elementor-spacer-inner\"><\/div>\n\t\t<\/div>\n\t\t\t\t\t\t<\/div>\n\t\t\t\t<\/div>\n\t\t\t\t\t<\/div>\n\t\t<\/div>\n\t\t\t\t\t<\/div>\n\t\t<\/section>\n\t\t<div class=\"elementor-element elementor-element-d7e6794 e-flex e-con-boxed e-con e-parent\" data-id=\"d7e6794\" data-element_type=\"container\" data-e-type=\"container\">\n\t\t\t\t\t<div class=\"e-con-inner\">\n\t\t<div class=\"elementor-element elementor-element-7ac15d7 e-con-full e-flex e-con e-child\" data-id=\"7ac15d7\" data-element_type=\"container\" data-e-type=\"container\">\n\t\t\t\t<\/div>\n\t\t<div class=\"elementor-element elementor-element-e9bbfe8 e-con-full e-transform e-flex elementor-invisible e-con e-child\" data-id=\"e9bbfe8\" data-element_type=\"container\" data-e-type=\"container\" data-settings=\"{&quot;_transform_skewX_effect_hover&quot;:{&quot;unit&quot;:&quot;px&quot;,&quot;size&quot;:&quot;&quot;,&quot;sizes&quot;:[]},&quot;_transform_skewX_effect_hover_tablet&quot;:{&quot;unit&quot;:&quot;deg&quot;,&quot;size&quot;:&quot;&quot;,&quot;sizes&quot;:[]},&quot;_transform_skewX_effect_hover_mobile&quot;:{&quot;unit&quot;:&quot;deg&quot;,&quot;size&quot;:&quot;&quot;,&quot;sizes&quot;:[]},&quot;_transform_skewY_effect_hover&quot;:{&quot;unit&quot;:&quot;px&quot;,&quot;size&quot;:&quot;&quot;,&quot;sizes&quot;:[]},&quot;_transform_skewY_effect_hover_tablet&quot;:{&quot;unit&quot;:&quot;deg&quot;,&quot;size&quot;:&quot;&quot;,&quot;sizes&quot;:[]},&quot;_transform_skewY_effect_hover_mobile&quot;:{&quot;unit&quot;:&quot;deg&quot;,&quot;size&quot;:&quot;&quot;,&quot;sizes&quot;:[]}}\">\n\t\t\t\t<div class=\"elementor-element elementor-element-9669ec0 elementor-widget elementor-widget-html\" data-id=\"9669ec0\" data-element_type=\"widget\" data-e-type=\"widget\" data-widget_type=\"html.default\">\n\t\t\t\t<div class=\"elementor-widget-container\">\n\t\t\t\t\t<script src=\"https:\/\/chat.iaclover.com\/embed\/embed.js\"><\/script>\r\n<script>\r\n    document.addEventListener('DOMContentLoaded', () => {\r\n        const cloverChat = window.CloverChat.init({\r\n            clientId: 'Hidral',\r\n            apiKey: 'sk-clv-b3a57d25dc5b3236e8e04a52c24ecdeb8e5224c9649d4a86a31fad10f079f842',\r\n            theme: 'light',\r\n            position: 'bottom-right',\r\n            width: '420px',\r\n            height: '650px',\r\n            baseUrl: 'https:\/\/chat.iaclover.com',\r\n            buttonImage: 'https:\/\/hidral.com\/wp-content\/uploads\/2025\/06\/MIA_B.png',\r\n            customClass: 'clover-chat',\r\n            animationClass: 'clover-animation',\r\n            proactiveBubble: {\r\n                enabled: true,\r\n                phrases: {\r\n                    en: [\r\n                        'Hello! How can I help you? \u2699\ufe0f'\r\n                    ],\r\n                    es: [\r\n                        '\u00a1Hola! \u00bfEn qu\u00e9 puedo ayudarte? \u2699\ufe0f'\r\n                    ],\r\n                    fr: [\r\n                        'Bonjour ! Comment puis-je vous aider ? \u2699\ufe0f'\r\n                    ]\r\n                },\r\n                autoDetectLanguage: true,\r\n                fallbackLanguage: 'en',\r\n                timing: {\r\n                    showDelay: 2000, \/\/ 2 segundos hasta que se muestre\r\n                    hideDelay: 6000, \/\/ 6 segundos hasta que se oculte\r\n                    showInterval: 25000, \/\/ 25 segundos hasta que se muestre de nuevo\r\n                    maxShows: 4 \/\/ se muestran 4 veces en total\r\n                },\r\n                styling: {\r\n                    backgroundColor: '#ffffff', \/\/ Color del fondo\r\n                    textColor: '#446fb4', \/\/ Color del texto\r\n                    borderRadius: '20px' \/\/ Esquinas redondeadas\r\n                },\r\n                position: 'left'\r\n            }\r\n        });\r\n    });\r\n<\/script>\t\t\t\t<\/div>\n\t\t\t\t<\/div>\n\t\t\t\t<\/div>\n\t\t\t\t\t<\/div>\n\t\t\t\t<\/div>\n\t\t\t\t<section class=\"elementor-section elementor-top-section elementor-element elementor-element-133ef4f7 elementor-section-boxed elementor-section-height-default elementor-section-height-default\" data-id=\"133ef4f7\" data-element_type=\"section\" data-e-type=\"section\" data-settings=\"{&quot;background_background&quot;:&quot;classic&quot;}\">\n\t\t\t\t\t\t<div class=\"elementor-container elementor-column-gap-default\">\n\t\t\t\t\t<div class=\"elementor-column elementor-col-100 elementor-top-column elementor-element elementor-element-70239587\" data-id=\"70239587\" data-element_type=\"column\" data-e-type=\"column\">\n\t\t\t<div class=\"elementor-widget-wrap elementor-element-populated\">\n\t\t\t\t\t\t<div class=\"elementor-element elementor-element-4256551a elementor-widget elementor-widget-spacer\" data-id=\"4256551a\" data-element_type=\"widget\" data-e-type=\"widget\" data-widget_type=\"spacer.default\">\n\t\t\t\t<div class=\"elementor-widget-container\">\n\t\t\t\t\t\t\t<div class=\"elementor-spacer\">\n\t\t\t<div class=\"elementor-spacer-inner\"><\/div>\n\t\t<\/div>\n\t\t\t\t\t\t<\/div>\n\t\t\t\t<\/div>\n\t\t\t\t<div class=\"elementor-element elementor-element-5c464762 ekit-equal-height-disable elementor-widget elementor-widget-elementskit-image-box\" data-id=\"5c464762\" data-element_type=\"widget\" data-e-type=\"widget\" data-widget_type=\"elementskit-image-box.default\">\n\t\t\t\t<div class=\"elementor-widget-container\">\n\t\t\t\t\t<div class=\"ekit-wid-con\" >\n            <div class=\"elementskit-info-image-box ekit-image-box text-left simple-card\" >\n\n                \n                <div class=\"elementskit-box-header image-box-img-left\">\n\n                    \n                <\/div>\n                \n                <div class=\"elementskit-box-body ekit-image-box-body\">\n                    <div class=\"elementskit-box-content ekit-image-box-body-inner\">\n                                                <h3 class=\"elementskit-info-box-title\">\n\n                        Modelo UHe\n                        \n                    <\/h3>\n                                                            <div class=\"elementskit-box-style-content\">\n                        El ascensor UHe transporta personas entre niveles en viviendas, comercios y edificios p\u00fablicos. Dise\u00f1ado para espacios reducidos y sin necesidad de cuarto de m\u00e1quinas, es ideal tanto para reemplazar ascensores antiguos como para nuevas instalaciones en edificios existentes. Esta soluci\u00f3n compacta optimiza el espacio sin comprometer comodidad ni funcionalidad. Destaca por su fos m\u00ednimo de 200 mm. \n                    <\/div>\n                                    <\/div>\n\n                                <div class=\"elementskit-box-footer\">\n                    <div class=\"box-footer\">\n                        <div class=\"btn-wraper\">\n                                                            <a href=\"https:\/\/hidral.com\/ascensores\/\" class=\"elementskit-btn whitespace--normal\">\n                                    \n                                    \n                                    Saber m\u00e1s                                <\/a>\n                                                        <\/div>\n                    <\/div>\n                <\/div>\n                            <\/div>\n            <\/div>\n    <\/div>\t\t\t\t<\/div>\n\t\t\t\t<\/div>\n\t\t<div class=\"elementor-element elementor-element-43e64cdb e-grid e-con-full e-con e-child\" data-id=\"43e64cdb\" data-element_type=\"container\" data-e-type=\"container\">\n\t\t\t\t<div class=\"elementor-element elementor-element-51754c41 elementor-widget elementor-widget-counter\" data-id=\"51754c41\" data-element_type=\"widget\" data-e-type=\"widget\" data-widget_type=\"counter.default\">\n\t\t\t\t<div class=\"elementor-widget-container\">\n\t\t\t\t\t\t\t<div class=\"elementor-counter\">\n\t\t\t<div class=\"elementor-counter-title\">kg de carga<\/div>\t\t\t<div class=\"elementor-counter-number-wrapper\">\n\t\t\t\t<span class=\"elementor-counter-number-prefix\"><\/span>\n\t\t\t\t<span class=\"elementor-counter-number\" data-duration=\"2000\" data-to-value=\"630\" data-from-value=\"0\" data-delimiter=\",\">0<\/span>\n\t\t\t\t<span class=\"elementor-counter-number-suffix\"><\/span>\n\t\t\t<\/div>\n\t\t<\/div>\n\t\t\t\t\t\t<\/div>\n\t\t\t\t<\/div>\n\t\t\t\t<div class=\"elementor-element elementor-element-47d0fb29 elementor-widget elementor-widget-counter\" data-id=\"47d0fb29\" data-element_type=\"widget\" data-e-type=\"widget\" data-widget_type=\"counter.default\">\n\t\t\t\t<div class=\"elementor-widget-container\">\n\t\t\t\t\t\t\t<div class=\"elementor-counter\">\n\t\t\t<div class=\"elementor-counter-title\">metros de recorrido<\/div>\t\t\t<div class=\"elementor-counter-number-wrapper\">\n\t\t\t\t<span class=\"elementor-counter-number-prefix\"><\/span>\n\t\t\t\t<span class=\"elementor-counter-number\" data-duration=\"2000\" data-to-value=\"30\" data-from-value=\"0\" data-delimiter=\",\">0<\/span>\n\t\t\t\t<span class=\"elementor-counter-number-suffix\"><\/span>\n\t\t\t<\/div>\n\t\t<\/div>\n\t\t\t\t\t\t<\/div>\n\t\t\t\t<\/div>\n\t\t\t\t<div class=\"elementor-element elementor-element-6379c503 elementor-widget elementor-widget-counter\" data-id=\"6379c503\" data-element_type=\"widget\" data-e-type=\"widget\" data-widget_type=\"counter.default\">\n\t\t\t\t<div class=\"elementor-widget-container\">\n\t\t\t\t\t\t\t<div class=\"elementor-counter\">\n\t\t\t<div class=\"elementor-counter-title\">metros por segundo <\/div>\t\t\t<div class=\"elementor-counter-number-wrapper\">\n\t\t\t\t<span class=\"elementor-counter-number-prefix\"><\/span>\n\t\t\t\t<span class=\"elementor-counter-number\" data-duration=\"2000\" data-to-value=\"1\" data-from-value=\"0\" data-delimiter=\",\">0<\/span>\n\t\t\t\t<span class=\"elementor-counter-number-suffix\"><\/span>\n\t\t\t<\/div>\n\t\t<\/div>\n\t\t\t\t\t\t<\/div>\n\t\t\t\t<\/div>\n\t\t\t\t<\/div>\n\t\t\t\t\t<\/div>\n\t\t<\/div>\n\t\t\t\t\t<\/div>\n\t\t<\/section>\n\t\t\t\t<section class=\"elementor-section elementor-top-section elementor-element elementor-element-f338223 elementor-section-full_width elementor-section-height-default elementor-section-height-default\" data-id=\"f338223\" data-element_type=\"section\" data-e-type=\"section\" data-settings=\"{&quot;background_background&quot;:&quot;gradient&quot;,&quot;animation&quot;:&quot;none&quot;}\">\n\t\t\t\t\t\t<div class=\"elementor-container elementor-column-gap-default\">\n\t\t\t\t\t<div class=\"elementor-column elementor-col-100 elementor-top-column elementor-element elementor-element-2d2e879\" data-id=\"2d2e879\" data-element_type=\"column\" data-e-type=\"column\" data-settings=\"{&quot;animation_mobile&quot;:&quot;fadeInUp&quot;}\">\n\t\t\t<div class=\"elementor-widget-wrap elementor-element-populated\">\n\t\t\t\t\t\t<section class=\"elementor-section elementor-inner-section elementor-element elementor-element-0c435fa elementor-section-height-min-height elementor-section-boxed elementor-section-height-default\" data-id=\"0c435fa\" data-element_type=\"section\" data-e-type=\"section\" data-settings=\"{&quot;animation&quot;:&quot;none&quot;,&quot;animation_mobile&quot;:&quot;none&quot;}\">\n\t\t\t\t\t\t<div class=\"elementor-container elementor-column-gap-default\">\n\t\t\t\t\t<div class=\"elementor-column elementor-col-100 elementor-inner-column elementor-element elementor-element-d1b8ade\" data-id=\"d1b8ade\" data-element_type=\"column\" data-e-type=\"column\" data-settings=\"{&quot;background_background&quot;:&quot;classic&quot;,&quot;animation&quot;:&quot;none&quot;}\">\n\t\t\t<div class=\"elementor-widget-wrap elementor-element-populated\">\n\t\t\t\t\t\t<div class=\"elementor-element elementor-element-e2cb5a7 elementor-icon-list--layout-inline elementor-list-item-link-full_width elementor-widget elementor-widget-icon-list\" data-id=\"e2cb5a7\" data-element_type=\"widget\" data-e-type=\"widget\" data-widget_type=\"icon-list.default\">\n\t\t\t\t<div class=\"elementor-widget-container\">\n\t\t\t\t\t\t\t<ul class=\"elementor-icon-list-items elementor-inline-items\">\n\t\t\t\t\t\t\t<li class=\"elementor-icon-list-item elementor-inline-item\">\n\t\t\t\t\t\t\t\t\t\t<span class=\"elementor-icon-list-text\">Te ayudamos, \u00bfqu\u00e9 necesitas?<\/span>\n\t\t\t\t\t\t\t\t\t<\/li>\n\t\t\t\t\t\t<\/ul>\n\t\t\t\t\t\t<\/div>\n\t\t\t\t<\/div>\n\t\t\t\t<div class=\"elementor-element elementor-element-8006a16 elementor-widget elementor-widget-heading\" data-id=\"8006a16\" data-element_type=\"widget\" data-e-type=\"widget\" data-widget_type=\"heading.default\">\n\t\t\t\t<div class=\"elementor-widget-container\">\n\t\t\t\t\t<h2 class=\"elementor-heading-title elementor-size-default\">Soluciones de accesibilidad<\/h2>\t\t\t\t<\/div>\n\t\t\t\t<\/div>\n\t\t\t\t<div class=\"elementor-element elementor-element-5334006 elementor-widget elementor-widget-text-editor\" data-id=\"5334006\" data-element_type=\"widget\" data-e-type=\"widget\" data-widget_type=\"text-editor.default\">\n\t\t\t\t<div class=\"elementor-widget-container\">\n\t\t\t\t\t\t\t\t\t<p><span style=\"font-weight: 400;\">La divisi\u00f3n de Accesibilidad de Hidral se encarga del dise\u00f1o, fabricaci\u00f3n y distribuci\u00f3n de soluciones de accesibilidad que eliminan las barreras arquitect\u00f3nicas de los entornos p\u00fablicos y privados, mejorando la movilidad y calidad de vida de las personas con movilidad reducida.<\/span><\/p>\t\t\t\t\t\t\t\t<\/div>\n\t\t\t\t<\/div>\n\t\t\t\t<div class=\"elementor-element elementor-element-25a02fe elementor-align-left elementor-button-info elementor-hidden-mobile elementor-widget elementor-widget-button\" data-id=\"25a02fe\" data-element_type=\"widget\" data-e-type=\"widget\" data-widget_type=\"button.default\">\n\t\t\t\t<div class=\"elementor-widget-container\">\n\t\t\t\t\t\t\t\t\t<div class=\"elementor-button-wrapper\">\n\t\t\t\t\t<a class=\"elementor-button elementor-button-link elementor-size-sm elementor-animation-shrink\" href=\"https:\/\/www.acrosbyhidral.com\/\">\n\t\t\t\t\t\t<span class=\"elementor-button-content-wrapper\">\n\t\t\t\t\t\t\t\t\t<span class=\"elementor-button-text\">conoce nuestra gama de accesibilidad<\/span>\n\t\t\t\t\t<\/span>\n\t\t\t\t\t<\/a>\n\t\t\t\t<\/div>\n\t\t\t\t\t\t\t\t<\/div>\n\t\t\t\t<\/div>\n\t\t\t\t<div class=\"elementor-element elementor-element-4afeac1 elementor-align-left elementor-button-info elementor-hidden-desktop elementor-hidden-tablet elementor-widget elementor-widget-button\" data-id=\"4afeac1\" data-element_type=\"widget\" data-e-type=\"widget\" data-widget_type=\"button.default\">\n\t\t\t\t<div class=\"elementor-widget-container\">\n\t\t\t\t\t\t\t\t\t<div class=\"elementor-button-wrapper\">\n\t\t\t\t\t<a class=\"elementor-button elementor-button-link elementor-size-sm elementor-animation-shrink\" href=\"https:\/\/www.acrosbyhidral.com\/\">\n\t\t\t\t\t\t<span class=\"elementor-button-content-wrapper\">\n\t\t\t\t\t\t\t\t\t<span class=\"elementor-button-text\">conoce nuestra gama de accesibilidad<\/span>\n\t\t\t\t\t<\/span>\n\t\t\t\t\t<\/a>\n\t\t\t\t<\/div>\n\t\t\t\t\t\t\t\t<\/div>\n\t\t\t\t<\/div>\n\t\t\t\t\t<\/div>\n\t\t<\/div>\n\t\t\t\t\t<\/div>\n\t\t<\/section>\n\t\t\t\t\t<\/div>\n\t\t<\/div>\n\t\t\t\t\t<\/div>\n\t\t<\/section>\n\t\t\t\t<\/div>\n\t\t","protected":false},"excerpt":{"rendered":"<p>SECTORES Educaci\u00f3n solicitar asesoramiento Modelo UHe El ascensor UHe transporta personas entre niveles en viviendas, comercios y edificios p\u00fablicos. Dise\u00f1ado para espacios reducidos y sin necesidad de cuarto de m\u00e1quinas, es ideal tanto para reemplazar ascensores antiguos como para nuevas instalaciones en edificios existentes. Esta soluci\u00f3n compacta optimiza el espacio sin comprometer comodidad ni funcionalidad. [&hellip;]<\/p>\n","protected":false},"author":1,"featured_media":0,"parent":0,"menu_order":0,"comment_status":"closed","ping_status":"closed","template":"elementor_header_footer","meta":{"footnotes":""},"class_list":["post-1645","page","type-page","status-publish","hentry"],"yoast_head":"<!-- This site is optimized with the Yoast SEO plugin v27.4 - https:\/\/yoast.com\/product\/yoast-seo-wordpress\/ -->\n<title>Educaci\u00f3n - Hidral<\/title>\n<meta name=\"robots\" content=\"index, follow, max-snippet:-1, max-image-preview:large, max-video-preview:-1\" \/>\n<link rel=\"canonical\" href=\"https:\/\/hidral.com\/en\/educacion\/\" \/>\n<meta property=\"og:locale\" content=\"en_GB\" \/>\n<meta property=\"og:type\" content=\"article\" \/>\n<meta property=\"og:title\" content=\"Educaci\u00f3n - Hidral\" \/>\n<meta property=\"og:description\" content=\"SECTORES Educaci\u00f3n solicitar asesoramiento Modelo UHe El ascensor UHe transporta personas entre niveles en viviendas, comercios y edificios p\u00fablicos. Dise\u00f1ado para espacios reducidos y sin necesidad de cuarto de m\u00e1quinas, es ideal tanto para reemplazar ascensores antiguos como para nuevas instalaciones en edificios existentes. Esta soluci\u00f3n compacta optimiza el espacio sin comprometer comodidad ni funcionalidad. [&hellip;]\" \/>\n<meta property=\"og:url\" content=\"https:\/\/hidral.com\/en\/educacion\/\" \/>\n<meta property=\"og:site_name\" content=\"Hidral\" \/>\n<meta property=\"article:modified_time\" content=\"2025-12-10T08:12:20+00:00\" \/>\n<meta name=\"twitter:card\" content=\"summary_large_image\" \/>\n<meta name=\"twitter:label1\" content=\"Estimated reading time\" \/>\n\t<meta name=\"twitter:data1\" content=\"1 minute\" \/>\n<script type=\"application\/ld+json\" class=\"yoast-schema-graph\">{\"@context\":\"https:\\\/\\\/schema.org\",\"@graph\":[{\"@type\":\"WebPage\",\"@id\":\"https:\\\/\\\/hidral.com\\\/educacion\\\/\",\"url\":\"https:\\\/\\\/hidral.com\\\/educacion\\\/\",\"name\":\"Educaci\u00f3n - Hidral\",\"isPartOf\":{\"@id\":\"https:\\\/\\\/hidral.com\\\/fr\\\/#website\"},\"datePublished\":\"2025-01-20T15:07:24+00:00\",\"dateModified\":\"2025-12-10T08:12:20+00:00\",\"breadcrumb\":{\"@id\":\"https:\\\/\\\/hidral.com\\\/educacion\\\/#breadcrumb\"},\"inLanguage\":\"en-GB\",\"potentialAction\":[{\"@type\":\"ReadAction\",\"target\":[\"https:\\\/\\\/hidral.com\\\/educacion\\\/\"]}]},{\"@type\":\"BreadcrumbList\",\"@id\":\"https:\\\/\\\/hidral.com\\\/educacion\\\/#breadcrumb\",\"itemListElement\":[{\"@type\":\"ListItem\",\"position\":1,\"name\":\"Portada\",\"item\":\"https:\\\/\\\/hidral.com\\\/fr\\\/\"},{\"@type\":\"ListItem\",\"position\":2,\"name\":\"Educaci\u00f3n\"}]},{\"@type\":\"WebSite\",\"@id\":\"https:\\\/\\\/hidral.com\\\/fr\\\/#website\",\"url\":\"https:\\\/\\\/hidral.com\\\/fr\\\/\",\"name\":\"Hidral\",\"description\":\"Soluciones globales para la elevaci\u00f3n\",\"publisher\":{\"@id\":\"https:\\\/\\\/hidral.com\\\/fr\\\/#organization\"},\"potentialAction\":[{\"@type\":\"SearchAction\",\"target\":{\"@type\":\"EntryPoint\",\"urlTemplate\":\"https:\\\/\\\/hidral.com\\\/fr\\\/?s={search_term_string}\"},\"query-input\":{\"@type\":\"PropertyValueSpecification\",\"valueRequired\":true,\"valueName\":\"search_term_string\"}}],\"inLanguage\":\"en-GB\"},{\"@type\":\"Organization\",\"@id\":\"https:\\\/\\\/hidral.com\\\/fr\\\/#organization\",\"name\":\"Hidral\",\"url\":\"https:\\\/\\\/hidral.com\\\/fr\\\/\",\"logo\":{\"@type\":\"ImageObject\",\"inLanguage\":\"en-GB\",\"@id\":\"https:\\\/\\\/hidral.com\\\/fr\\\/#\\\/schema\\\/logo\\\/image\\\/\",\"url\":\"https:\\\/\\\/hidral.com\\\/wp-content\\\/uploads\\\/2025\\\/01\\\/icono-hidral-02.svg\",\"contentUrl\":\"https:\\\/\\\/hidral.com\\\/wp-content\\\/uploads\\\/2025\\\/01\\\/icono-hidral-02.svg\",\"caption\":\"Hidral\"},\"image\":{\"@id\":\"https:\\\/\\\/hidral.com\\\/fr\\\/#\\\/schema\\\/logo\\\/image\\\/\"}}]}<\/script>\n<!-- \/ Yoast SEO plugin. -->","yoast_head_json":{"title":"Education - Hidral","robots":{"index":"index","follow":"follow","max-snippet":"max-snippet:-1","max-image-preview":"max-image-preview:large","max-video-preview":"max-video-preview:-1"},"canonical":"https:\/\/hidral.com\/en\/educacion\/","og_locale":"en_GB","og_type":"article","og_title":"Educaci\u00f3n - Hidral","og_description":"SECTORES Educaci\u00f3n solicitar asesoramiento Modelo UHe El ascensor UHe transporta personas entre niveles en viviendas, comercios y edificios p\u00fablicos. Dise\u00f1ado para espacios reducidos y sin necesidad de cuarto de m\u00e1quinas, es ideal tanto para reemplazar ascensores antiguos como para nuevas instalaciones en edificios existentes. Esta soluci\u00f3n compacta optimiza el espacio sin comprometer comodidad ni funcionalidad. [&hellip;]","og_url":"https:\/\/hidral.com\/en\/educacion\/","og_site_name":"Hidral","article_modified_time":"2025-12-10T08:12:20+00:00","twitter_card":"summary_large_image","twitter_misc":{"Estimated reading time":"1 minute"},"schema":{"@context":"https:\/\/schema.org","@graph":[{"@type":"WebPage","@id":"https:\/\/hidral.com\/educacion\/","url":"https:\/\/hidral.com\/educacion\/","name":"Education - Hidral","isPartOf":{"@id":"https:\/\/hidral.com\/fr\/#website"},"datePublished":"2025-01-20T15:07:24+00:00","dateModified":"2025-12-10T08:12:20+00:00","breadcrumb":{"@id":"https:\/\/hidral.com\/educacion\/#breadcrumb"},"inLanguage":"en-GB","potentialAction":[{"@type":"ReadAction","target":["https:\/\/hidral.com\/educacion\/"]}]},{"@type":"BreadcrumbList","@id":"https:\/\/hidral.com\/educacion\/#breadcrumb","itemListElement":[{"@type":"ListItem","position":1,"name":"Portada","item":"https:\/\/hidral.com\/fr\/"},{"@type":"ListItem","position":2,"name":"Educaci\u00f3n"}]},{"@type":"WebSite","@id":"https:\/\/hidral.com\/fr\/#website","url":"https:\/\/hidral.com\/fr\/","name":"Hidral","description":"Global solutions for lifting","publisher":{"@id":"https:\/\/hidral.com\/fr\/#organization"},"potentialAction":[{"@type":"SearchAction","target":{"@type":"EntryPoint","urlTemplate":"https:\/\/hidral.com\/fr\/?s={search_term_string}"},"query-input":{"@type":"PropertyValueSpecification","valueRequired":true,"valueName":"search_term_string"}}],"inLanguage":"en-GB"},{"@type":"Organization","@id":"https:\/\/hidral.com\/fr\/#organization","name":"Hidral","url":"https:\/\/hidral.com\/fr\/","logo":{"@type":"ImageObject","inLanguage":"en-GB","@id":"https:\/\/hidral.com\/fr\/#\/schema\/logo\/image\/","url":"https:\/\/hidral.com\/wp-content\/uploads\/2025\/01\/icono-hidral-02.svg","contentUrl":"https:\/\/hidral.com\/wp-content\/uploads\/2025\/01\/icono-hidral-02.svg","caption":"Hidral"},"image":{"@id":"https:\/\/hidral.com\/fr\/#\/schema\/logo\/image\/"}}]}},"_links":{"self":[{"href":"https:\/\/hidral.com\/en\/wp-json\/wp\/v2\/pages\/1645","targetHints":{"allow":["GET"]}}],"collection":[{"href":"https:\/\/hidral.com\/en\/wp-json\/wp\/v2\/pages"}],"about":[{"href":"https:\/\/hidral.com\/en\/wp-json\/wp\/v2\/types\/page"}],"author":[{"embeddable":true,"href":"https:\/\/hidral.com\/en\/wp-json\/wp\/v2\/users\/1"}],"replies":[{"embeddable":true,"href":"https:\/\/hidral.com\/en\/wp-json\/wp\/v2\/comments?post=1645"}],"version-history":[{"count":49,"href":"https:\/\/hidral.com\/en\/wp-json\/wp\/v2\/pages\/1645\/revisions"}],"predecessor-version":[{"id":5463,"href":"https:\/\/hidral.com\/en\/wp-json\/wp\/v2\/pages\/1645\/revisions\/5463"}],"wp:attachment":[{"href":"https:\/\/hidral.com\/en\/wp-json\/wp\/v2\/media?parent=1645"}],"curies":[{"name":"wp","href":"https:\/\/api.w.org\/{rel}","templated":true}]}}