{"id":1577,"date":"2025-01-13T09:20:53","date_gmt":"2025-01-13T09:20:53","guid":{"rendered":"https:\/\/hidral.com\/?page_id=1577"},"modified":"2026-04-07T10:06:37","modified_gmt":"2026-04-07T10:06:37","slug":"canal-etico","status":"publish","type":"page","link":"https:\/\/hidral.com\/en\/canal-etico\/","title":{"rendered":"Ethical Channel"},"content":{"rendered":"<div data-elementor-type=\"wp-page\" data-elementor-id=\"1577\" class=\"elementor elementor-1577\" data-elementor-post-type=\"page\">\n\t\t\t\t\t\t<section class=\"elementor-section elementor-top-section elementor-element elementor-element-4f4a999 elementor-section-boxed elementor-section-height-default elementor-section-height-default\" data-id=\"4f4a999\" data-element_type=\"section\" data-e-type=\"section\">\n\t\t\t\t\t\t<div class=\"elementor-container elementor-column-gap-default\">\n\t\t\t\t\t<div class=\"elementor-column elementor-col-100 elementor-top-column elementor-element elementor-element-b958300\" data-id=\"b958300\" data-element_type=\"column\" data-e-type=\"column\">\n\t\t\t<div class=\"elementor-widget-wrap elementor-element-populated\">\n\t\t\t\t\t\t<div class=\"elementor-element elementor-element-ff23f01 e-transform elementor-widget elementor-widget-heading\" data-id=\"ff23f01\" data-element_type=\"widget\" data-e-type=\"widget\" data-settings=\"{&quot;_transform_scale_effect_mobile&quot;:{&quot;unit&quot;:&quot;px&quot;,&quot;size&quot;:0.8,&quot;sizes&quot;:[]},&quot;_transform_scale_effect&quot;:{&quot;unit&quot;:&quot;px&quot;,&quot;size&quot;:&quot;&quot;,&quot;sizes&quot;:[]},&quot;_transform_scale_effect_tablet&quot;:{&quot;unit&quot;:&quot;px&quot;,&quot;size&quot;:&quot;&quot;,&quot;sizes&quot;:[]}}\" data-widget_type=\"heading.default\">\n\t\t\t\t<div class=\"elementor-widget-container\">\n\t\t\t\t\t<h1 class=\"elementor-heading-title elementor-size-default\">Ethical channel <\/h1>\t\t\t\t<\/div>\n\t\t\t\t<\/div>\n\t\t\t\t<div class=\"elementor-element elementor-element-df5ba13 elementor-widget elementor-widget-text-editor\" data-id=\"df5ba13\" data-element_type=\"widget\" data-e-type=\"widget\" data-widget_type=\"text-editor.default\">\n\t\t\t\t<div class=\"elementor-widget-container\">\n\t\t\t\t\t\t\t\t\t<h2>What is the Ethical Channel?<\/h2><p>En Hidral contamos con un Canal \u00c9tico, que permite comunicar cualquier incidencia o irregularidad de potencial trascendencia que pudiera resultar contraria a lo establecido en nuestro <a style=\"color: #446fb4; font-weight: bold; text-decoration: none;\" href=\"https:\/\/hidral.com\/wp-content\/uploads\/2026\/03\/DRH-010-Codigo-de-Conducta.pdf\" target=\"_blank\" rel=\"noopener\">C\u00f3digo \u00c9tico y de Conducta<\/a>.<br \/><br \/>Thanks to this platform, and with your responsible collaboration, we can detect if behaviour that contravenes our principles is taking place.<\/p><p>The purpose of this channel is to detect conduct contrary to the law, principles or the Company's ethical and good governance rules, and we therefore encourage employees, customers, suppliers or any person who has contact with our services to report such incidents to us.<\/p><p>If your communication is related to Hidral, S.A. or to the people or activities carried out by Hidral, S.A., you can communicate it through the Ethical Channel of the website\u00a0<a href=\"https:\/\/hidral.com\/en\/\" target=\"_blank\" rel=\"noopener\" data-saferedirecturl=\"https:\/\/www.google.com\/url?q=http:\/\/www.hidral.com&amp;source=gmail&amp;ust=1736846301047000&amp;usg=AOvVaw1B_pvGjzL1M_XT8htWpRXh\">www.hidral.com<\/a>.<\/p><h2>How to send a communication?<\/h2><p>You will then be able to access the form where you can enter all the details about the issue you are concerned about. Try to be as specific as possible about names or departments, people, documents, policies, places, dates, times, etc. For access, you must first agree to the Privacy Policy.<\/p><p>The tool guarantees the confidentiality of communications and the anonymity of the informant at all times. In addition, the investigation process is conducted objectively, independently and with the guarantee of non-retaliation.<\/p><h2>Good use of the channel<\/h2><p>It is important to remember that the Ethics Channel only handles communications related to conduct that contravenes Hidral's Code of Ethics and Conduct. For other questions or queries, please contact the customer or employee service channels.<\/p><p>In order to avoid bad practices in the use of the channel, precise criteria will be applied to admit communications and to demand civil, criminal and administrative liability from persons who communicate facts with abuse of rights or in violation of the principle of good faith.<\/p>\t\t\t\t\t\t\t\t<\/div>\n\t\t\t\t<\/div>\n\t\t<div class=\"elementor-element elementor-element-69a186b e-flex e-con-boxed e-con e-parent\" data-id=\"69a186b\" data-element_type=\"container\" data-e-type=\"container\">\n\t\t\t\t\t<div class=\"e-con-inner\">\n\t\t\t\t<div class=\"elementor-element elementor-element-3f80ad4 elementor-mobile-align-center elementor-widget elementor-widget-button\" data-id=\"3f80ad4\" data-element_type=\"widget\" data-e-type=\"widget\" data-widget_type=\"button.default\">\n\t\t\t\t<div class=\"elementor-widget-container\">\n\t\t\t\t\t\t\t\t\t<div class=\"elementor-button-wrapper\">\n\t\t\t\t\t<a class=\"elementor-button elementor-button-link elementor-size-sm elementor-animation-shrink\" href=\"https:\/\/hidral.canalconformalegal.es\/home\" target=\"_blank\">\n\t\t\t\t\t\t<span class=\"elementor-button-content-wrapper\">\n\t\t\t\t\t\t\t\t\t<span class=\"elementor-button-text\">GO TO THE COMPLAINTS CHANNEL<\/span>\n\t\t\t\t\t<\/span>\n\t\t\t\t\t<\/a>\n\t\t\t\t<\/div>\n\t\t\t\t\t\t\t\t<\/div>\n\t\t\t\t<\/div>\n\t\t\t\t<div class=\"elementor-element elementor-element-ed3dd3e elementor-mobile-align-center elementor-widget elementor-widget-button\" data-id=\"ed3dd3e\" data-element_type=\"widget\" data-e-type=\"widget\" data-widget_type=\"button.default\">\n\t\t\t\t<div class=\"elementor-widget-container\">\n\t\t\t\t\t\t\t\t\t<div class=\"elementor-button-wrapper\">\n\t\t\t\t\t<a class=\"elementor-button elementor-button-link elementor-size-sm elementor-animation-shrink\" href=\"https:\/\/hidral.com\/wp-content\/uploads\/2026\/03\/DRH-010-Codigo-de-Conducta.pdf\" target=\"_blank\">\n\t\t\t\t\t\t<span class=\"elementor-button-content-wrapper\">\n\t\t\t\t\t\t\t\t\t<span class=\"elementor-button-text\">Lee nuestro C\u00f3digo \u00c9tico y de Conducta<\/span>\n\t\t\t\t\t<\/span>\n\t\t\t\t\t<\/a>\n\t\t\t\t<\/div>\n\t\t\t\t\t\t\t\t<\/div>\n\t\t\t\t<\/div>\n\t\t\t\t\t<\/div>\n\t\t\t\t<\/div>\n\t\t\t\t\t<\/div>\n\t\t<\/div>\n\t\t\t\t\t<\/div>\n\t\t<\/section>\n\t\t\t\t<\/div>","protected":false},"excerpt":{"rendered":"<p>Canal \u00e9tico \u00bfQu\u00e9 es el Canal \u00c9tico? En Hidral contamos con un Canal \u00c9tico, que permite comunicar cualquier incidencia o irregularidad de potencial trascendencia que pudiera resultar contraria a lo establecido en nuestro C\u00f3digo \u00c9tico y de Conducta. Gracias a esta plataforma, y con tu colaboraci\u00f3n responsable, podemos detectar si se est\u00e1n produciendo conductas que [&hellip;]<\/p>\n","protected":false},"author":1,"featured_media":0,"parent":0,"menu_order":0,"comment_status":"closed","ping_status":"closed","template":"elementor_header_footer","meta":{"footnotes":""},"class_list":["post-1577","page","type-page","status-publish","hentry"],"yoast_head":"<!-- This site is optimized with the Yoast SEO plugin v27.4 - https:\/\/yoast.com\/product\/yoast-seo-wordpress\/ -->\n<title>Canal \u00c9tico - Hidral<\/title>\n<meta name=\"robots\" content=\"index, follow, max-snippet:-1, max-image-preview:large, max-video-preview:-1\" \/>\n<link rel=\"canonical\" href=\"https:\/\/hidral.com\/en\/canal-etico\/\" \/>\n<meta property=\"og:locale\" content=\"en_GB\" \/>\n<meta property=\"og:type\" content=\"article\" \/>\n<meta property=\"og:title\" content=\"Canal \u00c9tico - Hidral\" \/>\n<meta property=\"og:description\" content=\"Canal \u00e9tico \u00bfQu\u00e9 es el Canal \u00c9tico? En Hidral contamos con un Canal \u00c9tico, que permite comunicar cualquier incidencia o irregularidad de potencial trascendencia que pudiera resultar contraria a lo establecido en nuestro C\u00f3digo \u00c9tico y de Conducta. Gracias a esta plataforma, y con tu colaboraci\u00f3n responsable, podemos detectar si se est\u00e1n produciendo conductas que [&hellip;]\" \/>\n<meta property=\"og:url\" content=\"https:\/\/hidral.com\/en\/canal-etico\/\" \/>\n<meta property=\"og:site_name\" content=\"Hidral\" \/>\n<meta property=\"article:modified_time\" content=\"2026-04-07T10:06:37+00:00\" \/>\n<meta name=\"twitter:card\" content=\"summary_large_image\" \/>\n<meta name=\"twitter:label1\" content=\"Estimated reading time\" \/>\n\t<meta name=\"twitter:data1\" content=\"2 minutes\" \/>\n<script type=\"application\/ld+json\" class=\"yoast-schema-graph\">{\"@context\":\"https:\\\/\\\/schema.org\",\"@graph\":[{\"@type\":\"WebPage\",\"@id\":\"https:\\\/\\\/hidral.com\\\/canal-etico\\\/\",\"url\":\"https:\\\/\\\/hidral.com\\\/canal-etico\\\/\",\"name\":\"Canal \u00c9tico - Hidral\",\"isPartOf\":{\"@id\":\"https:\\\/\\\/hidral.com\\\/fr\\\/#website\"},\"datePublished\":\"2025-01-13T09:20:53+00:00\",\"dateModified\":\"2026-04-07T10:06:37+00:00\",\"breadcrumb\":{\"@id\":\"https:\\\/\\\/hidral.com\\\/canal-etico\\\/#breadcrumb\"},\"inLanguage\":\"en-GB\",\"potentialAction\":[{\"@type\":\"ReadAction\",\"target\":[\"https:\\\/\\\/hidral.com\\\/canal-etico\\\/\"]}]},{\"@type\":\"BreadcrumbList\",\"@id\":\"https:\\\/\\\/hidral.com\\\/canal-etico\\\/#breadcrumb\",\"itemListElement\":[{\"@type\":\"ListItem\",\"position\":1,\"name\":\"Portada\",\"item\":\"https:\\\/\\\/hidral.com\\\/fr\\\/\"},{\"@type\":\"ListItem\",\"position\":2,\"name\":\"Canal \u00c9tico\"}]},{\"@type\":\"WebSite\",\"@id\":\"https:\\\/\\\/hidral.com\\\/fr\\\/#website\",\"url\":\"https:\\\/\\\/hidral.com\\\/fr\\\/\",\"name\":\"Hidral\",\"description\":\"Soluciones globales para la elevaci\u00f3n\",\"publisher\":{\"@id\":\"https:\\\/\\\/hidral.com\\\/fr\\\/#organization\"},\"potentialAction\":[{\"@type\":\"SearchAction\",\"target\":{\"@type\":\"EntryPoint\",\"urlTemplate\":\"https:\\\/\\\/hidral.com\\\/fr\\\/?s={search_term_string}\"},\"query-input\":{\"@type\":\"PropertyValueSpecification\",\"valueRequired\":true,\"valueName\":\"search_term_string\"}}],\"inLanguage\":\"en-GB\"},{\"@type\":\"Organization\",\"@id\":\"https:\\\/\\\/hidral.com\\\/fr\\\/#organization\",\"name\":\"Hidral\",\"url\":\"https:\\\/\\\/hidral.com\\\/fr\\\/\",\"logo\":{\"@type\":\"ImageObject\",\"inLanguage\":\"en-GB\",\"@id\":\"https:\\\/\\\/hidral.com\\\/fr\\\/#\\\/schema\\\/logo\\\/image\\\/\",\"url\":\"https:\\\/\\\/hidral.com\\\/wp-content\\\/uploads\\\/2025\\\/01\\\/icono-hidral-02.svg\",\"contentUrl\":\"https:\\\/\\\/hidral.com\\\/wp-content\\\/uploads\\\/2025\\\/01\\\/icono-hidral-02.svg\",\"caption\":\"Hidral\"},\"image\":{\"@id\":\"https:\\\/\\\/hidral.com\\\/fr\\\/#\\\/schema\\\/logo\\\/image\\\/\"}}]}<\/script>\n<!-- \/ Yoast SEO plugin. -->","yoast_head_json":{"title":"Ethical Channel - Hidral","robots":{"index":"index","follow":"follow","max-snippet":"max-snippet:-1","max-image-preview":"max-image-preview:large","max-video-preview":"max-video-preview:-1"},"canonical":"https:\/\/hidral.com\/en\/canal-etico\/","og_locale":"en_GB","og_type":"article","og_title":"Canal \u00c9tico - Hidral","og_description":"Canal \u00e9tico \u00bfQu\u00e9 es el Canal \u00c9tico? En Hidral contamos con un Canal \u00c9tico, que permite comunicar cualquier incidencia o irregularidad de potencial trascendencia que pudiera resultar contraria a lo establecido en nuestro C\u00f3digo \u00c9tico y de Conducta. Gracias a esta plataforma, y con tu colaboraci\u00f3n responsable, podemos detectar si se est\u00e1n produciendo conductas que [&hellip;]","og_url":"https:\/\/hidral.com\/en\/canal-etico\/","og_site_name":"Hidral","article_modified_time":"2026-04-07T10:06:37+00:00","twitter_card":"summary_large_image","twitter_misc":{"Estimated reading time":"2 minutes"},"schema":{"@context":"https:\/\/schema.org","@graph":[{"@type":"WebPage","@id":"https:\/\/hidral.com\/canal-etico\/","url":"https:\/\/hidral.com\/canal-etico\/","name":"Ethical Channel - Hidral","isPartOf":{"@id":"https:\/\/hidral.com\/fr\/#website"},"datePublished":"2025-01-13T09:20:53+00:00","dateModified":"2026-04-07T10:06:37+00:00","breadcrumb":{"@id":"https:\/\/hidral.com\/canal-etico\/#breadcrumb"},"inLanguage":"en-GB","potentialAction":[{"@type":"ReadAction","target":["https:\/\/hidral.com\/canal-etico\/"]}]},{"@type":"BreadcrumbList","@id":"https:\/\/hidral.com\/canal-etico\/#breadcrumb","itemListElement":[{"@type":"ListItem","position":1,"name":"Portada","item":"https:\/\/hidral.com\/fr\/"},{"@type":"ListItem","position":2,"name":"Canal \u00c9tico"}]},{"@type":"WebSite","@id":"https:\/\/hidral.com\/fr\/#website","url":"https:\/\/hidral.com\/fr\/","name":"Hidral","description":"Global solutions for lifting","publisher":{"@id":"https:\/\/hidral.com\/fr\/#organization"},"potentialAction":[{"@type":"SearchAction","target":{"@type":"EntryPoint","urlTemplate":"https:\/\/hidral.com\/fr\/?s={search_term_string}"},"query-input":{"@type":"PropertyValueSpecification","valueRequired":true,"valueName":"search_term_string"}}],"inLanguage":"en-GB"},{"@type":"Organization","@id":"https:\/\/hidral.com\/fr\/#organization","name":"Hidral","url":"https:\/\/hidral.com\/fr\/","logo":{"@type":"ImageObject","inLanguage":"en-GB","@id":"https:\/\/hidral.com\/fr\/#\/schema\/logo\/image\/","url":"https:\/\/hidral.com\/wp-content\/uploads\/2025\/01\/icono-hidral-02.svg","contentUrl":"https:\/\/hidral.com\/wp-content\/uploads\/2025\/01\/icono-hidral-02.svg","caption":"Hidral"},"image":{"@id":"https:\/\/hidral.com\/fr\/#\/schema\/logo\/image\/"}}]}},"_links":{"self":[{"href":"https:\/\/hidral.com\/en\/wp-json\/wp\/v2\/pages\/1577","targetHints":{"allow":["GET"]}}],"collection":[{"href":"https:\/\/hidral.com\/en\/wp-json\/wp\/v2\/pages"}],"about":[{"href":"https:\/\/hidral.com\/en\/wp-json\/wp\/v2\/types\/page"}],"author":[{"embeddable":true,"href":"https:\/\/hidral.com\/en\/wp-json\/wp\/v2\/users\/1"}],"replies":[{"embeddable":true,"href":"https:\/\/hidral.com\/en\/wp-json\/wp\/v2\/comments?post=1577"}],"version-history":[{"count":19,"href":"https:\/\/hidral.com\/en\/wp-json\/wp\/v2\/pages\/1577\/revisions"}],"predecessor-version":[{"id":5804,"href":"https:\/\/hidral.com\/en\/wp-json\/wp\/v2\/pages\/1577\/revisions\/5804"}],"wp:attachment":[{"href":"https:\/\/hidral.com\/en\/wp-json\/wp\/v2\/media?parent=1577"}],"curies":[{"name":"wp","href":"https:\/\/api.w.org\/{rel}","templated":true}]}}