{"id":1571,"date":"2025-01-13T09:14:42","date_gmt":"2025-01-13T09:14:42","guid":{"rendered":"https:\/\/hidral.com\/?page_id=1571"},"modified":"2025-12-10T08:24:08","modified_gmt":"2025-12-10T08:24:08","slug":"politica-de-empresa","status":"publish","type":"page","link":"https:\/\/hidral.com\/en\/politica-de-empresa\/","title":{"rendered":"Company policy"},"content":{"rendered":"<div data-elementor-type=\"wp-page\" data-elementor-id=\"1571\" class=\"elementor elementor-1571\" data-elementor-post-type=\"page\">\n\t\t\t\t\t\t<section class=\"elementor-section elementor-top-section elementor-element elementor-element-6df07ab elementor-section-boxed elementor-section-height-default elementor-section-height-default\" data-id=\"6df07ab\" data-element_type=\"section\" data-e-type=\"section\">\n\t\t\t\t\t\t<div class=\"elementor-container elementor-column-gap-default\">\n\t\t\t\t\t<div class=\"elementor-column elementor-col-100 elementor-top-column elementor-element elementor-element-a7e8320\" data-id=\"a7e8320\" data-element_type=\"column\" data-e-type=\"column\">\n\t\t\t<div class=\"elementor-widget-wrap elementor-element-populated\">\n\t\t\t\t\t\t<div class=\"elementor-element elementor-element-8e8a848 e-transform elementor-widget elementor-widget-heading\" data-id=\"8e8a848\" data-element_type=\"widget\" data-e-type=\"widget\" data-settings=\"{&quot;_transform_scale_effect_mobile&quot;:{&quot;unit&quot;:&quot;px&quot;,&quot;size&quot;:0.8,&quot;sizes&quot;:[]},&quot;_transform_scale_effect&quot;:{&quot;unit&quot;:&quot;px&quot;,&quot;size&quot;:&quot;&quot;,&quot;sizes&quot;:[]},&quot;_transform_scale_effect_tablet&quot;:{&quot;unit&quot;:&quot;px&quot;,&quot;size&quot;:&quot;&quot;,&quot;sizes&quot;:[]}}\" data-widget_type=\"heading.default\">\n\t\t\t\t<div class=\"elementor-widget-container\">\n\t\t\t\t\t<h1 class=\"elementor-heading-title elementor-size-default\">Company policy<\/h1>\t\t\t\t<\/div>\n\t\t\t\t<\/div>\n\t\t\t\t\t<\/div>\n\t\t<\/div>\n\t\t\t\t\t<\/div>\n\t\t<\/section>\n\t\t<div class=\"elementor-element elementor-element-48d933b e-flex e-con-boxed e-con e-parent\" data-id=\"48d933b\" data-element_type=\"container\" data-e-type=\"container\">\n\t\t\t\t\t<div class=\"e-con-inner\">\n\t\t\t\t<div class=\"elementor-element elementor-element-bfe5262 elementor-widget elementor-widget-text-editor\" data-id=\"bfe5262\" data-element_type=\"widget\" data-e-type=\"widget\" data-widget_type=\"text-editor.default\">\n\t\t\t\t<div class=\"elementor-widget-container\">\n\t\t\t\t\t\t\t\t\t<p data-start=\"128\" data-end=\"400\">The Management of Hidral S.A. understands that Quality is a key strategic factor to be able to adapt to an increasingly competitive and changing market and therefore bases its quality policy on expressing and transmitting its commitment to the following principles:<\/p><p data-start=\"402\" data-end=\"553\">The most important thing is <strong data-start=\"423\" data-end=\"489\">meeting the needs and expectations of our customers<\/strong>taking into account the legal and regulatory provisions.<\/p><p data-start=\"555\" data-end=\"642\">We must offer a <strong data-start=\"574\" data-end=\"628\">high level of service and commitment to the customer<\/strong>by contributing to it:<\/p><ul><li data-start=\"555\" data-end=\"642\">Products with high reliability, aiming for zero defects<\/li><li>Excellent service, quick response<\/li><li>Advice and training on the operation of our products<\/li><li>Offering turnkey solutions, including transport and logistics<\/li><li data-start=\"902\" data-end=\"1024\"><strong data-start=\"902\" data-end=\"946\">Establish a process of continuous improvement<\/strong> based on process indicators and the analysis of input data.<\/li><li data-start=\"1026\" data-end=\"1147\"><strong data-start=\"1026\" data-end=\"1052\">Encouraging innovation<\/strong> as a systematic, continuous and wide-ranging process; promoting entrepreneurship.<\/li><li data-start=\"1149\" data-end=\"1291\"><strong data-start=\"1149\" data-end=\"1180\">Setting annual targets<\/strong> that are aligned with this policy, identifying the requirements and resources needed to achieve them.<\/li><li data-start=\"1293\" data-end=\"1403\"><strong data-start=\"1293\" data-end=\"1322\">Encouraging communication<\/strong>and teamwork between all employees and the different departments.<\/li><li data-start=\"1405\" data-end=\"1892\"><strong data-start=\"1405\" data-end=\"1443\">Promoting professional development<\/strong> of all employees through training and the enhancement of their skills; we also try to meet their needs as far as possible and offer them a satisfactory working environment. In addition, we aim to offer remuneration above the labour market average within our environment and sector; we strive to be fair and non-discriminatory, promoting equal treatment and opportunities in the workplace.<\/li><li data-start=\"1894\" data-end=\"2125\"><strong data-start=\"1894\" data-end=\"1931\">Promoting quality culture<\/strong>as well as the <strong data-start=\"1945\" data-end=\"1980\">health and safety at work<\/strong>means a more efficient use of business resources and therefore lower costs and higher productivity.<\/li><li data-start=\"2127\" data-end=\"2191\"><strong data-start=\"2127\" data-end=\"2152\">Strive for austerity<\/strong> and to have adequate control over expenditure.<\/li><li data-start=\"2193\" data-end=\"2374\"><strong data-start=\"2193\" data-end=\"2239\">Promote transparency and honesty.<\/strong> All initiatives and projects to be launched must be aligned with the company's positioning, strategy and policies.<\/li><\/ul><hr data-start=\"2376\" data-end=\"2379\" \/><p data-start=\"2381\" data-end=\"2773\">This policy applies to all the activities and centres of HIDRAL S.A. and will be subject to periodic review by the Management in order to adapt to the current situation. This statement will be disseminated to all members of the organisation, so that it is understood and taken into account in day-to-day activities, and will also be available to companies and interested parties.<\/p><h6 data-start=\"2775\" data-end=\"2833\"><strong>Mr Florencio A. Chacartegui G\u00f3mez<\/strong><br data-start=\"2812\" data-end=\"2815\" \/><strong>Managing Director<\/strong><\/h6>\t\t\t\t\t\t\t\t<\/div>\n\t\t\t\t<\/div>\n\t\t\t\t\t<\/div>\n\t\t\t\t<\/div>\n\t\t\t\t<\/div>","protected":false},"excerpt":{"rendered":"<p>Pol\u00edtica de empresa La Direcci\u00f3n de Hidral S.A. entiende que la Calidad es un factor estrat\u00e9gico clave para poder adaptarnos a un mercado cada vez m\u00e1s competitivo y cambiante y por tanto fundamenta su pol\u00edtica de calidad en manifestar y transmitir su compromiso con los siguientes principios: Lo m\u00e1s importante es satisfacer las necesidades y [&hellip;]<\/p>\n","protected":false},"author":1,"featured_media":0,"parent":0,"menu_order":0,"comment_status":"closed","ping_status":"closed","template":"elementor_header_footer","meta":{"footnotes":""},"class_list":["post-1571","page","type-page","status-publish","hentry"],"yoast_head":"<!-- This site is optimized with the Yoast SEO plugin v27.3 - https:\/\/yoast.com\/product\/yoast-seo-wordpress\/ -->\n<title>Pol\u00edtica de empresa - Hidral<\/title>\n<meta name=\"robots\" content=\"index, follow, max-snippet:-1, max-image-preview:large, max-video-preview:-1\" \/>\n<link rel=\"canonical\" href=\"https:\/\/hidral.com\/en\/politica-de-empresa\/\" \/>\n<meta property=\"og:locale\" content=\"en_GB\" \/>\n<meta property=\"og:type\" content=\"article\" \/>\n<meta property=\"og:title\" content=\"Pol\u00edtica de empresa - Hidral\" \/>\n<meta property=\"og:description\" content=\"Pol\u00edtica de empresa La Direcci\u00f3n de Hidral S.A. entiende que la Calidad es un factor estrat\u00e9gico clave para poder adaptarnos a un mercado cada vez m\u00e1s competitivo y cambiante y por tanto fundamenta su pol\u00edtica de calidad en manifestar y transmitir su compromiso con los siguientes principios: Lo m\u00e1s importante es satisfacer las necesidades y [&hellip;]\" \/>\n<meta property=\"og:url\" content=\"https:\/\/hidral.com\/en\/politica-de-empresa\/\" \/>\n<meta property=\"og:site_name\" content=\"Hidral\" \/>\n<meta property=\"article:modified_time\" content=\"2025-12-10T08:24:08+00:00\" \/>\n<meta name=\"twitter:card\" content=\"summary_large_image\" \/>\n<meta name=\"twitter:label1\" content=\"Estimated reading time\" \/>\n\t<meta name=\"twitter:data1\" content=\"2 minutes\" \/>\n<script type=\"application\/ld+json\" class=\"yoast-schema-graph\">{\"@context\":\"https:\\\/\\\/schema.org\",\"@graph\":[{\"@type\":\"WebPage\",\"@id\":\"https:\\\/\\\/hidral.com\\\/politica-de-empresa\\\/\",\"url\":\"https:\\\/\\\/hidral.com\\\/politica-de-empresa\\\/\",\"name\":\"Pol\u00edtica de empresa - Hidral\",\"isPartOf\":{\"@id\":\"https:\\\/\\\/hidral.com\\\/fr\\\/#website\"},\"datePublished\":\"2025-01-13T09:14:42+00:00\",\"dateModified\":\"2025-12-10T08:24:08+00:00\",\"breadcrumb\":{\"@id\":\"https:\\\/\\\/hidral.com\\\/politica-de-empresa\\\/#breadcrumb\"},\"inLanguage\":\"en-GB\",\"potentialAction\":[{\"@type\":\"ReadAction\",\"target\":[\"https:\\\/\\\/hidral.com\\\/politica-de-empresa\\\/\"]}]},{\"@type\":\"BreadcrumbList\",\"@id\":\"https:\\\/\\\/hidral.com\\\/politica-de-empresa\\\/#breadcrumb\",\"itemListElement\":[{\"@type\":\"ListItem\",\"position\":1,\"name\":\"Portada\",\"item\":\"https:\\\/\\\/hidral.com\\\/fr\\\/\"},{\"@type\":\"ListItem\",\"position\":2,\"name\":\"Pol\u00edtica de empresa\"}]},{\"@type\":\"WebSite\",\"@id\":\"https:\\\/\\\/hidral.com\\\/fr\\\/#website\",\"url\":\"https:\\\/\\\/hidral.com\\\/fr\\\/\",\"name\":\"Hidral\",\"description\":\"Soluciones globales para la elevaci\u00f3n\",\"publisher\":{\"@id\":\"https:\\\/\\\/hidral.com\\\/fr\\\/#organization\"},\"potentialAction\":[{\"@type\":\"SearchAction\",\"target\":{\"@type\":\"EntryPoint\",\"urlTemplate\":\"https:\\\/\\\/hidral.com\\\/fr\\\/?s={search_term_string}\"},\"query-input\":{\"@type\":\"PropertyValueSpecification\",\"valueRequired\":true,\"valueName\":\"search_term_string\"}}],\"inLanguage\":\"en-GB\"},{\"@type\":\"Organization\",\"@id\":\"https:\\\/\\\/hidral.com\\\/fr\\\/#organization\",\"name\":\"Hidral\",\"url\":\"https:\\\/\\\/hidral.com\\\/fr\\\/\",\"logo\":{\"@type\":\"ImageObject\",\"inLanguage\":\"en-GB\",\"@id\":\"https:\\\/\\\/hidral.com\\\/fr\\\/#\\\/schema\\\/logo\\\/image\\\/\",\"url\":\"https:\\\/\\\/hidral.com\\\/wp-content\\\/uploads\\\/2025\\\/01\\\/icono-hidral-02.svg\",\"contentUrl\":\"https:\\\/\\\/hidral.com\\\/wp-content\\\/uploads\\\/2025\\\/01\\\/icono-hidral-02.svg\",\"caption\":\"Hidral\"},\"image\":{\"@id\":\"https:\\\/\\\/hidral.com\\\/fr\\\/#\\\/schema\\\/logo\\\/image\\\/\"}}]}<\/script>\n<!-- \/ Yoast SEO plugin. -->","yoast_head_json":{"title":"Company policy - Hidral","robots":{"index":"index","follow":"follow","max-snippet":"max-snippet:-1","max-image-preview":"max-image-preview:large","max-video-preview":"max-video-preview:-1"},"canonical":"https:\/\/hidral.com\/en\/politica-de-empresa\/","og_locale":"en_GB","og_type":"article","og_title":"Pol\u00edtica de empresa - Hidral","og_description":"Pol\u00edtica de empresa La Direcci\u00f3n de Hidral S.A. entiende que la Calidad es un factor estrat\u00e9gico clave para poder adaptarnos a un mercado cada vez m\u00e1s competitivo y cambiante y por tanto fundamenta su pol\u00edtica de calidad en manifestar y transmitir su compromiso con los siguientes principios: Lo m\u00e1s importante es satisfacer las necesidades y [&hellip;]","og_url":"https:\/\/hidral.com\/en\/politica-de-empresa\/","og_site_name":"Hidral","article_modified_time":"2025-12-10T08:24:08+00:00","twitter_card":"summary_large_image","twitter_misc":{"Estimated reading time":"2 minutes"},"schema":{"@context":"https:\/\/schema.org","@graph":[{"@type":"WebPage","@id":"https:\/\/hidral.com\/politica-de-empresa\/","url":"https:\/\/hidral.com\/politica-de-empresa\/","name":"Company policy - Hidral","isPartOf":{"@id":"https:\/\/hidral.com\/fr\/#website"},"datePublished":"2025-01-13T09:14:42+00:00","dateModified":"2025-12-10T08:24:08+00:00","breadcrumb":{"@id":"https:\/\/hidral.com\/politica-de-empresa\/#breadcrumb"},"inLanguage":"en-GB","potentialAction":[{"@type":"ReadAction","target":["https:\/\/hidral.com\/politica-de-empresa\/"]}]},{"@type":"BreadcrumbList","@id":"https:\/\/hidral.com\/politica-de-empresa\/#breadcrumb","itemListElement":[{"@type":"ListItem","position":1,"name":"Portada","item":"https:\/\/hidral.com\/fr\/"},{"@type":"ListItem","position":2,"name":"Pol\u00edtica de empresa"}]},{"@type":"WebSite","@id":"https:\/\/hidral.com\/fr\/#website","url":"https:\/\/hidral.com\/fr\/","name":"Hidral","description":"Global solutions for lifting","publisher":{"@id":"https:\/\/hidral.com\/fr\/#organization"},"potentialAction":[{"@type":"SearchAction","target":{"@type":"EntryPoint","urlTemplate":"https:\/\/hidral.com\/fr\/?s={search_term_string}"},"query-input":{"@type":"PropertyValueSpecification","valueRequired":true,"valueName":"search_term_string"}}],"inLanguage":"en-GB"},{"@type":"Organization","@id":"https:\/\/hidral.com\/fr\/#organization","name":"Hidral","url":"https:\/\/hidral.com\/fr\/","logo":{"@type":"ImageObject","inLanguage":"en-GB","@id":"https:\/\/hidral.com\/fr\/#\/schema\/logo\/image\/","url":"https:\/\/hidral.com\/wp-content\/uploads\/2025\/01\/icono-hidral-02.svg","contentUrl":"https:\/\/hidral.com\/wp-content\/uploads\/2025\/01\/icono-hidral-02.svg","caption":"Hidral"},"image":{"@id":"https:\/\/hidral.com\/fr\/#\/schema\/logo\/image\/"}}]}},"_links":{"self":[{"href":"https:\/\/hidral.com\/en\/wp-json\/wp\/v2\/pages\/1571","targetHints":{"allow":["GET"]}}],"collection":[{"href":"https:\/\/hidral.com\/en\/wp-json\/wp\/v2\/pages"}],"about":[{"href":"https:\/\/hidral.com\/en\/wp-json\/wp\/v2\/types\/page"}],"author":[{"embeddable":true,"href":"https:\/\/hidral.com\/en\/wp-json\/wp\/v2\/users\/1"}],"replies":[{"embeddable":true,"href":"https:\/\/hidral.com\/en\/wp-json\/wp\/v2\/comments?post=1571"}],"version-history":[{"count":13,"href":"https:\/\/hidral.com\/en\/wp-json\/wp\/v2\/pages\/1571\/revisions"}],"predecessor-version":[{"id":5507,"href":"https:\/\/hidral.com\/en\/wp-json\/wp\/v2\/pages\/1571\/revisions\/5507"}],"wp:attachment":[{"href":"https:\/\/hidral.com\/en\/wp-json\/wp\/v2\/media?parent=1571"}],"curies":[{"name":"wp","href":"https:\/\/api.w.org\/{rel}","templated":true}]}}