{"id":1566,"date":"2025-01-13T09:09:59","date_gmt":"2025-01-13T09:09:59","guid":{"rendered":"https:\/\/hidral.com\/?page_id=1566"},"modified":"2025-12-10T08:23:23","modified_gmt":"2025-12-10T08:23:23","slug":"politica-de-compras","status":"publish","type":"page","link":"https:\/\/hidral.com\/en\/politica-de-compras\/","title":{"rendered":"Purchasing policy"},"content":{"rendered":"<div data-elementor-type=\"wp-page\" data-elementor-id=\"1566\" class=\"elementor elementor-1566\" data-elementor-post-type=\"page\">\n\t\t\t\t\t\t<section class=\"elementor-section elementor-top-section elementor-element elementor-element-d6c874d elementor-section-boxed elementor-section-height-default elementor-section-height-default\" data-id=\"d6c874d\" data-element_type=\"section\" data-e-type=\"section\">\n\t\t\t\t\t\t<div class=\"elementor-container elementor-column-gap-default\">\n\t\t\t\t\t<div class=\"elementor-column elementor-col-100 elementor-top-column elementor-element elementor-element-3431c12\" data-id=\"3431c12\" data-element_type=\"column\" data-e-type=\"column\">\n\t\t\t<div class=\"elementor-widget-wrap elementor-element-populated\">\n\t\t\t\t\t\t<div class=\"elementor-element elementor-element-d1b1e46 e-transform elementor-widget elementor-widget-heading\" data-id=\"d1b1e46\" data-element_type=\"widget\" data-e-type=\"widget\" data-settings=\"{&quot;_transform_scale_effect_mobile&quot;:{&quot;unit&quot;:&quot;px&quot;,&quot;size&quot;:0.8,&quot;sizes&quot;:[]},&quot;_transform_scale_effect&quot;:{&quot;unit&quot;:&quot;px&quot;,&quot;size&quot;:&quot;&quot;,&quot;sizes&quot;:[]},&quot;_transform_scale_effect_tablet&quot;:{&quot;unit&quot;:&quot;px&quot;,&quot;size&quot;:&quot;&quot;,&quot;sizes&quot;:[]}}\" data-widget_type=\"heading.default\">\n\t\t\t\t<div class=\"elementor-widget-container\">\n\t\t\t\t\t<h1 class=\"elementor-heading-title elementor-size-default\">Purchasing policy<\/h1>\t\t\t\t<\/div>\n\t\t\t\t<\/div>\n\t\t\t\t<div class=\"elementor-element elementor-element-5a275b7 elementor-widget elementor-widget-text-editor\" data-id=\"5a275b7\" data-element_type=\"widget\" data-e-type=\"widget\" data-widget_type=\"text-editor.default\">\n\t\t\t\t<div class=\"elementor-widget-container\">\n\t\t\t\t\t\t\t\t\t<p data-start=\"50\" data-end=\"358\"><strong data-start=\"50\" data-end=\"358\">The Purchasing policy of Hidral s.a. aims to build a solid base of suppliers and collaborators that facilitates the acquisition of goods and services in the best possible conditions. In all areas and levels of action, the current legislation must be strictly complied with.<\/strong><\/p><p data-start=\"360\" data-end=\"521\">In its relationship with suppliers, Hidral will give objective and weighted priority to the following characteristics depending on the service\/product in question:<\/p><ol data-start=\"523\" data-end=\"860\"><li data-start=\"523\" data-end=\"534\"><p data-start=\"526\" data-end=\"534\">Price<\/p><\/li><li data-start=\"535\" data-end=\"585\"><p data-start=\"538\" data-end=\"585\">Reliability of the contracted product - service<\/p><\/li><li data-start=\"586\" data-end=\"607\"><p data-start=\"589\" data-end=\"607\">Delivery time<\/p><\/li><li data-start=\"608\" data-end=\"640\"><p data-start=\"611\" data-end=\"640\">Communication and collaboration<\/p><\/li><li data-start=\"641\" data-end=\"705\"><p data-start=\"644\" data-end=\"705\">Service level (Flexibility and response to emergencies)<\/p><\/li><li data-start=\"706\" data-end=\"741\"><p data-start=\"709\" data-end=\"741\">Technical and productive capacity<\/p><\/li><li data-start=\"742\" data-end=\"792\"><p data-start=\"745\" data-end=\"792\">National and international geographical coverage<\/p><\/li><li data-start=\"793\" data-end=\"811\"><p data-start=\"796\" data-end=\"811\">Method of payment<\/p><\/li><li data-start=\"812\" data-end=\"827\"><p data-start=\"815\" data-end=\"827\">Integrity<\/p><\/li><li data-start=\"828\" data-end=\"860\"><p data-start=\"832\" data-end=\"860\">Financial responsibility<\/p><\/li><\/ol><p data-start=\"862\" data-end=\"1080\"><strong data-start=\"862\" data-end=\"1080\">The Purchasing Department is the gateway for all suppliers and channels relations with all company departments, guaranteeing a procedure based on the following points:<\/strong><\/p><p data-start=\"1082\" data-end=\"2355\">a. Hidral's relations with its suppliers will be governed by the principles of objectivity, transparency, non-exclusivity and equal opportunities.<br data-start=\"1235\" data-end=\"1238\" \/>b. All suppliers involved in any procurement process shall be provided with full information on the product or service to be supplied.<br data-start=\"1378\" data-end=\"1381\" \/>c. The information provided will be identical for all suppliers, so that no supplier will have an initial advantage and legitimate competition will be encouraged.<br data-start=\"1546\" data-end=\"1549\" \/>d. No supplier shall be invited to participate in an award process to cover formal aspects.<br data-start=\"1656\" data-end=\"1659\" \/>e. Any supplier may be entitled to an assessment for approval.<br data-start=\"1735\" data-end=\"1738\" \/>f. All applications will receive a reply together with a comment on their acceptance or rejection. A negative response does not disqualify the applicant from submitting further applications once the reason for rejection has been remedied.<br data-start=\"1953\" data-end=\"1956\" data-is-only-node=\"\" \/>g. The outcome of the approval process shall be communicated in writing to the supplier, together with the decision criteria used.<br data-start=\"2088\" data-end=\"2091\" \/>h. Continuous improvement plans will be established with suppliers that result in an increase in quality and therefore benefit both parties. The supplier is expected to make any suggestions it deems appropriate to improve relations between the two parties.<\/p><p style=\"font-weight: 400;\">Hidral evaluates its suppliers on the basis of the following criteria:<\/p><ol style=\"font-weight: 400;\"><li>Price stability.<\/li><li>Reliability of deliveries (stock-outs impacting our customers).<\/li><li>Number of incidents.<\/li><\/ol>\t\t\t\t\t\t\t\t<\/div>\n\t\t\t\t<\/div>\n\t\t\t\t\t<\/div>\n\t\t<\/div>\n\t\t\t\t\t<\/div>\n\t\t<\/section>\n\t\t\t\t<\/div>","protected":false},"excerpt":{"rendered":"<p>Pol\u00edtica de compras La pol\u00edtica de Compras del Hidral s.a. tiene como objetivo construir una base s\u00f3lida de proveedores y colaboradores que facilite la adquisici\u00f3n de bienes y servicios en las mejores condiciones posibles. En todos los \u00e1mbitos y niveles de actuaci\u00f3n se deber\u00e1 cumplir estrictamente con la legalidad vigente. En su relaci\u00f3n con los [&hellip;]<\/p>\n","protected":false},"author":1,"featured_media":0,"parent":0,"menu_order":0,"comment_status":"closed","ping_status":"closed","template":"elementor_header_footer","meta":{"footnotes":""},"class_list":["post-1566","page","type-page","status-publish","hentry"],"yoast_head":"<!-- This site is optimized with the Yoast SEO plugin v27.4 - https:\/\/yoast.com\/product\/yoast-seo-wordpress\/ -->\n<title>Pol\u00edtica de compras - Hidral<\/title>\n<meta name=\"robots\" content=\"index, follow, max-snippet:-1, max-image-preview:large, max-video-preview:-1\" \/>\n<link rel=\"canonical\" href=\"https:\/\/hidral.com\/en\/politica-de-compras\/\" \/>\n<meta property=\"og:locale\" content=\"en_GB\" \/>\n<meta property=\"og:type\" content=\"article\" \/>\n<meta property=\"og:title\" content=\"Pol\u00edtica de compras - Hidral\" \/>\n<meta property=\"og:description\" content=\"Pol\u00edtica de compras La pol\u00edtica de Compras del Hidral s.a. tiene como objetivo construir una base s\u00f3lida de proveedores y colaboradores que facilite la adquisici\u00f3n de bienes y servicios en las mejores condiciones posibles. En todos los \u00e1mbitos y niveles de actuaci\u00f3n se deber\u00e1 cumplir estrictamente con la legalidad vigente. En su relaci\u00f3n con los [&hellip;]\" \/>\n<meta property=\"og:url\" content=\"https:\/\/hidral.com\/en\/politica-de-compras\/\" \/>\n<meta property=\"og:site_name\" content=\"Hidral\" \/>\n<meta property=\"article:modified_time\" content=\"2025-12-10T08:23:23+00:00\" \/>\n<meta name=\"twitter:card\" content=\"summary_large_image\" \/>\n<meta name=\"twitter:label1\" content=\"Estimated reading time\" \/>\n\t<meta name=\"twitter:data1\" content=\"2 minutes\" \/>\n<script type=\"application\/ld+json\" class=\"yoast-schema-graph\">{\"@context\":\"https:\\\/\\\/schema.org\",\"@graph\":[{\"@type\":\"WebPage\",\"@id\":\"https:\\\/\\\/hidral.com\\\/politica-de-compras\\\/\",\"url\":\"https:\\\/\\\/hidral.com\\\/politica-de-compras\\\/\",\"name\":\"Pol\u00edtica de compras - Hidral\",\"isPartOf\":{\"@id\":\"https:\\\/\\\/hidral.com\\\/fr\\\/#website\"},\"datePublished\":\"2025-01-13T09:09:59+00:00\",\"dateModified\":\"2025-12-10T08:23:23+00:00\",\"breadcrumb\":{\"@id\":\"https:\\\/\\\/hidral.com\\\/politica-de-compras\\\/#breadcrumb\"},\"inLanguage\":\"en-GB\",\"potentialAction\":[{\"@type\":\"ReadAction\",\"target\":[\"https:\\\/\\\/hidral.com\\\/politica-de-compras\\\/\"]}]},{\"@type\":\"BreadcrumbList\",\"@id\":\"https:\\\/\\\/hidral.com\\\/politica-de-compras\\\/#breadcrumb\",\"itemListElement\":[{\"@type\":\"ListItem\",\"position\":1,\"name\":\"Portada\",\"item\":\"https:\\\/\\\/hidral.com\\\/fr\\\/\"},{\"@type\":\"ListItem\",\"position\":2,\"name\":\"Pol\u00edtica de compras\"}]},{\"@type\":\"WebSite\",\"@id\":\"https:\\\/\\\/hidral.com\\\/fr\\\/#website\",\"url\":\"https:\\\/\\\/hidral.com\\\/fr\\\/\",\"name\":\"Hidral\",\"description\":\"Soluciones globales para la elevaci\u00f3n\",\"publisher\":{\"@id\":\"https:\\\/\\\/hidral.com\\\/fr\\\/#organization\"},\"potentialAction\":[{\"@type\":\"SearchAction\",\"target\":{\"@type\":\"EntryPoint\",\"urlTemplate\":\"https:\\\/\\\/hidral.com\\\/fr\\\/?s={search_term_string}\"},\"query-input\":{\"@type\":\"PropertyValueSpecification\",\"valueRequired\":true,\"valueName\":\"search_term_string\"}}],\"inLanguage\":\"en-GB\"},{\"@type\":\"Organization\",\"@id\":\"https:\\\/\\\/hidral.com\\\/fr\\\/#organization\",\"name\":\"Hidral\",\"url\":\"https:\\\/\\\/hidral.com\\\/fr\\\/\",\"logo\":{\"@type\":\"ImageObject\",\"inLanguage\":\"en-GB\",\"@id\":\"https:\\\/\\\/hidral.com\\\/fr\\\/#\\\/schema\\\/logo\\\/image\\\/\",\"url\":\"https:\\\/\\\/hidral.com\\\/wp-content\\\/uploads\\\/2025\\\/01\\\/icono-hidral-02.svg\",\"contentUrl\":\"https:\\\/\\\/hidral.com\\\/wp-content\\\/uploads\\\/2025\\\/01\\\/icono-hidral-02.svg\",\"caption\":\"Hidral\"},\"image\":{\"@id\":\"https:\\\/\\\/hidral.com\\\/fr\\\/#\\\/schema\\\/logo\\\/image\\\/\"}}]}<\/script>\n<!-- \/ Yoast SEO plugin. -->","yoast_head_json":{"title":"Purchasing policy - Hidral","robots":{"index":"index","follow":"follow","max-snippet":"max-snippet:-1","max-image-preview":"max-image-preview:large","max-video-preview":"max-video-preview:-1"},"canonical":"https:\/\/hidral.com\/en\/politica-de-compras\/","og_locale":"en_GB","og_type":"article","og_title":"Pol\u00edtica de compras - Hidral","og_description":"Pol\u00edtica de compras La pol\u00edtica de Compras del Hidral s.a. tiene como objetivo construir una base s\u00f3lida de proveedores y colaboradores que facilite la adquisici\u00f3n de bienes y servicios en las mejores condiciones posibles. En todos los \u00e1mbitos y niveles de actuaci\u00f3n se deber\u00e1 cumplir estrictamente con la legalidad vigente. En su relaci\u00f3n con los [&hellip;]","og_url":"https:\/\/hidral.com\/en\/politica-de-compras\/","og_site_name":"Hidral","article_modified_time":"2025-12-10T08:23:23+00:00","twitter_card":"summary_large_image","twitter_misc":{"Estimated reading time":"2 minutes"},"schema":{"@context":"https:\/\/schema.org","@graph":[{"@type":"WebPage","@id":"https:\/\/hidral.com\/politica-de-compras\/","url":"https:\/\/hidral.com\/politica-de-compras\/","name":"Purchasing policy - Hidral","isPartOf":{"@id":"https:\/\/hidral.com\/fr\/#website"},"datePublished":"2025-01-13T09:09:59+00:00","dateModified":"2025-12-10T08:23:23+00:00","breadcrumb":{"@id":"https:\/\/hidral.com\/politica-de-compras\/#breadcrumb"},"inLanguage":"en-GB","potentialAction":[{"@type":"ReadAction","target":["https:\/\/hidral.com\/politica-de-compras\/"]}]},{"@type":"BreadcrumbList","@id":"https:\/\/hidral.com\/politica-de-compras\/#breadcrumb","itemListElement":[{"@type":"ListItem","position":1,"name":"Portada","item":"https:\/\/hidral.com\/fr\/"},{"@type":"ListItem","position":2,"name":"Pol\u00edtica de compras"}]},{"@type":"WebSite","@id":"https:\/\/hidral.com\/fr\/#website","url":"https:\/\/hidral.com\/fr\/","name":"Hidral","description":"Global solutions for lifting","publisher":{"@id":"https:\/\/hidral.com\/fr\/#organization"},"potentialAction":[{"@type":"SearchAction","target":{"@type":"EntryPoint","urlTemplate":"https:\/\/hidral.com\/fr\/?s={search_term_string}"},"query-input":{"@type":"PropertyValueSpecification","valueRequired":true,"valueName":"search_term_string"}}],"inLanguage":"en-GB"},{"@type":"Organization","@id":"https:\/\/hidral.com\/fr\/#organization","name":"Hidral","url":"https:\/\/hidral.com\/fr\/","logo":{"@type":"ImageObject","inLanguage":"en-GB","@id":"https:\/\/hidral.com\/fr\/#\/schema\/logo\/image\/","url":"https:\/\/hidral.com\/wp-content\/uploads\/2025\/01\/icono-hidral-02.svg","contentUrl":"https:\/\/hidral.com\/wp-content\/uploads\/2025\/01\/icono-hidral-02.svg","caption":"Hidral"},"image":{"@id":"https:\/\/hidral.com\/fr\/#\/schema\/logo\/image\/"}}]}},"_links":{"self":[{"href":"https:\/\/hidral.com\/en\/wp-json\/wp\/v2\/pages\/1566","targetHints":{"allow":["GET"]}}],"collection":[{"href":"https:\/\/hidral.com\/en\/wp-json\/wp\/v2\/pages"}],"about":[{"href":"https:\/\/hidral.com\/en\/wp-json\/wp\/v2\/types\/page"}],"author":[{"embeddable":true,"href":"https:\/\/hidral.com\/en\/wp-json\/wp\/v2\/users\/1"}],"replies":[{"embeddable":true,"href":"https:\/\/hidral.com\/en\/wp-json\/wp\/v2\/comments?post=1566"}],"version-history":[{"count":13,"href":"https:\/\/hidral.com\/en\/wp-json\/wp\/v2\/pages\/1566\/revisions"}],"predecessor-version":[{"id":5504,"href":"https:\/\/hidral.com\/en\/wp-json\/wp\/v2\/pages\/1566\/revisions\/5504"}],"wp:attachment":[{"href":"https:\/\/hidral.com\/en\/wp-json\/wp\/v2\/media?parent=1566"}],"curies":[{"name":"wp","href":"https:\/\/api.w.org\/{rel}","templated":true}]}}