{"id":1551,"date":"2025-01-13T09:04:39","date_gmt":"2025-01-13T09:04:39","guid":{"rendered":"https:\/\/hidral.com\/?page_id=1551"},"modified":"2025-12-10T08:22:10","modified_gmt":"2025-12-10T08:22:10","slug":"politica-de-cookies","status":"publish","type":"page","link":"https:\/\/hidral.com\/en\/politica-de-cookies\/","title":{"rendered":"Cookies policy"},"content":{"rendered":"<div data-elementor-type=\"wp-page\" data-elementor-id=\"1551\" class=\"elementor elementor-1551\" data-elementor-post-type=\"page\">\n\t\t\t\t\t\t<section class=\"elementor-section elementor-top-section elementor-element elementor-element-4423ffea elementor-section-boxed elementor-section-height-default elementor-section-height-default\" data-id=\"4423ffea\" data-element_type=\"section\" data-e-type=\"section\">\n\t\t\t\t\t\t<div class=\"elementor-container elementor-column-gap-default\">\n\t\t\t\t\t<div class=\"elementor-column elementor-col-100 elementor-top-column elementor-element elementor-element-5fdbd1b5\" data-id=\"5fdbd1b5\" data-element_type=\"column\" data-e-type=\"column\">\n\t\t\t<div class=\"elementor-widget-wrap elementor-element-populated\">\n\t\t\t\t\t\t<div class=\"elementor-element elementor-element-28fd792c e-transform elementor-widget elementor-widget-heading\" data-id=\"28fd792c\" data-element_type=\"widget\" data-e-type=\"widget\" data-settings=\"{&quot;_transform_scale_effect_mobile&quot;:{&quot;unit&quot;:&quot;px&quot;,&quot;size&quot;:0.8,&quot;sizes&quot;:[]},&quot;_transform_scale_effect&quot;:{&quot;unit&quot;:&quot;px&quot;,&quot;size&quot;:&quot;&quot;,&quot;sizes&quot;:[]},&quot;_transform_scale_effect_tablet&quot;:{&quot;unit&quot;:&quot;px&quot;,&quot;size&quot;:&quot;&quot;,&quot;sizes&quot;:[]}}\" data-widget_type=\"heading.default\">\n\t\t\t\t<div class=\"elementor-widget-container\">\n\t\t\t\t\t<h1 class=\"elementor-heading-title elementor-size-default\">Cookies policy<\/h1>\t\t\t\t<\/div>\n\t\t\t\t<\/div>\n\t\t\t\t<div class=\"elementor-element elementor-element-4af061a3 elementor-widget elementor-widget-text-editor\" data-id=\"4af061a3\" data-element_type=\"widget\" data-e-type=\"widget\" data-widget_type=\"text-editor.default\">\n\t\t\t\t<div class=\"elementor-widget-container\">\n\t\t\t\t\t\t\t\t\t<p>We offer you the following information in compliance with the obligations set out in the second section of article 22 of Law 34\/2002, of 11 July, on information society services and electronic commerce, following its modification by Royal Decree-Law 13\/2012, of 30 March.<\/p><h2>What are cookies?<\/h2><p>A cookie is a file that is downloaded to the user's computer\/smartphone\/tablet when accessing certain web pages in order to store and retrieve information about the browsing done from said equipment.<\/p><p>These are tools that play an essential role in the provision of numerous information society services. Among others, they allow a website to store and retrieve anonymous information about the browsing habits of a user or their equipment and, depending on the information obtained, they can be used to recognise the user and improve the service offered.<\/p><h2>What types of cookies does this website use?<\/h2><ul><li><h4>Technical cookies:<\/h4><\/li><\/ul><p>They are strictly necessary for browsing and the provision of certain services that may be expressly requested by the user. If these cookies are deactivated, you may not be able to receive our content and services correctly.<\/p><p>The purpose of the use of these cookies is, for example, to use security elements during browsing, control traffic and data communication, identify the session, accept access to restricted areas, make the application for registration or participation in an event, store content for the broadcasting of videos or sound, share content through social networks, remember the elements that make up an order, carry out the purchase process of an order.<\/p><ul><li><h4>Personalisation cookies:<\/h4><\/li><\/ul><p>They allow the user to access the service with some predefined general characteristics depending on a series of criteria in the user's terminal, such as, for example, the language, the type of browser through which the service is accessed, the regional configuration from which the service is accessed, etc.<\/p><ul><li><h4>Analytical cookies:<\/h4><\/li><\/ul><p>These cookies are only generated on the visit and allow the visitor to be identified anonymously. Their purpose is to identify browsers and devices, not people, and therefore the approximate counting of the number of visitors and their trend over time. They also identify anonymously the most visited and attractive content for users, browsing time, as well as whether the user who is accessing the site is new or a repeat visitor.<\/p><p>We inform you that Google has developed a Google Analytics cookie opt-out add-on for the most common browsers that makes it easier to exclude the installation of these cookies. You can obtain more information by visiting this external link:\u00a0<a href=\"https:\/\/www.hidral.com\/es\/https:\/\/tools.google.com\/dlpage\/gaoptout?hl=es\" target=\"_blank\" rel=\"noopener\" data-saferedirecturl=\"https:\/\/www.google.com\/url?q=https:\/\/www.hidral.com\/es\/https:\/\/tools.google.com\/dlpage\/gaoptout?hl%3Des&amp;source=gmail&amp;ust=1736845226858000&amp;usg=AOvVaw13T4PJ00DE-ZVxk-ktqFyT\">https:\/\/tools.google.<wbr \/>com\/dlpage\/gaoptout?hl=en<\/a><\/p><ul><li><h4>Own cookies:<\/h4><ul><li>Techniques<\/li><li>Personalisation<\/li><\/ul><\/li><li><h4>Third-party cookies:<\/h4><\/li><\/ul><p>Google Analytics\u00a0\u00a0<a href=\"http:\/\/www.google.es\/intl\/es\/analytics\/privacyoverview.html\" target=\"_blank\" rel=\"noopener\" data-saferedirecturl=\"https:\/\/www.google.com\/url?q=http:\/\/www.google.es\/intl\/es\/analytics\/privacyoverview.html&amp;source=gmail&amp;ust=1736845226858000&amp;usg=AOvVaw2AWFxGjtvVz6G5kbS2hqxb\">see details<\/a><\/p><h2>Disabling cookies<\/h2><p>If you accept the use of cookies in the pop-up banner, continue browsing or click on a link it will be understood that you have consented to our cookies policy and therefore the installation of cookies on your computer or device.<\/p><p>The user may at any time change the configuration and permissions, choosing which cookies he\/she wants to use on this website by configuring his\/her browser settings:<\/p><ul><li><span style=\"text-decoration: underline;\"><a href=\"https:\/\/support.google.com\/chrome\/answer\/95647?hl=es\" target=\"_blank\" rel=\"noopener\" data-saferedirecturl=\"https:\/\/www.google.com\/url?q=https:\/\/support.google.com\/chrome\/answer\/95647?hl%3Des&amp;source=gmail&amp;ust=1736845226858000&amp;usg=AOvVaw3u1K999VUVoiJYBB-lFdW_\">Chrome<\/a><\/span><\/li><li><span style=\"text-decoration: underline;\"><a href=\"http:\/\/windows.microsoft.com\/es-xl\/internet-explorer\/delete-manage-cookies#ie=ie-10\" target=\"_blank\" rel=\"noopener\" data-saferedirecturl=\"https:\/\/www.google.com\/url?q=http:\/\/windows.microsoft.com\/es-xl\/internet-explorer\/delete-manage-cookies%23ie%3Die-10&amp;source=gmail&amp;ust=1736845226858000&amp;usg=AOvVaw2Xs9FKUE_Xg5hE2kznqUkd\">Explorer<\/a><\/span><\/li><li><span style=\"text-decoration: underline;\"><a href=\"http:\/\/support.mozilla.org\/es\/kb\/Borrar%20cookies\" target=\"_blank\" rel=\"noopener\" data-saferedirecturl=\"https:\/\/www.google.com\/url?q=http:\/\/support.mozilla.org\/es\/kb\/Borrar%2520cookies&amp;source=gmail&amp;ust=1736845226858000&amp;usg=AOvVaw3D4-kvnEchquBY9U8L-cWW\">Firefox<\/a><\/span><\/li><li><span style=\"text-decoration: underline;\"><a href=\"http:\/\/www.apple.com\/es\/privacy\/use-of-cookies\/\" target=\"_blank\" rel=\"noopener\" data-saferedirecturl=\"https:\/\/www.google.com\/url?q=http:\/\/www.apple.com\/es\/privacy\/use-of-cookies\/&amp;source=gmail&amp;ust=1736845226858000&amp;usg=AOvVaw2vivYVC882djl3-g5L4oAe\">Safari<\/a><\/span><\/li><\/ul><h2>Cookie policy updates<\/h2><p>It is possible that updates may be made to the Cookies Policy of our website, so we recommend that you periodically review this policy in order to be properly informed about how and for what purpose we use cookies.<\/p>\t\t\t\t\t\t\t\t<\/div>\n\t\t\t\t<\/div>\n\t\t\t\t\t<\/div>\n\t\t<\/div>\n\t\t\t\t\t<\/div>\n\t\t<\/section>\n\t\t\t\t<\/div>","protected":false},"excerpt":{"rendered":"<p>Pol\u00edtica de cookies Le ofrecemos la siguiente informaci\u00f3n en cumplimiento de las obligaciones previstas en el apartado segundo del articulo 22 de la Ley 34\/2002, de 11 de julio, de servicios de la sociedad de la informaci\u00f3n y de comercio electr\u00f3nico, tras su modificaci\u00f3n por el Real Decreto- ley 13\/2012, de 30 de marzo. \u00bfQu\u00e9 [&hellip;]<\/p>\n","protected":false},"author":1,"featured_media":0,"parent":0,"menu_order":0,"comment_status":"closed","ping_status":"closed","template":"elementor_header_footer","meta":{"footnotes":""},"class_list":["post-1551","page","type-page","status-publish","hentry"],"yoast_head":"<!-- This site is optimized with the Yoast SEO plugin v27.4 - https:\/\/yoast.com\/product\/yoast-seo-wordpress\/ -->\n<title>Pol\u00edtica de cookies - Hidral<\/title>\n<meta name=\"robots\" content=\"index, follow, max-snippet:-1, max-image-preview:large, max-video-preview:-1\" \/>\n<link rel=\"canonical\" href=\"https:\/\/hidral.com\/en\/politica-de-cookies\/\" \/>\n<meta property=\"og:locale\" content=\"en_GB\" \/>\n<meta property=\"og:type\" content=\"article\" \/>\n<meta property=\"og:title\" content=\"Pol\u00edtica de cookies - Hidral\" \/>\n<meta property=\"og:description\" content=\"Pol\u00edtica de cookies Le ofrecemos la siguiente informaci\u00f3n en cumplimiento de las obligaciones previstas en el apartado segundo del articulo 22 de la Ley 34\/2002, de 11 de julio, de servicios de la sociedad de la informaci\u00f3n y de comercio electr\u00f3nico, tras su modificaci\u00f3n por el Real Decreto- ley 13\/2012, de 30 de marzo. \u00bfQu\u00e9 [&hellip;]\" \/>\n<meta property=\"og:url\" content=\"https:\/\/hidral.com\/en\/politica-de-cookies\/\" \/>\n<meta property=\"og:site_name\" content=\"Hidral\" \/>\n<meta property=\"article:modified_time\" content=\"2025-12-10T08:22:10+00:00\" \/>\n<meta name=\"twitter:card\" content=\"summary_large_image\" \/>\n<meta name=\"twitter:label1\" content=\"Estimated reading time\" \/>\n\t<meta name=\"twitter:data1\" content=\"3 minutes\" \/>\n<script type=\"application\/ld+json\" class=\"yoast-schema-graph\">{\"@context\":\"https:\\\/\\\/schema.org\",\"@graph\":[{\"@type\":\"WebPage\",\"@id\":\"https:\\\/\\\/hidral.com\\\/politica-de-cookies\\\/\",\"url\":\"https:\\\/\\\/hidral.com\\\/politica-de-cookies\\\/\",\"name\":\"Pol\u00edtica de cookies - Hidral\",\"isPartOf\":{\"@id\":\"https:\\\/\\\/hidral.com\\\/fr\\\/#website\"},\"datePublished\":\"2025-01-13T09:04:39+00:00\",\"dateModified\":\"2025-12-10T08:22:10+00:00\",\"breadcrumb\":{\"@id\":\"https:\\\/\\\/hidral.com\\\/politica-de-cookies\\\/#breadcrumb\"},\"inLanguage\":\"en-GB\",\"potentialAction\":[{\"@type\":\"ReadAction\",\"target\":[\"https:\\\/\\\/hidral.com\\\/politica-de-cookies\\\/\"]}]},{\"@type\":\"BreadcrumbList\",\"@id\":\"https:\\\/\\\/hidral.com\\\/politica-de-cookies\\\/#breadcrumb\",\"itemListElement\":[{\"@type\":\"ListItem\",\"position\":1,\"name\":\"Portada\",\"item\":\"https:\\\/\\\/hidral.com\\\/fr\\\/\"},{\"@type\":\"ListItem\",\"position\":2,\"name\":\"Pol\u00edtica de cookies\"}]},{\"@type\":\"WebSite\",\"@id\":\"https:\\\/\\\/hidral.com\\\/fr\\\/#website\",\"url\":\"https:\\\/\\\/hidral.com\\\/fr\\\/\",\"name\":\"Hidral\",\"description\":\"Soluciones globales para la elevaci\u00f3n\",\"publisher\":{\"@id\":\"https:\\\/\\\/hidral.com\\\/fr\\\/#organization\"},\"potentialAction\":[{\"@type\":\"SearchAction\",\"target\":{\"@type\":\"EntryPoint\",\"urlTemplate\":\"https:\\\/\\\/hidral.com\\\/fr\\\/?s={search_term_string}\"},\"query-input\":{\"@type\":\"PropertyValueSpecification\",\"valueRequired\":true,\"valueName\":\"search_term_string\"}}],\"inLanguage\":\"en-GB\"},{\"@type\":\"Organization\",\"@id\":\"https:\\\/\\\/hidral.com\\\/fr\\\/#organization\",\"name\":\"Hidral\",\"url\":\"https:\\\/\\\/hidral.com\\\/fr\\\/\",\"logo\":{\"@type\":\"ImageObject\",\"inLanguage\":\"en-GB\",\"@id\":\"https:\\\/\\\/hidral.com\\\/fr\\\/#\\\/schema\\\/logo\\\/image\\\/\",\"url\":\"https:\\\/\\\/hidral.com\\\/wp-content\\\/uploads\\\/2025\\\/01\\\/icono-hidral-02.svg\",\"contentUrl\":\"https:\\\/\\\/hidral.com\\\/wp-content\\\/uploads\\\/2025\\\/01\\\/icono-hidral-02.svg\",\"caption\":\"Hidral\"},\"image\":{\"@id\":\"https:\\\/\\\/hidral.com\\\/fr\\\/#\\\/schema\\\/logo\\\/image\\\/\"}}]}<\/script>\n<!-- \/ Yoast SEO plugin. -->","yoast_head_json":{"title":"Cookies policy - Hidral","robots":{"index":"index","follow":"follow","max-snippet":"max-snippet:-1","max-image-preview":"max-image-preview:large","max-video-preview":"max-video-preview:-1"},"canonical":"https:\/\/hidral.com\/en\/politica-de-cookies\/","og_locale":"en_GB","og_type":"article","og_title":"Pol\u00edtica de cookies - Hidral","og_description":"Pol\u00edtica de cookies Le ofrecemos la siguiente informaci\u00f3n en cumplimiento de las obligaciones previstas en el apartado segundo del articulo 22 de la Ley 34\/2002, de 11 de julio, de servicios de la sociedad de la informaci\u00f3n y de comercio electr\u00f3nico, tras su modificaci\u00f3n por el Real Decreto- ley 13\/2012, de 30 de marzo. \u00bfQu\u00e9 [&hellip;]","og_url":"https:\/\/hidral.com\/en\/politica-de-cookies\/","og_site_name":"Hidral","article_modified_time":"2025-12-10T08:22:10+00:00","twitter_card":"summary_large_image","twitter_misc":{"Estimated reading time":"3 minutes"},"schema":{"@context":"https:\/\/schema.org","@graph":[{"@type":"WebPage","@id":"https:\/\/hidral.com\/politica-de-cookies\/","url":"https:\/\/hidral.com\/politica-de-cookies\/","name":"Cookies policy - Hidral","isPartOf":{"@id":"https:\/\/hidral.com\/fr\/#website"},"datePublished":"2025-01-13T09:04:39+00:00","dateModified":"2025-12-10T08:22:10+00:00","breadcrumb":{"@id":"https:\/\/hidral.com\/politica-de-cookies\/#breadcrumb"},"inLanguage":"en-GB","potentialAction":[{"@type":"ReadAction","target":["https:\/\/hidral.com\/politica-de-cookies\/"]}]},{"@type":"BreadcrumbList","@id":"https:\/\/hidral.com\/politica-de-cookies\/#breadcrumb","itemListElement":[{"@type":"ListItem","position":1,"name":"Portada","item":"https:\/\/hidral.com\/fr\/"},{"@type":"ListItem","position":2,"name":"Pol\u00edtica de cookies"}]},{"@type":"WebSite","@id":"https:\/\/hidral.com\/fr\/#website","url":"https:\/\/hidral.com\/fr\/","name":"Hidral","description":"Global solutions for lifting","publisher":{"@id":"https:\/\/hidral.com\/fr\/#organization"},"potentialAction":[{"@type":"SearchAction","target":{"@type":"EntryPoint","urlTemplate":"https:\/\/hidral.com\/fr\/?s={search_term_string}"},"query-input":{"@type":"PropertyValueSpecification","valueRequired":true,"valueName":"search_term_string"}}],"inLanguage":"en-GB"},{"@type":"Organization","@id":"https:\/\/hidral.com\/fr\/#organization","name":"Hidral","url":"https:\/\/hidral.com\/fr\/","logo":{"@type":"ImageObject","inLanguage":"en-GB","@id":"https:\/\/hidral.com\/fr\/#\/schema\/logo\/image\/","url":"https:\/\/hidral.com\/wp-content\/uploads\/2025\/01\/icono-hidral-02.svg","contentUrl":"https:\/\/hidral.com\/wp-content\/uploads\/2025\/01\/icono-hidral-02.svg","caption":"Hidral"},"image":{"@id":"https:\/\/hidral.com\/fr\/#\/schema\/logo\/image\/"}}]}},"_links":{"self":[{"href":"https:\/\/hidral.com\/en\/wp-json\/wp\/v2\/pages\/1551","targetHints":{"allow":["GET"]}}],"collection":[{"href":"https:\/\/hidral.com\/en\/wp-json\/wp\/v2\/pages"}],"about":[{"href":"https:\/\/hidral.com\/en\/wp-json\/wp\/v2\/types\/page"}],"author":[{"embeddable":true,"href":"https:\/\/hidral.com\/en\/wp-json\/wp\/v2\/users\/1"}],"replies":[{"embeddable":true,"href":"https:\/\/hidral.com\/en\/wp-json\/wp\/v2\/comments?post=1551"}],"version-history":[{"count":13,"href":"https:\/\/hidral.com\/en\/wp-json\/wp\/v2\/pages\/1551\/revisions"}],"predecessor-version":[{"id":5498,"href":"https:\/\/hidral.com\/en\/wp-json\/wp\/v2\/pages\/1551\/revisions\/5498"}],"wp:attachment":[{"href":"https:\/\/hidral.com\/en\/wp-json\/wp\/v2\/media?parent=1551"}],"curies":[{"name":"wp","href":"https:\/\/api.w.org\/{rel}","templated":true}]}}